{"id":22100,"date":"2026-02-05T10:05:18","date_gmt":"2026-02-05T09:05:18","guid":{"rendered":"https:\/\/www.e20srl.com\/?post_type=product&#038;p=22100"},"modified":"2026-05-08T10:33:27","modified_gmt":"2026-05-08T08:33:27","slug":"restauri-diretti-ed-indiretti-qualita-ottimizzazione-dei-tempi","status":"publish","type":"product","link":"https:\/\/www.e20srl.com\/en\/prodotti\/restauri-diretti-ed-indiretti-qualita-ottimizzazione-dei-tempi\/","title":{"rendered":"Dott. Tacchini &#8211; Qualit\u00e0 &#038; ottimizzazione dei tempi"},"content":{"rendered":"<h5><\/h5>\n<h5 style=\"color: #2e3192;\"><strong><img fetchpriority=\"high\" decoding=\"async\" class=\"wp-image-35749 alignnone\" src=\"https:\/\/www.e20srl.com\/wp-content\/uploads\/2025\/02\/FAD-2026-Qualita-e-ottimizzazione-dei-tempi-Tacchini-rev.1_Pagina_1-1.jpg\" alt=\"\" width=\"719\" height=\"719\" \/><\/strong><\/h5>\n<h5><\/h5>\n<h5><\/h5>\n<h5><\/h5>\n<h5><\/h5>\n<h5><\/h5>\n<h5><\/h5>\n<h5><\/h5>\n<h5><\/h5>\n<h5><\/h5>\n<h5><\/h5>\n<h5><\/h5>\n<h5><\/h5>\n<h5><\/h5>\n<h5><\/h5>\n<h5><\/h5>\n<h5><\/h5>\n<h5><img decoding=\"async\" class=\"size-full wp-image-35719 alignnone\" src=\"https:\/\/www.e20srl.com\/wp-content\/uploads\/2026\/02\/2_Marzo-Dicembre-2026.png\" alt=\"\" width=\"2400\" height=\"2400\" \/> <img decoding=\"async\" class=\"size-full wp-image-35717 alignnone\" src=\"https:\/\/www.e20srl.com\/wp-content\/uploads\/2026\/02\/1_50-Crediti-ECM-in-Odontoiatria-Restaurativa.png\" alt=\"\" width=\"2400\" height=\"2400\" \/> <img loading=\"lazy\" decoding=\"async\" class=\"size-full wp-image-35721 alignnone\" src=\"https:\/\/www.e20srl.com\/wp-content\/uploads\/2026\/02\/3_Il-Tuo-Docente.png\" alt=\"\" width=\"2400\" height=\"2400\" \/> <img loading=\"lazy\" decoding=\"async\" class=\"size-full wp-image-35723 alignnone\" src=\"https:\/\/www.e20srl.com\/wp-content\/uploads\/2026\/02\/4_Obiettivi-del-Corso.png\" alt=\"\" width=\"2400\" height=\"2400\" \/> <img loading=\"lazy\" decoding=\"async\" class=\"size-full wp-image-35725 alignnone\" src=\"https:\/\/www.e20srl.com\/wp-content\/uploads\/2026\/02\/5_Programma-Perni-in-Fibra.png\" alt=\"\" width=\"2400\" height=\"2400\" \/> <img loading=\"lazy\" decoding=\"async\" class=\"size-full wp-image-35727 alignnone\" src=\"https:\/\/www.e20srl.com\/wp-content\/uploads\/2026\/02\/6_Intarsi-e-Build-Up.png\" alt=\"\" width=\"2400\" height=\"2400\" \/> <img loading=\"lazy\" decoding=\"async\" class=\"size-full wp-image-35729 alignnone\" src=\"https:\/\/www.e20srl.com\/wp-content\/uploads\/2026\/02\/7_Tecniche-Avanzate.png\" alt=\"\" width=\"2400\" height=\"2400\" \/> <img loading=\"lazy\" decoding=\"async\" class=\"size-full wp-image-35731 alignnone\" src=\"https:\/\/www.e20srl.com\/wp-content\/uploads\/2026\/02\/8_Modalita-di-Iscrizione.png\" alt=\"\" width=\"2400\" height=\"2400\" \/> <img loading=\"lazy\" decoding=\"async\" class=\"size-full wp-image-35733 alignnone\" src=\"https:\/\/www.e20srl.com\/wp-content\/uploads\/2026\/02\/9_Dettagli-Pratici.png\" alt=\"\" width=\"2400\" height=\"2400\" \/> <img loading=\"lazy\" decoding=\"async\" class=\"size-full wp-image-35735 alignnone\" src=\"https:\/\/www.e20srl.com\/wp-content\/uploads\/2026\/02\/10_Inizia-il-Tuo-Percorso-Formativo.png\" alt=\"\" width=\"2400\" height=\"2400\" \/><\/h5>\n<h5><\/h5>\n<h5><\/h5>\n<h5><\/h5>\n<h5><\/h5>\n<h5 style=\"color: #2e3192;\"><strong>ABSTRACT<\/strong><\/h5>\n<p><b>\u00a0<\/b>Scopo del fad sar\u00e0 quello di approfondire i diversi ambiti dell\u2019odontoiatria restaurativa diretta e indiretta, soprattutto attraverso le 50 ore di attivit\u00e0 virtuale. Il fine sar\u00e0 quello di suggerire consigli pratici per affrontare con serenit\u00e0 e successo l\u2019attivit\u00e0 clinica quotidiana, evitando sprechi di tempo e rendendo semplice e snello per tutti il processo di recupero dell\u2019elemento dentale compromesso. Il corso \u00e8 costruito ad hoc per permettere a tutti i corsisti di applicare da subito sul paziente quanto illustrato e realizzato manualmente nel corso<span class=\"Apple-converted-space\">\u00a0<\/span><\/p>\n<p>&nbsp;<\/p>\n<h5 style=\"color: #2e3192;\"><strong>PROGRAMMA DEL CORSO<\/strong><\/h5>\n<ul>\n<li><strong>Perni in fibra<\/strong><br \/>\nCome, quando, perch\u00e9 vanno utilizzati. Cementazione e materiali per rendere la de cementazione un<br \/>\nevento impossibile. Quale perno scegliere e quando il perno \u00e8 veramente necessario? La valutazione<br \/>\ndell\u2019effetto ferula.<\/li>\n<li><strong>Gli intarsi in composito o ceramica<\/strong><br \/>\nQuando e come proporli. I benefici e i limiti.<\/li>\n<li><strong>Build up<\/strong><br \/>\nCome realizzarlo e come rifinirlo in casi semplici ed estremi. Quando scegliere tra rialzo del gradino<br \/>\ncervicale e allungamento chirurgico di corona clinica.<\/li>\n<li><strong>Presa dell\u2019impronta<\/strong><br \/>\nI materiali ed i sistemi adeguati per ottenere intarsi di estrema precisione.<\/li>\n<li><strong>Realizzazione dell\u2019intarsio<\/strong><br \/>\nGestione dell\u2019anatomia e dei punti di contatto.<\/li>\n<li><strong>Cementazione e rifinitura dell\u2019intarsio<\/strong><br \/>\n3 step per evitare imprecisioni e debordi.<\/li>\n<\/ul>\n<p>&nbsp;<\/p>\n<h5 style=\"color: #2e3192;\"><strong>DESTINATARI DEL CORSO<\/strong><\/h5>\n<p>Figure professionali accreditate: Odontoiatri.<\/p>\n<p>&nbsp;<\/p>\n<h5 style=\"color: #2e3192;\"><strong>MODALITA\u2019 DI SVOLGIMENTO<\/strong><\/h5>\n<p>Le attivit\u00e0 si svolgeranno\u00a0<strong>in FAD<\/strong>.<\/p>\n<table style=\"border-collapse: collapse; width: 99.9203%; height: 103px;\">\n<tbody>\n<tr style=\"background-color: #cfebfe;\">\n<td style=\"width: 100%; text-align: left;\">Per coloro che hanno scelto il pagamento tramite bonifico bancario, si informa che essendo un corso pratico con posti limitati, l\u2019iscrizione sar\u00e0 considerata valida se seguita entro 5gg. dalla prenotazione, dalla contabile del pagamento. Diversamente, la prenotazione sar\u00e0 automaticamente cancellata.<\/td>\n<\/tr>\n<\/tbody>\n<\/table>\n<p>&nbsp;<\/p>\n<h5 style=\"color: #2e3192;\"><strong>POLICY DI CANCELLAZIONE<\/strong><\/h5>\n<p class=\"column\">In caso di mancata partecipazione verr\u00e0 effettuato un rimborso al netto dei diritti di Segreteria (50% della quota di iscrizione iva compresa) solo se la disdetta scritta sar\u00e0 pervenuta alla Segreteria entro e non oltre 15 giorni lavorativi prima dallo svolgimento dell\u2019evento per comprovati motivi. Le iscrizioni saranno ritenute valide solo se accompagnate dalla quota di iscrizione o dalla ricevuta del bonifico.<\/p>\n","protected":false},"excerpt":{"rendered":"<h5>50 CREDITI ECM<\/h5>\n<p>Valido fino al 31\/12\/2026<\/p>\n<h5><span style=\"color: #2e3192;\">Quota di iscrizione:<\/span><br \/>\n<span style=\"color: #2e3192;\"><strong>\u20ac 732,00<br \/>\n<\/strong><\/span><\/h5>\n<p><span style=\"color: #000000;\">I prezzi si intendono comprensivi di IVA.<\/span><\/p>\n<p><a href=\"https:\/\/www.e20srl.com\/area-privata\/index.php?id=2548&amp;iscrizione=1\"><img loading=\"lazy\" decoding=\"async\" class=\"alignnone wp-image-22052 size-full\" src=\"https:\/\/www.e20srl.com\/wp-content\/uploads\/2023\/10\/pulsante-acquista.png\" alt=\"pulsante acquista\" width=\"395\" height=\"72\" \/><\/a><\/p>\n","protected":false},"featured_media":35745,"menu_order":139,"template":"","meta":{"_monsterinsights_skip_tracking":false,"_monsterinsights_sitenote_active":false,"_monsterinsights_sitenote_note":"","_monsterinsights_sitenote_category":0},"product_brand":[],"product_cat":[644,606,604,680],"product_tag":[656],"class_list":{"0":"post-22100","1":"product","2":"type-product","3":"status-publish","4":"has-post-thumbnail","6":"product_cat-fad","7":"product_cat-igienisti-dentali","8":"product_cat-odontoiatri","9":"product_cat-tutte-le-professioni-2","10":"product_tag-fad","12":"first","13":"instock","14":"shipping-taxable","15":"product-type-simple"},"yoast_head":"<!-- This site is optimized with the Yoast SEO plugin v27.6 - https:\/\/yoast.com\/product\/yoast-seo-wordpress\/ -->\n<title>Dott. Tacchini - Qualit\u00e0 &amp; ottimizzazione dei tempi | e20<\/title>\n<meta name=\"description\" content=\"Il corso \u00e8 costruito ad hoc per permettere a tutti i corsisti di applicare da subito sul paziente quanto illustrato e realizzato manualmente nel corso.\" \/>\n<meta name=\"robots\" content=\"index, follow, max-snippet:-1, max-image-preview:large, max-video-preview:-1\" \/>\n<link rel=\"canonical\" href=\"https:\/\/www.e20srl.com\/en\/prodotti\/restauri-diretti-ed-indiretti-qualita-ottimizzazione-dei-tempi\/\" \/>\n<meta property=\"og:locale\" content=\"en_US\" \/>\n<meta property=\"og:type\" content=\"article\" \/>\n<meta property=\"og:title\" content=\"Dott. Tacchini - Qualit\u00e0 &amp; ottimizzazione dei tempi | e20\" \/>\n<meta property=\"og:description\" content=\"Il corso \u00e8 costruito ad hoc per permettere a tutti i corsisti di applicare da subito sul paziente quanto illustrato e realizzato manualmente nel corso.\" \/>\n<meta property=\"og:url\" content=\"https:\/\/www.e20srl.com\/en\/prodotti\/restauri-diretti-ed-indiretti-qualita-ottimizzazione-dei-tempi\/\" \/>\n<meta property=\"og:site_name\" content=\"e20\" \/>\n<meta property=\"article:publisher\" content=\"https:\/\/www.facebook.com\/e20srl\" \/>\n<meta property=\"article:modified_time\" content=\"2026-05-08T08:33:27+00:00\" \/>\n<meta property=\"og:image\" content=\"https:\/\/www.e20srl.com\/wp-content\/uploads\/2025\/02\/FAD-2026-Qualita-e-ottimizzazione-dei-tempi-Tacchini-rev.1_Pagina_1.jpg\" \/>\n\t<meta property=\"og:image:width\" content=\"1654\" \/>\n\t<meta property=\"og:image:height\" content=\"1654\" \/>\n\t<meta property=\"og:image:type\" content=\"image\/jpeg\" \/>\n<meta name=\"twitter:card\" content=\"summary_large_image\" \/>\n<meta name=\"twitter:label1\" content=\"Est. reading time\" \/>\n\t<meta name=\"twitter:data1\" content=\"5 minutes\" \/>\n<script type=\"application\/ld+json\" class=\"yoast-schema-graph\">{\"@context\":\"https:\\\/\\\/schema.org\",\"@graph\":[{\"@type\":\"WebPage\",\"@id\":\"https:\\\/\\\/www.e20srl.com\\\/en\\\/prodotti\\\/restauri-diretti-ed-indiretti-qualita-ottimizzazione-dei-tempi\\\/\",\"url\":\"https:\\\/\\\/www.e20srl.com\\\/en\\\/prodotti\\\/restauri-diretti-ed-indiretti-qualita-ottimizzazione-dei-tempi\\\/\",\"name\":\"Dott. Tacchini - Qualit\u00e0 & ottimizzazione dei tempi | e20\",\"isPartOf\":{\"@id\":\"https:\\\/\\\/www.e20srl.com\\\/en\\\/#website\"},\"primaryImageOfPage\":{\"@id\":\"https:\\\/\\\/www.e20srl.com\\\/en\\\/prodotti\\\/restauri-diretti-ed-indiretti-qualita-ottimizzazione-dei-tempi\\\/#primaryimage\"},\"image\":{\"@id\":\"https:\\\/\\\/www.e20srl.com\\\/en\\\/prodotti\\\/restauri-diretti-ed-indiretti-qualita-ottimizzazione-dei-tempi\\\/#primaryimage\"},\"thumbnailUrl\":\"https:\\\/\\\/www.e20srl.com\\\/wp-content\\\/uploads\\\/2025\\\/02\\\/FAD-2026-Qualita-e-ottimizzazione-dei-tempi-Tacchini-rev.1_Pagina_1.jpg\",\"datePublished\":\"2026-02-05T09:05:18+00:00\",\"dateModified\":\"2026-05-08T08:33:27+00:00\",\"description\":\"Il corso \u00e8 costruito ad hoc per permettere a tutti i corsisti di applicare da subito sul paziente quanto illustrato e realizzato manualmente nel corso.\",\"breadcrumb\":{\"@id\":\"https:\\\/\\\/www.e20srl.com\\\/en\\\/prodotti\\\/restauri-diretti-ed-indiretti-qualita-ottimizzazione-dei-tempi\\\/#breadcrumb\"},\"inLanguage\":\"en-US\",\"potentialAction\":[{\"@type\":\"ReadAction\",\"target\":[\"https:\\\/\\\/www.e20srl.com\\\/en\\\/prodotti\\\/restauri-diretti-ed-indiretti-qualita-ottimizzazione-dei-tempi\\\/\"]}]},{\"@type\":\"ImageObject\",\"inLanguage\":\"en-US\",\"@id\":\"https:\\\/\\\/www.e20srl.com\\\/en\\\/prodotti\\\/restauri-diretti-ed-indiretti-qualita-ottimizzazione-dei-tempi\\\/#primaryimage\",\"url\":\"https:\\\/\\\/www.e20srl.com\\\/wp-content\\\/uploads\\\/2025\\\/02\\\/FAD-2026-Qualita-e-ottimizzazione-dei-tempi-Tacchini-rev.1_Pagina_1.jpg\",\"contentUrl\":\"https:\\\/\\\/www.e20srl.com\\\/wp-content\\\/uploads\\\/2025\\\/02\\\/FAD-2026-Qualita-e-ottimizzazione-dei-tempi-Tacchini-rev.1_Pagina_1.jpg\",\"width\":1654,\"height\":1654},{\"@type\":\"BreadcrumbList\",\"@id\":\"https:\\\/\\\/www.e20srl.com\\\/en\\\/prodotti\\\/restauri-diretti-ed-indiretti-qualita-ottimizzazione-dei-tempi\\\/#breadcrumb\",\"itemListElement\":[{\"@type\":\"ListItem\",\"position\":1,\"name\":\"Home\",\"item\":\"https:\\\/\\\/www.e20srl.com\\\/en\\\/\"},{\"@type\":\"ListItem\",\"position\":2,\"name\":\"Shop\",\"item\":\"https:\\\/\\\/www.e20srl.com\\\/en\\\/shop-2\\\/\"},{\"@type\":\"ListItem\",\"position\":3,\"name\":\"Dott. Tacchini &#8211; Qualit\u00e0 &#038; ottimizzazione dei tempi\"}]},{\"@type\":\"WebSite\",\"@id\":\"https:\\\/\\\/www.e20srl.com\\\/en\\\/#website\",\"url\":\"https:\\\/\\\/www.e20srl.com\\\/en\\\/\",\"name\":\"e20\",\"description\":\"Congressi e Corsi in presenza, FAD, webinar di Eccellenza per Odontoiatra, Igienista dentale, ASO\",\"publisher\":{\"@id\":\"https:\\\/\\\/www.e20srl.com\\\/en\\\/#organization\"},\"potentialAction\":[{\"@type\":\"SearchAction\",\"target\":{\"@type\":\"EntryPoint\",\"urlTemplate\":\"https:\\\/\\\/www.e20srl.com\\\/en\\\/?s={search_term_string}\"},\"query-input\":{\"@type\":\"PropertyValueSpecification\",\"valueRequired\":true,\"valueName\":\"search_term_string\"}}],\"inLanguage\":\"en-US\"},{\"@type\":\"Organization\",\"@id\":\"https:\\\/\\\/www.e20srl.com\\\/en\\\/#organization\",\"name\":\"e20 s.r.l.\",\"url\":\"https:\\\/\\\/www.e20srl.com\\\/en\\\/\",\"logo\":{\"@type\":\"ImageObject\",\"inLanguage\":\"en-US\",\"@id\":\"https:\\\/\\\/www.e20srl.com\\\/en\\\/#\\\/schema\\\/logo\\\/image\\\/\",\"url\":\"https:\\\/\\\/www.e20srl.com\\\/wp-content\\\/uploads\\\/2022\\\/10\\\/e20-icona.png\",\"contentUrl\":\"https:\\\/\\\/www.e20srl.com\\\/wp-content\\\/uploads\\\/2022\\\/10\\\/e20-icona.png\",\"width\":512,\"height\":512,\"caption\":\"e20 s.r.l.\"},\"image\":{\"@id\":\"https:\\\/\\\/www.e20srl.com\\\/en\\\/#\\\/schema\\\/logo\\\/image\\\/\"},\"sameAs\":[\"https:\\\/\\\/www.facebook.com\\\/e20srl\",\"https:\\\/\\\/www.instagram.com\\\/e20.srl\\\/\",\"https:\\\/\\\/www.youtube.com\\\/channel\\\/UCFK9MwMuURf-lxw-ca0PNHw\",\"https:\\\/\\\/www.linkedin.com\\\/company\\\/e20-srl\\\/about\\\/\"]}]}<\/script>\n<!-- \/ Yoast SEO plugin. -->","yoast_head_json":{"title":"Dott. Tacchini - Qualit\u00e0 & ottimizzazione dei tempi | e20","description":"Il corso \u00e8 costruito ad hoc per permettere a tutti i corsisti di applicare da subito sul paziente quanto illustrato e realizzato manualmente nel corso.","robots":{"index":"index","follow":"follow","max-snippet":"max-snippet:-1","max-image-preview":"max-image-preview:large","max-video-preview":"max-video-preview:-1"},"canonical":"https:\/\/www.e20srl.com\/en\/prodotti\/restauri-diretti-ed-indiretti-qualita-ottimizzazione-dei-tempi\/","og_locale":"en_US","og_type":"article","og_title":"Dott. Tacchini - Qualit\u00e0 & ottimizzazione dei tempi | e20","og_description":"Il corso \u00e8 costruito ad hoc per permettere a tutti i corsisti di applicare da subito sul paziente quanto illustrato e realizzato manualmente nel corso.","og_url":"https:\/\/www.e20srl.com\/en\/prodotti\/restauri-diretti-ed-indiretti-qualita-ottimizzazione-dei-tempi\/","og_site_name":"e20","article_publisher":"https:\/\/www.facebook.com\/e20srl","article_modified_time":"2026-05-08T08:33:27+00:00","og_image":[{"width":1654,"height":1654,"url":"https:\/\/www.e20srl.com\/wp-content\/uploads\/2025\/02\/FAD-2026-Qualita-e-ottimizzazione-dei-tempi-Tacchini-rev.1_Pagina_1.jpg","type":"image\/jpeg"}],"twitter_card":"summary_large_image","twitter_misc":{"Est. reading time":"5 minutes"},"schema":{"@context":"https:\/\/schema.org","@graph":[{"@type":"WebPage","@id":"https:\/\/www.e20srl.com\/en\/prodotti\/restauri-diretti-ed-indiretti-qualita-ottimizzazione-dei-tempi\/","url":"https:\/\/www.e20srl.com\/en\/prodotti\/restauri-diretti-ed-indiretti-qualita-ottimizzazione-dei-tempi\/","name":"Dott. Tacchini - Qualit\u00e0 & ottimizzazione dei tempi | e20","isPartOf":{"@id":"https:\/\/www.e20srl.com\/en\/#website"},"primaryImageOfPage":{"@id":"https:\/\/www.e20srl.com\/en\/prodotti\/restauri-diretti-ed-indiretti-qualita-ottimizzazione-dei-tempi\/#primaryimage"},"image":{"@id":"https:\/\/www.e20srl.com\/en\/prodotti\/restauri-diretti-ed-indiretti-qualita-ottimizzazione-dei-tempi\/#primaryimage"},"thumbnailUrl":"https:\/\/www.e20srl.com\/wp-content\/uploads\/2025\/02\/FAD-2026-Qualita-e-ottimizzazione-dei-tempi-Tacchini-rev.1_Pagina_1.jpg","datePublished":"2026-02-05T09:05:18+00:00","dateModified":"2026-05-08T08:33:27+00:00","description":"Il corso \u00e8 costruito ad hoc per permettere a tutti i corsisti di applicare da subito sul paziente quanto illustrato e realizzato manualmente nel corso.","breadcrumb":{"@id":"https:\/\/www.e20srl.com\/en\/prodotti\/restauri-diretti-ed-indiretti-qualita-ottimizzazione-dei-tempi\/#breadcrumb"},"inLanguage":"en-US","potentialAction":[{"@type":"ReadAction","target":["https:\/\/www.e20srl.com\/en\/prodotti\/restauri-diretti-ed-indiretti-qualita-ottimizzazione-dei-tempi\/"]}]},{"@type":"ImageObject","inLanguage":"en-US","@id":"https:\/\/www.e20srl.com\/en\/prodotti\/restauri-diretti-ed-indiretti-qualita-ottimizzazione-dei-tempi\/#primaryimage","url":"https:\/\/www.e20srl.com\/wp-content\/uploads\/2025\/02\/FAD-2026-Qualita-e-ottimizzazione-dei-tempi-Tacchini-rev.1_Pagina_1.jpg","contentUrl":"https:\/\/www.e20srl.com\/wp-content\/uploads\/2025\/02\/FAD-2026-Qualita-e-ottimizzazione-dei-tempi-Tacchini-rev.1_Pagina_1.jpg","width":1654,"height":1654},{"@type":"BreadcrumbList","@id":"https:\/\/www.e20srl.com\/en\/prodotti\/restauri-diretti-ed-indiretti-qualita-ottimizzazione-dei-tempi\/#breadcrumb","itemListElement":[{"@type":"ListItem","position":1,"name":"Home","item":"https:\/\/www.e20srl.com\/en\/"},{"@type":"ListItem","position":2,"name":"Shop","item":"https:\/\/www.e20srl.com\/en\/shop-2\/"},{"@type":"ListItem","position":3,"name":"Dott. Tacchini &#8211; Qualit\u00e0 &#038; ottimizzazione dei tempi"}]},{"@type":"WebSite","@id":"https:\/\/www.e20srl.com\/en\/#website","url":"https:\/\/www.e20srl.com\/en\/","name":"e20","description":"Congressi e Corsi in presenza, FAD, webinar di Eccellenza per Odontoiatra, Igienista dentale, ASO","publisher":{"@id":"https:\/\/www.e20srl.com\/en\/#organization"},"potentialAction":[{"@type":"SearchAction","target":{"@type":"EntryPoint","urlTemplate":"https:\/\/www.e20srl.com\/en\/?s={search_term_string}"},"query-input":{"@type":"PropertyValueSpecification","valueRequired":true,"valueName":"search_term_string"}}],"inLanguage":"en-US"},{"@type":"Organization","@id":"https:\/\/www.e20srl.com\/en\/#organization","name":"e20 s.r.l.","url":"https:\/\/www.e20srl.com\/en\/","logo":{"@type":"ImageObject","inLanguage":"en-US","@id":"https:\/\/www.e20srl.com\/en\/#\/schema\/logo\/image\/","url":"https:\/\/www.e20srl.com\/wp-content\/uploads\/2022\/10\/e20-icona.png","contentUrl":"https:\/\/www.e20srl.com\/wp-content\/uploads\/2022\/10\/e20-icona.png","width":512,"height":512,"caption":"e20 s.r.l."},"image":{"@id":"https:\/\/www.e20srl.com\/en\/#\/schema\/logo\/image\/"},"sameAs":["https:\/\/www.facebook.com\/e20srl","https:\/\/www.instagram.com\/e20.srl\/","https:\/\/www.youtube.com\/channel\/UCFK9MwMuURf-lxw-ca0PNHw","https:\/\/www.linkedin.com\/company\/e20-srl\/about\/"]}]}},"_links":{"self":[{"href":"https:\/\/www.e20srl.com\/en\/wp-json\/wp\/v2\/product\/22100","targetHints":{"allow":["GET"]}}],"collection":[{"href":"https:\/\/www.e20srl.com\/en\/wp-json\/wp\/v2\/product"}],"about":[{"href":"https:\/\/www.e20srl.com\/en\/wp-json\/wp\/v2\/types\/product"}],"wp:featuredmedia":[{"embeddable":true,"href":"https:\/\/www.e20srl.com\/en\/wp-json\/wp\/v2\/media\/35745"}],"wp:attachment":[{"href":"https:\/\/www.e20srl.com\/en\/wp-json\/wp\/v2\/media?parent=22100"}],"wp:term":[{"taxonomy":"product_brand","embeddable":true,"href":"https:\/\/www.e20srl.com\/en\/wp-json\/wp\/v2\/product_brand?post=22100"},{"taxonomy":"product_cat","embeddable":true,"href":"https:\/\/www.e20srl.com\/en\/wp-json\/wp\/v2\/product_cat?post=22100"},{"taxonomy":"product_tag","embeddable":true,"href":"https:\/\/www.e20srl.com\/en\/wp-json\/wp\/v2\/product_tag?post=22100"}],"curies":[{"name":"wp","href":"https:\/\/api.w.org\/{rel}","templated":true}]}}