{"id":28844,"date":"2024-06-05T15:57:55","date_gmt":"2024-06-05T15:57:55","guid":{"rendered":"https:\/\/www.e20srl.com\/?post_type=product&#038;p=28844"},"modified":"2024-06-05T16:11:05","modified_gmt":"2024-06-05T16:11:05","slug":"dott-vanini-dott-cardarelli-la-bio-odontoiatria-dalla-conservativa-diretta-e-indiretta-allelastodonzia-copy","status":"publish","type":"product","link":"https:\/\/www.e20srl.com\/en\/prodotti\/dott-vanini-dott-cardarelli-la-bio-odontoiatria-dalla-conservativa-diretta-e-indiretta-allelastodonzia-copy\/","title":{"rendered":"Dott. Vanini, Dott. Cardarelli &#8211; La Bio-odontoiatria dalla conservativa diretta e indiretta all&#8217;elastodonzia (Copy)"},"content":{"rendered":"<h5 style=\"color: #2e3192;\"><strong>ABSTRACT<\/strong><\/h5>\n<p><img fetchpriority=\"high\" decoding=\"async\" class=\"alignnone wp-image-27666\" src=\"https:\/\/www.e20srl.com\/wp-content\/uploads\/2024\/01\/CARDARELLI_VANINI.jpg\" alt=\"\" width=\"300\" height=\"300\" \/><\/p>\n<p class=\"column\">Il panorama della moderna odontoiatria \u00e8 caratterizzato sempre pi\u00f9 da una maggiore attenzione ai denti bianchi ed allineati trascurando spesso la funzione e tutto il sistema neuromuscolare e temporo-mandibolare e le terapie proposte oggi sono per lo pi\u00f9 conservative e additive, sfruttando al massimo le tecniche adesive e, attraverso una ortodonzia semplice e miniinvasiva, cercano di ottenere il famoso allineamento dentale tanto desiderato dai pazienti . Spesso, purtroppo, finita la terapia sorgono problemi articolari, vestibolari, miofasciali e recidive in quanto manca il raggiungimento di una occlusione stabile, bilanciata e in armonia con il sistema neuromuscolare e posturale. La moderna evidenza scientifica e l\u2019\u2019evidenza clinica dimostrano chiaramente che l\u2019apparato stomatognatico e\u2019 strettamente correlato a tutto il corpo umano e condiziona l\u2019equilibrio di organi come l\u2019orecchio, l\u2019occhio e il sistema muscoloscheletrico del paziente; in altre parole i disturbi funzionali dell\u2019occlusione, dell\u2019articolazione temporo-mandibolare e dei muscoli masticatori possono provocare disfunzioni in distretti diversi dell\u2019organismo come la la testa, la colonna cervicale, il cingolo scapolare, il bacino, gli arti inferiori e il piede mettendo a dura prova il benessere dei pazienti. Questi disturbi in molti casi sono responsabili di una sintomatologia cos\u00ec dolorosa che pu\u00f2 compromettere in parte o completamente la qualit\u00e0 della vita sia nei bambini che negli adulti che negli anziani. La bio-odontoiatria \u00e8 una evoluzione olistica dell\u2019odontoiatria che utilizza forze ortodontiche e materiali che rispettano la funzione e il sistema articolare e neuromuscolare rendendo la terapia ideale per la salute del paziente. Un disagio occlusale da mancanza di elementi dentari, da posizione forzata dei denti o da superfici occlusali sbilanciate o mancanti di una minima resilienza, crea modificazioni a livello corticale che disturbano la naturale neuroplasticit\u00e0 del sistema cerebrale.<\/p>\n<p><em><strong>Il corso si pone l\u2019obiettivo di fornire al clinico le basi necessarie per un analisi accurata dei casi clinici dal punto vista conservativo, protesico ed ortodontico.<\/strong><\/em><\/p>\n<p>&nbsp;<\/p>\n<h5 style=\"color: #2e3192;\"><strong>PROGRAMMA DEL CORSO<\/strong><\/h5>\n<p><strong>SABATO 30 NOVEMBRE 2024<br \/>\n<\/strong><\/p>\n<p><strong>DOTT. LORENZO VANINI<\/strong><br \/>\nOcclusione e Postura: sindrome posturale<br \/>\nProblematiche correlate al disequilibrio posturale.<br \/>\nArticolazione Temporo Mandibolare.<br \/>\nLe patologie dell\u2019articolazione temporo-mandibolare nelle immagini in risonanza magnetica<br \/>\nIl trattamento delle sindromi posturali<\/p>\n<ul>\n<li>Tipologia e scelta di placche<\/li>\n<li>Casi \u201cmiofasciali\u201d<\/li>\n<li>Casi Ortodontici<\/li>\n<li>Casi Intarsi\/Rialzi<\/li>\n<li>Casi Complessi<\/li>\n<\/ul>\n<p>Fisioterapia: esercizi domiciliari per i pazienti e seduta di fisioterapia consigliata<\/p>\n<p><strong>Dott. Filippo Cardarelli<\/strong><br \/>\nLa Bio-ortodonzia : l\u2019ortodonzia funzionale nel paziente in crescita e nell\u2019adulto<br \/>\nElastodonzia e Occlusione : perch\u00e9 la terapia precoce a partire dalla dentatura decidua<br \/>\nElastodonzia : differenze, vantaggi e limiti rispetto all\u2019ortodontia convenzionale<br \/>\nClassificazione degli apparecchi elastodontici<br \/>\nLa sequenza terapeutica per la correzione della malocclusiuoni scheletriche , dentali e funzionali<br \/>\nIl trattamento delle principali malocclusioni nel paziente in crescita e nell\u2019adulto<br \/>\nIl ruolo della logopedia e della fisioterapia in ortodonzia<br \/>\nRelazione tra la terapia elastodontica e terapia miofunzionale<br \/>\nIl trattamento multidisciplinare<\/p>\n<table style=\"border-collapse: collapse; width: 97.9565%; height: 131px;\">\n<tbody>\n<tr style=\"height: 20px; background-color: #f1f1f1;\">\n<td style=\"width: 8.39191%; height: 20px; text-align: left;\">9.00 &#8211; 11.00<\/td>\n<td style=\"width: 91.6081%; height: 20px; text-align: left;\">Dott. Lorenzo Vanini<\/td>\n<\/tr>\n<tr style=\"height: 21px;\">\n<td style=\"width: 8.39191%; height: 21px; text-align: left;\">11.00 &#8211; 11.30<\/td>\n<td style=\"width: 91.6081%; height: 21px; text-align: left;\">Coffee Break<\/td>\n<\/tr>\n<tr style=\"background-color: #f1f1f1;\">\n<td style=\"width: 8.39191%; text-align: left;\">11.30 &#8211; 13.00<\/td>\n<td style=\"width: 91.6081%; text-align: left;\">Dott. Lorenzo Vanini<\/td>\n<\/tr>\n<tr style=\"height: 20px;\">\n<td style=\"width: 8.39191%; height: 20px; text-align: left;\">13.00 &#8211; 14.00<\/td>\n<td style=\"width: 91.6081%; height: 20px; text-align: left;\">Pausa Libera Lunch<\/td>\n<\/tr>\n<tr style=\"background-color: #f1f1f1;\">\n<td style=\"width: 8.39191%; text-align: left;\">14.00 &#8211; 16.00<\/td>\n<td style=\"width: 91.6081%; text-align: left;\">Dott. Filippo Cardarelli<\/td>\n<\/tr>\n<tr>\n<td style=\"width: 8.39191%; text-align: left;\">16.00 &#8211; 16.30<\/td>\n<td style=\"width: 91.6081%; text-align: left;\">Coffee Break<\/td>\n<\/tr>\n<tr style=\"background-color: #f1f1f1;\">\n<td style=\"width: 8.39191%; text-align: left;\">16.30 &#8211; 18.00<\/td>\n<td style=\"width: 91.6081%; text-align: left;\">Dott. Filippo Cardarelli<\/td>\n<\/tr>\n<\/tbody>\n<\/table>\n<p>&nbsp;<\/p>\n<h5 style=\"color: #2e3192;\"><strong>DESTINATARI DEL CORSO<\/strong><\/h5>\n<p>Figure professionali accreditate: Odontoiatri.<\/p>\n<p>&nbsp;<\/p>\n<h5 style=\"color: #2e3192;\"><strong>MODALITA\u2019 DI SVOLGIMENTO<\/strong><\/h5>\n<p>Le attivit\u00e0 si svolgeranno\u00a0<strong>in presenza<\/strong> nella giornata di <strong>Sabato 30 Novembre 2024<\/strong>.<\/p>\n<table style=\"border-collapse: collapse; width: 99.9203%; height: 103px;\">\n<tbody>\n<tr style=\"background-color: #cfebfe;\">\n<td style=\"width: 100%; text-align: left;\">Per coloro che hanno scelto il pagamento tramite bonifico bancario, si informa che essendo un corso pratico con posti limitati, l\u2019iscrizione sar\u00e0 considerata valida se seguita entro 5gg. dalla prenotazione, dalla contabile del pagamento. Diversamente, la prenotazione sar\u00e0 automaticamente cancellata.<\/td>\n<\/tr>\n<\/tbody>\n<\/table>\n<p>&nbsp;<\/p>\n<h5 style=\"color: #2e3192;\"><strong>POLICY DI CANCELLAZIONE<\/strong><\/h5>\n<p class=\"column\">In caso di mancata partecipazione verr\u00e0 effettuato un rimborso al netto dei diritti di Segreteria (50% della quota di iscrizione iva compresa) solo se la disdetta scritta sar\u00e0 pervenuta alla Segreteria entro e non oltre 15 giorni lavorativi prima dallo svolgimento dell\u2019evento per comprovati motivi. Le iscrizioni saranno ritenute valide solo se accompagnate dalla quota di iscrizione o dalla ricevuta del bonifico.<\/p>\n<p>&nbsp;<\/p>\n<h5 style=\"color: #2e3192;\"><strong><strong>LOCATION<\/strong><\/strong><\/h5>\n<p class=\"wpb_wrapper\">Il corso si svolger\u00e0 presso <span style=\"color: #2e3192;\"><strong><a href=\"https:\/\/www.museoscienza.org\/it\" target=\"_blank\" rel=\"noopener\">Museo Nazionale Scienza e Tecnologia Leonardo da Vinci, Via San Vittore, 21, 20123 Milano MI<\/a><br \/>\n<\/strong><\/span><\/p>\n<p><strong>Carducci Parking in Via Olona 2<\/strong><br \/>\nIl parcheggio a pagamento \u00e8 posizionato a 200 mt. dall&#8217;ingresso principale di via San Vittore e adiacente all&#8217;ingresso del Padiglione Aeronavale in via Olona 6bis.<\/p>\n<p><img decoding=\"async\" class=\"alignnone wp-image-21934 \" src=\"https:\/\/www.e20srl.com\/wp-content\/uploads\/2023\/10\/tecnica.jpg\" alt=\"Museo Nazionale Scienza e Tecnologia Leonardo da Vinci\" width=\"707\" height=\"331\" \/><\/p>\n<p>&nbsp;<\/p>\n<div class=\"mappa-responsive\"><iframe style=\"border: 0;\" src=\"https:\/\/www.google.com\/maps\/embed?pb=!1m18!1m12!1m3!1d2798.3739861704826!2d9.168060976629835!3d45.46226973356693!2m3!1f0!2f0!3f0!3m2!1i1024!2i768!4f13.1!3m3!1m2!1s0x4786c159c26cee9b%3A0x72458fca19e5eb92!2sMuseo%20Nazionale%20Scienza%20e%20Tecnologia%20Leonardo%20da%20Vinci!5e0!3m2!1sit!2sit!4v1706093191488!5m2!1sit!2sit\" width=\"600\" height=\"450\" allowfullscreen=\"allowfullscreen\"><\/iframe><\/div>\n<p>&nbsp;<\/p>\n<h5 style=\"text-align: center; color: #2e3192;\">CON IL CONTRIBUTO INCONDIZIONATO DI:<\/h5>\n<p align=\"center\"><a href=\"https:\/\/micerium.it\/\" target=\"_blank\" rel=\"noopener\"><img decoding=\"async\" class=\"wp-image-21700 alignnone\" src=\"https:\/\/www.e20srl.com\/wp-content\/uploads\/2023\/10\/micerium-300x300.jpg\" alt=\"micerium\" width=\"177\" height=\"177\" srcset=\"https:\/\/www.e20srl.com\/wp-content\/uploads\/2023\/10\/micerium-300x300.jpg 300w, https:\/\/www.e20srl.com\/wp-content\/uploads\/2023\/10\/micerium-600x600.jpg 600w, https:\/\/www.e20srl.com\/wp-content\/uploads\/2023\/10\/micerium-155x155.jpg 155w, https:\/\/www.e20srl.com\/wp-content\/uploads\/2023\/10\/micerium-150x150.jpg 150w, https:\/\/www.e20srl.com\/wp-content\/uploads\/2023\/10\/micerium-768x768.jpg 768w, https:\/\/www.e20srl.com\/wp-content\/uploads\/2023\/10\/micerium-1024x1024.jpg 1024w\" sizes=\"(max-width: 177px) 100vw, 177px\" \/><\/a><a href=\"https:\/\/www.italy.nsk-dental.com\/\" target=\"_blank\" rel=\"noopener\"><img loading=\"lazy\" decoding=\"async\" class=\"wp-image-20557 alignnone\" src=\"https:\/\/www.e20srl.com\/wp-content\/uploads\/2023\/08\/nsk-blu.jpg\" alt=\"logo NSK\" width=\"163\" height=\"75\" srcset=\"https:\/\/www.e20srl.com\/wp-content\/uploads\/2023\/08\/nsk-blu.jpg 1591w, https:\/\/www.e20srl.com\/wp-content\/uploads\/2023\/08\/nsk-blu-300x138.jpg 300w, https:\/\/www.e20srl.com\/wp-content\/uploads\/2023\/08\/nsk-blu-1024x471.jpg 1024w, https:\/\/www.e20srl.com\/wp-content\/uploads\/2023\/08\/nsk-blu-768x353.jpg 768w, https:\/\/www.e20srl.com\/wp-content\/uploads\/2023\/08\/nsk-blu-1536x707.jpg 1536w\" sizes=\"(max-width: 163px) 100vw, 163px\" \/><\/a><\/p>\n<p>&nbsp;<\/p>\n<h5 style=\"text-align: center; color: #2e3192;\">PER CONTATTARE LA SEGRETERIA ORGANIZZATIVA, SCRIVICI SU WHATSAPP!<\/h5>\n<p><a href=\"https:\/\/wa.me\/393666985470\"><img loading=\"lazy\" decoding=\"async\" class=\"size-full wp-image-26748 aligncenter\" src=\"https:\/\/www.e20srl.com\/wp-content\/uploads\/2023\/11\/logo-whatsapp-1.png\" alt=\"Whatsapp\" width=\"109\" height=\"109\" \/><\/a><\/p>\n","protected":false},"excerpt":{"rendered":"<h5>7 CREDITI ECM<\/h5>\n<h5><span style=\"color: #2e3192;\">Quota di iscrizione: \u20ac 200,00 + IVA (22%)<br \/>\nEarly booking entro il 30\/10\/24: \u20ac 150,00 + IVA (22%)<br \/>\n<\/span><\/h5>\n<p><a href=\"https:\/\/www.e20srl.com\/area-privata\/index.php?id=2105&#038;iscrizione=1\"><img loading=\"lazy\" decoding=\"async\" class=\"alignnone wp-image-28806 size-full\" src=\"https:\/\/www.e20srl.com\/wp-content\/uploads\/2024\/01\/click-to-participate.png\" alt=\"\" width=\"397\" height=\"71\" \/><\/a><\/p>\n","protected":false},"featured_media":28848,"menu_order":6,"template":"","meta":{"_monsterinsights_skip_tracking":false,"_monsterinsights_sitenote_active":false,"_monsterinsights_sitenote_note":"","_monsterinsights_sitenote_category":0},"product_brand":[],"product_cat":[650,612,614],"product_tag":[661,662],"class_list":{"0":"post-28844","1":"product","2":"type-product","3":"status-publish","4":"has-post-thumbnail","6":"product_cat-congresses","7":"product_cat-courses","8":"product_cat-dentist","9":"product_tag-congresses","10":"product_tag-courses","12":"first","13":"instock","14":"shipping-taxable","15":"product-type-simple"},"yoast_head":"<!-- This site is optimized with the Yoast SEO plugin v27.6 - https:\/\/yoast.com\/product\/yoast-seo-wordpress\/ -->\n<title>Dott. Vanini, Dott. Cardarelli - La Bio-odontoiatria dalla conservativa diretta e indiretta all&#039;elastodonzia (Copy) | e20<\/title>\n<meta name=\"description\" content=\"Il corso fornisce al clinico le basi necessarie per un analisi accurata dei casi clinici dal punto vista conservativo, protesico ed ortodontico.\" \/>\n<meta name=\"robots\" content=\"index, follow, max-snippet:-1, max-image-preview:large, max-video-preview:-1\" \/>\n<link rel=\"canonical\" href=\"https:\/\/www.e20srl.com\/en\/prodotti\/dott-vanini-dott-cardarelli-la-bio-odontoiatria-dalla-conservativa-diretta-e-indiretta-allelastodonzia-copy\/\" \/>\n<meta property=\"og:locale\" content=\"en_US\" \/>\n<meta property=\"og:type\" content=\"article\" \/>\n<meta property=\"og:title\" content=\"Dott. Vanini, Dott. Cardarelli - La Bio-odontoiatria dalla conservativa diretta e indiretta all&#039;elastodonzia (Copy) | e20\" \/>\n<meta property=\"og:description\" content=\"Il corso fornisce al clinico le basi necessarie per un analisi accurata dei casi clinici dal punto vista conservativo, protesico ed ortodontico.\" \/>\n<meta property=\"og:url\" content=\"https:\/\/www.e20srl.com\/en\/prodotti\/dott-vanini-dott-cardarelli-la-bio-odontoiatria-dalla-conservativa-diretta-e-indiretta-allelastodonzia-copy\/\" \/>\n<meta property=\"og:site_name\" content=\"e20\" \/>\n<meta property=\"article:publisher\" content=\"https:\/\/www.facebook.com\/e20srl\" \/>\n<meta property=\"article:modified_time\" content=\"2024-06-05T16:11:05+00:00\" \/>\n<meta property=\"og:image\" content=\"https:\/\/www.e20srl.com\/wp-content\/uploads\/2024\/06\/01-CONGRESSO_CARDARELLI_VANINI_148x148_stampa_Pagina_1.jpg\" \/>\n\t<meta property=\"og:image:width\" content=\"1690\" \/>\n\t<meta property=\"og:image:height\" content=\"1690\" \/>\n\t<meta property=\"og:image:type\" content=\"image\/jpeg\" \/>\n<meta name=\"twitter:card\" content=\"summary_large_image\" \/>\n<meta name=\"twitter:label1\" content=\"Est. reading time\" \/>\n\t<meta name=\"twitter:data1\" content=\"5 minutes\" \/>\n<script type=\"application\/ld+json\" class=\"yoast-schema-graph\">{\"@context\":\"https:\\\/\\\/schema.org\",\"@graph\":[{\"@type\":\"WebPage\",\"@id\":\"https:\\\/\\\/www.e20srl.com\\\/en\\\/prodotti\\\/dott-vanini-dott-cardarelli-la-bio-odontoiatria-dalla-conservativa-diretta-e-indiretta-allelastodonzia-copy\\\/\",\"url\":\"https:\\\/\\\/www.e20srl.com\\\/en\\\/prodotti\\\/dott-vanini-dott-cardarelli-la-bio-odontoiatria-dalla-conservativa-diretta-e-indiretta-allelastodonzia-copy\\\/\",\"name\":\"Dott. Vanini, Dott. Cardarelli - La Bio-odontoiatria dalla conservativa diretta e indiretta all'elastodonzia (Copy) | e20\",\"isPartOf\":{\"@id\":\"https:\\\/\\\/www.e20srl.com\\\/en\\\/#website\"},\"primaryImageOfPage\":{\"@id\":\"https:\\\/\\\/www.e20srl.com\\\/en\\\/prodotti\\\/dott-vanini-dott-cardarelli-la-bio-odontoiatria-dalla-conservativa-diretta-e-indiretta-allelastodonzia-copy\\\/#primaryimage\"},\"image\":{\"@id\":\"https:\\\/\\\/www.e20srl.com\\\/en\\\/prodotti\\\/dott-vanini-dott-cardarelli-la-bio-odontoiatria-dalla-conservativa-diretta-e-indiretta-allelastodonzia-copy\\\/#primaryimage\"},\"thumbnailUrl\":\"https:\\\/\\\/www.e20srl.com\\\/wp-content\\\/uploads\\\/2024\\\/06\\\/01-CONGRESSO_CARDARELLI_VANINI_148x148_stampa_Pagina_1.jpg\",\"datePublished\":\"2024-06-05T15:57:55+00:00\",\"dateModified\":\"2024-06-05T16:11:05+00:00\",\"description\":\"Il corso fornisce al clinico le basi necessarie per un analisi accurata dei casi clinici dal punto vista conservativo, protesico ed ortodontico.\",\"breadcrumb\":{\"@id\":\"https:\\\/\\\/www.e20srl.com\\\/en\\\/prodotti\\\/dott-vanini-dott-cardarelli-la-bio-odontoiatria-dalla-conservativa-diretta-e-indiretta-allelastodonzia-copy\\\/#breadcrumb\"},\"inLanguage\":\"en-US\",\"potentialAction\":[{\"@type\":\"ReadAction\",\"target\":[\"https:\\\/\\\/www.e20srl.com\\\/en\\\/prodotti\\\/dott-vanini-dott-cardarelli-la-bio-odontoiatria-dalla-conservativa-diretta-e-indiretta-allelastodonzia-copy\\\/\"]}]},{\"@type\":\"ImageObject\",\"inLanguage\":\"en-US\",\"@id\":\"https:\\\/\\\/www.e20srl.com\\\/en\\\/prodotti\\\/dott-vanini-dott-cardarelli-la-bio-odontoiatria-dalla-conservativa-diretta-e-indiretta-allelastodonzia-copy\\\/#primaryimage\",\"url\":\"https:\\\/\\\/www.e20srl.com\\\/wp-content\\\/uploads\\\/2024\\\/06\\\/01-CONGRESSO_CARDARELLI_VANINI_148x148_stampa_Pagina_1.jpg\",\"contentUrl\":\"https:\\\/\\\/www.e20srl.com\\\/wp-content\\\/uploads\\\/2024\\\/06\\\/01-CONGRESSO_CARDARELLI_VANINI_148x148_stampa_Pagina_1.jpg\",\"width\":1690,\"height\":1690},{\"@type\":\"BreadcrumbList\",\"@id\":\"https:\\\/\\\/www.e20srl.com\\\/en\\\/prodotti\\\/dott-vanini-dott-cardarelli-la-bio-odontoiatria-dalla-conservativa-diretta-e-indiretta-allelastodonzia-copy\\\/#breadcrumb\",\"itemListElement\":[{\"@type\":\"ListItem\",\"position\":1,\"name\":\"Home\",\"item\":\"https:\\\/\\\/www.e20srl.com\\\/en\\\/\"},{\"@type\":\"ListItem\",\"position\":2,\"name\":\"Shop\",\"item\":\"https:\\\/\\\/www.e20srl.com\\\/en\\\/shop-2\\\/\"},{\"@type\":\"ListItem\",\"position\":3,\"name\":\"Dott. Vanini, Dott. Cardarelli &#8211; La Bio-odontoiatria dalla conservativa diretta e indiretta all&#8217;elastodonzia (Copy)\"}]},{\"@type\":\"WebSite\",\"@id\":\"https:\\\/\\\/www.e20srl.com\\\/en\\\/#website\",\"url\":\"https:\\\/\\\/www.e20srl.com\\\/en\\\/\",\"name\":\"e20\",\"description\":\"Congressi e Corsi in presenza, FAD, webinar di Eccellenza per Odontoiatra, Igienista dentale, ASO\",\"publisher\":{\"@id\":\"https:\\\/\\\/www.e20srl.com\\\/en\\\/#organization\"},\"potentialAction\":[{\"@type\":\"SearchAction\",\"target\":{\"@type\":\"EntryPoint\",\"urlTemplate\":\"https:\\\/\\\/www.e20srl.com\\\/en\\\/?s={search_term_string}\"},\"query-input\":{\"@type\":\"PropertyValueSpecification\",\"valueRequired\":true,\"valueName\":\"search_term_string\"}}],\"inLanguage\":\"en-US\"},{\"@type\":\"Organization\",\"@id\":\"https:\\\/\\\/www.e20srl.com\\\/en\\\/#organization\",\"name\":\"e20 s.r.l.\",\"url\":\"https:\\\/\\\/www.e20srl.com\\\/en\\\/\",\"logo\":{\"@type\":\"ImageObject\",\"inLanguage\":\"en-US\",\"@id\":\"https:\\\/\\\/www.e20srl.com\\\/en\\\/#\\\/schema\\\/logo\\\/image\\\/\",\"url\":\"https:\\\/\\\/www.e20srl.com\\\/wp-content\\\/uploads\\\/2022\\\/10\\\/e20-icona.png\",\"contentUrl\":\"https:\\\/\\\/www.e20srl.com\\\/wp-content\\\/uploads\\\/2022\\\/10\\\/e20-icona.png\",\"width\":512,\"height\":512,\"caption\":\"e20 s.r.l.\"},\"image\":{\"@id\":\"https:\\\/\\\/www.e20srl.com\\\/en\\\/#\\\/schema\\\/logo\\\/image\\\/\"},\"sameAs\":[\"https:\\\/\\\/www.facebook.com\\\/e20srl\",\"https:\\\/\\\/www.instagram.com\\\/e20.srl\\\/\",\"https:\\\/\\\/www.youtube.com\\\/channel\\\/UCFK9MwMuURf-lxw-ca0PNHw\",\"https:\\\/\\\/www.linkedin.com\\\/company\\\/e20-srl\\\/about\\\/\"]}]}<\/script>\n<!-- \/ Yoast SEO plugin. -->","yoast_head_json":{"title":"Dott. Vanini, Dott. Cardarelli - La Bio-odontoiatria dalla conservativa diretta e indiretta all'elastodonzia (Copy) | e20","description":"Il corso fornisce al clinico le basi necessarie per un analisi accurata dei casi clinici dal punto vista conservativo, protesico ed ortodontico.","robots":{"index":"index","follow":"follow","max-snippet":"max-snippet:-1","max-image-preview":"max-image-preview:large","max-video-preview":"max-video-preview:-1"},"canonical":"https:\/\/www.e20srl.com\/en\/prodotti\/dott-vanini-dott-cardarelli-la-bio-odontoiatria-dalla-conservativa-diretta-e-indiretta-allelastodonzia-copy\/","og_locale":"en_US","og_type":"article","og_title":"Dott. Vanini, Dott. Cardarelli - La Bio-odontoiatria dalla conservativa diretta e indiretta all'elastodonzia (Copy) | e20","og_description":"Il corso fornisce al clinico le basi necessarie per un analisi accurata dei casi clinici dal punto vista conservativo, protesico ed ortodontico.","og_url":"https:\/\/www.e20srl.com\/en\/prodotti\/dott-vanini-dott-cardarelli-la-bio-odontoiatria-dalla-conservativa-diretta-e-indiretta-allelastodonzia-copy\/","og_site_name":"e20","article_publisher":"https:\/\/www.facebook.com\/e20srl","article_modified_time":"2024-06-05T16:11:05+00:00","og_image":[{"width":1690,"height":1690,"url":"https:\/\/www.e20srl.com\/wp-content\/uploads\/2024\/06\/01-CONGRESSO_CARDARELLI_VANINI_148x148_stampa_Pagina_1.jpg","type":"image\/jpeg"}],"twitter_card":"summary_large_image","twitter_misc":{"Est. reading time":"5 minutes"},"schema":{"@context":"https:\/\/schema.org","@graph":[{"@type":"WebPage","@id":"https:\/\/www.e20srl.com\/en\/prodotti\/dott-vanini-dott-cardarelli-la-bio-odontoiatria-dalla-conservativa-diretta-e-indiretta-allelastodonzia-copy\/","url":"https:\/\/www.e20srl.com\/en\/prodotti\/dott-vanini-dott-cardarelli-la-bio-odontoiatria-dalla-conservativa-diretta-e-indiretta-allelastodonzia-copy\/","name":"Dott. Vanini, Dott. Cardarelli - La Bio-odontoiatria dalla conservativa diretta e indiretta all'elastodonzia (Copy) | e20","isPartOf":{"@id":"https:\/\/www.e20srl.com\/en\/#website"},"primaryImageOfPage":{"@id":"https:\/\/www.e20srl.com\/en\/prodotti\/dott-vanini-dott-cardarelli-la-bio-odontoiatria-dalla-conservativa-diretta-e-indiretta-allelastodonzia-copy\/#primaryimage"},"image":{"@id":"https:\/\/www.e20srl.com\/en\/prodotti\/dott-vanini-dott-cardarelli-la-bio-odontoiatria-dalla-conservativa-diretta-e-indiretta-allelastodonzia-copy\/#primaryimage"},"thumbnailUrl":"https:\/\/www.e20srl.com\/wp-content\/uploads\/2024\/06\/01-CONGRESSO_CARDARELLI_VANINI_148x148_stampa_Pagina_1.jpg","datePublished":"2024-06-05T15:57:55+00:00","dateModified":"2024-06-05T16:11:05+00:00","description":"Il corso fornisce al clinico le basi necessarie per un analisi accurata dei casi clinici dal punto vista conservativo, protesico ed ortodontico.","breadcrumb":{"@id":"https:\/\/www.e20srl.com\/en\/prodotti\/dott-vanini-dott-cardarelli-la-bio-odontoiatria-dalla-conservativa-diretta-e-indiretta-allelastodonzia-copy\/#breadcrumb"},"inLanguage":"en-US","potentialAction":[{"@type":"ReadAction","target":["https:\/\/www.e20srl.com\/en\/prodotti\/dott-vanini-dott-cardarelli-la-bio-odontoiatria-dalla-conservativa-diretta-e-indiretta-allelastodonzia-copy\/"]}]},{"@type":"ImageObject","inLanguage":"en-US","@id":"https:\/\/www.e20srl.com\/en\/prodotti\/dott-vanini-dott-cardarelli-la-bio-odontoiatria-dalla-conservativa-diretta-e-indiretta-allelastodonzia-copy\/#primaryimage","url":"https:\/\/www.e20srl.com\/wp-content\/uploads\/2024\/06\/01-CONGRESSO_CARDARELLI_VANINI_148x148_stampa_Pagina_1.jpg","contentUrl":"https:\/\/www.e20srl.com\/wp-content\/uploads\/2024\/06\/01-CONGRESSO_CARDARELLI_VANINI_148x148_stampa_Pagina_1.jpg","width":1690,"height":1690},{"@type":"BreadcrumbList","@id":"https:\/\/www.e20srl.com\/en\/prodotti\/dott-vanini-dott-cardarelli-la-bio-odontoiatria-dalla-conservativa-diretta-e-indiretta-allelastodonzia-copy\/#breadcrumb","itemListElement":[{"@type":"ListItem","position":1,"name":"Home","item":"https:\/\/www.e20srl.com\/en\/"},{"@type":"ListItem","position":2,"name":"Shop","item":"https:\/\/www.e20srl.com\/en\/shop-2\/"},{"@type":"ListItem","position":3,"name":"Dott. Vanini, Dott. Cardarelli &#8211; La Bio-odontoiatria dalla conservativa diretta e indiretta all&#8217;elastodonzia (Copy)"}]},{"@type":"WebSite","@id":"https:\/\/www.e20srl.com\/en\/#website","url":"https:\/\/www.e20srl.com\/en\/","name":"e20","description":"Congressi e Corsi in presenza, FAD, webinar di Eccellenza per Odontoiatra, Igienista dentale, ASO","publisher":{"@id":"https:\/\/www.e20srl.com\/en\/#organization"},"potentialAction":[{"@type":"SearchAction","target":{"@type":"EntryPoint","urlTemplate":"https:\/\/www.e20srl.com\/en\/?s={search_term_string}"},"query-input":{"@type":"PropertyValueSpecification","valueRequired":true,"valueName":"search_term_string"}}],"inLanguage":"en-US"},{"@type":"Organization","@id":"https:\/\/www.e20srl.com\/en\/#organization","name":"e20 s.r.l.","url":"https:\/\/www.e20srl.com\/en\/","logo":{"@type":"ImageObject","inLanguage":"en-US","@id":"https:\/\/www.e20srl.com\/en\/#\/schema\/logo\/image\/","url":"https:\/\/www.e20srl.com\/wp-content\/uploads\/2022\/10\/e20-icona.png","contentUrl":"https:\/\/www.e20srl.com\/wp-content\/uploads\/2022\/10\/e20-icona.png","width":512,"height":512,"caption":"e20 s.r.l."},"image":{"@id":"https:\/\/www.e20srl.com\/en\/#\/schema\/logo\/image\/"},"sameAs":["https:\/\/www.facebook.com\/e20srl","https:\/\/www.instagram.com\/e20.srl\/","https:\/\/www.youtube.com\/channel\/UCFK9MwMuURf-lxw-ca0PNHw","https:\/\/www.linkedin.com\/company\/e20-srl\/about\/"]}]}},"_links":{"self":[{"href":"https:\/\/www.e20srl.com\/en\/wp-json\/wp\/v2\/product\/28844","targetHints":{"allow":["GET"]}}],"collection":[{"href":"https:\/\/www.e20srl.com\/en\/wp-json\/wp\/v2\/product"}],"about":[{"href":"https:\/\/www.e20srl.com\/en\/wp-json\/wp\/v2\/types\/product"}],"wp:featuredmedia":[{"embeddable":true,"href":"https:\/\/www.e20srl.com\/en\/wp-json\/wp\/v2\/media\/28848"}],"wp:attachment":[{"href":"https:\/\/www.e20srl.com\/en\/wp-json\/wp\/v2\/media?parent=28844"}],"wp:term":[{"taxonomy":"product_brand","embeddable":true,"href":"https:\/\/www.e20srl.com\/en\/wp-json\/wp\/v2\/product_brand?post=28844"},{"taxonomy":"product_cat","embeddable":true,"href":"https:\/\/www.e20srl.com\/en\/wp-json\/wp\/v2\/product_cat?post=28844"},{"taxonomy":"product_tag","embeddable":true,"href":"https:\/\/www.e20srl.com\/en\/wp-json\/wp\/v2\/product_tag?post=28844"}],"curies":[{"name":"wp","href":"https:\/\/api.w.org\/{rel}","templated":true}]}}