{"id":34631,"date":"2025-04-22T17:05:06","date_gmt":"2025-04-22T15:05:06","guid":{"rendered":"https:\/\/www.e20srl.com\/?post_type=product&#038;p=34631"},"modified":"2026-01-12T10:08:23","modified_gmt":"2026-01-12T09:08:23","slug":"corso-di-chirurgia-endodontica-shapeit-endo","status":"publish","type":"product","link":"https:\/\/www.e20srl.com\/en\/prodotti\/corso-di-chirurgia-endodontica-shapeit-endo\/","title":{"rendered":"CORSO DI CHIRURGIA ENDODONTICA &#8211; ShapeIT ENDO"},"content":{"rendered":"<p><img fetchpriority=\"high\" decoding=\"async\" class=\"alignleft wp-image-34632 size-medium\" src=\"https:\/\/www.e20srl.com\/wp-content\/uploads\/2025\/04\/Chirurgia-endodontica-212x300.jpg\" alt=\"\" width=\"212\" height=\"300\" \/><\/p>\n<p><span style=\"color: #000080;\"><strong><span style=\"font-size: 14pt;\">ABSTRACT<\/span><\/strong><\/span><\/p>\n<p>Un corso completo che affronta la chirurgia endodontica fin dalla fase della diagnosi con lo scopo di aiutarti a superare tutte le tue difficolt\u00e0. Un approccio moderno, con oltre il 50% della didattica riservato alla parte pratica, ottimizzato per offrirti protocolli e procedure standardizzate da applicare subito e renderti semplice l\u2019attivit\u00e0 quotidiana.<br \/>\nNessuna complicazione, nessuna perdita di tempo.<\/p>\n<p>&nbsp;<\/p>\n<p><span style=\"color: #000080;\"><strong><span style=\"font-size: 14pt;\">PERCHE&#8217; SHAPEIT<\/span><\/strong><\/span><\/p>\n<p>Se stai cercando un corso che ti metta in grado di lavorare e che ti garantisca quella sicurezza utile per prendere le giuste decisioni di fronte al paziente, <b>questo corso fa per te<\/b>. Unico corso con 5 relatori che potranno seguirti passo passo durante la parte pratica. Durante il corso imparerai ad usare diverse sistematiche di diverse aziende cos\u00ec da poter utilizzare in modo congruo qualsiasi strumento troverai nel cassetto dello studio nel quale lavori.<\/p>\n<h5 style=\"color: #2e3192;\"><strong>PROGRAMMA DEL CORSO<\/strong><\/h5>\n<p><strong>GIOVEDI&#8217; 15 MAGGIO<\/strong><\/p>\n<div>\n<div>\u2022 La diagnosi e la prognosi dell\u2019elemento dentario compromesso<\/div>\n<div>\u2022 Ritrattamento VS chirurgia endodontica<\/div>\n<div>\u2022 Riassorbimenti radicolari: diagnosi, prognosi e terapia<\/div>\n<div>\u2022 Anestesia in chirurgia endodontica<\/div>\n<div>\u2022 Allestimento del lembo chirurgico: concetti chirurgici e parodontali<\/div>\n<div>\u2022 Hands on su modelli<\/div>\n<\/div>\n<div><\/div>\n<p><strong>VENERDI&#8217; 16 MAGGIO<\/strong><\/p>\n<div>\n<div>\u2022 Il controllo dell\u2019emostasi<\/div>\n<div>\u2022 Apicectomia: preparazione della cavit\u00e0<\/div>\n<div>\u2022 Otturazione retrograda: materiali e procedure<\/div>\n<div>\u2022 La sutura: materiali e tecniche<\/div>\n<div>\u2022 Il follow un in chirurgia endodontica<\/div>\n<div>\u2022 Hands on su modelli realistici<\/div>\n<\/div>\n<div><\/div>\n<div><\/div>\n<h5 style=\"color: #2e3192;\"><strong>DESTINATARI DEL CORSO<\/strong><\/h5>\n<p>Figure professionali accreditate: Odontoiatri<\/p>\n<p>&nbsp;<\/p>\n<h5 style=\"color: #2e3192;\"><strong>MODALITA\u2019 DI SVOLGIMENTO<\/strong><\/h5>\n<p>Le attivit\u00e0 si svolgeranno\u00a0<strong>in presenza<\/strong> nelle giornate di <strong>Venerd\u00ec 15 e Sabato 16 MAGGIO 2026<\/strong><\/p>\n<table style=\"border-collapse: collapse; width: 99.9203%; height: 103px;\">\n<tbody>\n<tr style=\"background-color: #cfebfe;\">\n<td style=\"width: 100%; text-align: left;\">Per coloro che hanno scelto il pagamento tramite bonifico bancario, si informa che essendo un corso pratico con posti limitati, l\u2019iscrizione sar\u00e0 considerata valida se seguita entro 5gg. dalla prenotazione, dalla contabile del pagamento. Diversamente, la prenotazione sar\u00e0 automaticamente cancellata.<\/td>\n<\/tr>\n<\/tbody>\n<\/table>\n<p>&nbsp;<\/p>\n<h5 style=\"color: #2e3192;\"><strong>POLICY DI CANCELLAZIONE<\/strong><\/h5>\n<p class=\"column\">In caso di mancata partecipazione verr\u00e0 effettuato un rimborso al netto dei diritti di Segreteria (50% della quota di iscrizione iva compresa) solo se la disdetta scritta sar\u00e0 pervenuta alla Segreteria entro e non oltre 15 giorni lavorativi prima dallo svolgimento dell\u2019evento per comprovati motivi. Le iscrizioni saranno ritenute valide solo se accompagnate dalla quota di iscrizione o dalla ricevuta del bonifico.<\/p>\n<p>&nbsp;<\/p>\n<h5 style=\"color: #2e3192;\"><strong><strong>LOCATION<\/strong><\/strong><\/h5>\n<p class=\"wpb_wrapper\">Il corso si svolger\u00e0 presso<\/p>\n<p>Mikros &#8211; Viale Edison, 621 20099 Sesto San Giovanni (MI)<\/p>\n<p><img decoding=\"async\" class=\"alignleft  wp-image-34644\" src=\"https:\/\/www.e20srl.com\/wp-content\/uploads\/2025\/04\/Pagine-estratte-senza-titolo-3-212x300.jpg\" alt=\"\" width=\"628\" height=\"888\" srcset=\"https:\/\/www.e20srl.com\/wp-content\/uploads\/2025\/04\/Pagine-estratte-senza-titolo-3-212x300.jpg 212w, https:\/\/www.e20srl.com\/wp-content\/uploads\/2025\/04\/Pagine-estratte-senza-titolo-3-724x1024.jpg 724w, https:\/\/www.e20srl.com\/wp-content\/uploads\/2025\/04\/Pagine-estratte-senza-titolo-3-768x1086.jpg 768w, https:\/\/www.e20srl.com\/wp-content\/uploads\/2025\/04\/Pagine-estratte-senza-titolo-3-1086x1536.jpg 1086w, https:\/\/www.e20srl.com\/wp-content\/uploads\/2025\/04\/Pagine-estratte-senza-titolo-3-1448x2048.jpg 1448w, https:\/\/www.e20srl.com\/wp-content\/uploads\/2025\/04\/Pagine-estratte-senza-titolo-3-111x157.jpg 111w, https:\/\/www.e20srl.com\/wp-content\/uploads\/2025\/04\/Pagine-estratte-senza-titolo-3.jpg 1655w\" sizes=\"(max-width: 628px) 100vw, 628px\" \/><\/p>\n","protected":false},"excerpt":{"rendered":"<p><span style=\"font-size: 14pt;\"><strong>20 CREDITI ECM<\/strong><\/span><\/p>\n<p><span style=\"color: #000080; font-size: 14pt;\"><strong>QUOTA PER ISCRIZIONE ENTRO IL 20 APRILE 2025: <\/strong><strong>\u20ac1000 + iva entro 20 Aprile 2025<span class=\"Apple-converted-space\">\u00a0<\/span><\/strong><\/span><\/p>\n<p><span style=\"font-size: 14pt; color: #000080;\"><strong>QUOTA PER ISCRIZIONE ENTRO IL 30 NOVEMBRE 2025: \u20ac 1150,00 + IVA<\/strong><\/span><\/p>\n<p><span style=\"font-size: 14pt; color: #000080;\"><strong>COSTO DOPO IL 30 NOVEMBRE 2025: 1400,00\u20ac + IVA<\/strong><\/span><\/p>\n<p><strong>Per iscrizioni multiple \u00e8 previsto una riduzione sul costo in vigore del 5% se si \u00e8 in 2 e del 10% se si \u00e8 in tre.<\/strong><\/p>\n<p><a href=\"https:\/\/www.e20srl.com\/area-privata\/index.php?id=2409&amp;iscrizione=1\" target=\"_blank\" rel=\"noopener\"><img decoding=\"async\" class=\"alignnone wp-image-21527 size-full\" src=\"https:\/\/www.e20srl.com\/wp-content\/uploads\/2023\/10\/pulsante-per-partecipare-3.png\" alt=\"Clicca qui per partecipare\" width=\"395\" height=\"72\" \/><\/a><\/p>\n","protected":false},"featured_media":34632,"menu_order":163,"template":"","meta":{"_monsterinsights_skip_tracking":false,"_monsterinsights_sitenote_active":false,"_monsterinsights_sitenote_note":"","_monsterinsights_sitenote_category":0},"product_brand":[],"product_cat":[609,604],"product_tag":[654],"class_list":{"0":"post-34631","1":"product","2":"type-product","3":"status-publish","4":"has-post-thumbnail","6":"product_cat-corsi","7":"product_cat-odontoiatri","8":"product_tag-corsi","10":"first","11":"instock","12":"shipping-taxable","13":"product-type-simple"},"yoast_head":"<!-- This site is optimized with the Yoast SEO plugin v27.6 - https:\/\/yoast.com\/product\/yoast-seo-wordpress\/ -->\n<title>CORSO DI CHIRURGIA ENDODONTICA - ShapeIT ENDO | e20<\/title>\n<meta name=\"description\" content=\"Due giornate prevalentemente pratiche con sessioni interattive. Corso ideale anche per operatori mancini grazie alla presenza di un tutor dedicato.\" \/>\n<meta name=\"robots\" content=\"index, follow, max-snippet:-1, max-image-preview:large, max-video-preview:-1\" \/>\n<link rel=\"canonical\" href=\"https:\/\/www.e20srl.com\/en\/prodotti\/corso-di-chirurgia-endodontica-shapeit-endo\/\" \/>\n<meta property=\"og:locale\" content=\"en_US\" \/>\n<meta property=\"og:type\" content=\"article\" \/>\n<meta property=\"og:title\" content=\"CORSO DI CHIRURGIA ENDODONTICA - ShapeIT ENDO | e20\" \/>\n<meta property=\"og:description\" content=\"Due giornate prevalentemente pratiche con sessioni interattive. Corso ideale anche per operatori mancini grazie alla presenza di un tutor dedicato.\" \/>\n<meta property=\"og:url\" content=\"https:\/\/www.e20srl.com\/en\/prodotti\/corso-di-chirurgia-endodontica-shapeit-endo\/\" \/>\n<meta property=\"og:site_name\" content=\"e20\" \/>\n<meta property=\"article:publisher\" content=\"https:\/\/www.facebook.com\/e20srl\" \/>\n<meta property=\"article:modified_time\" content=\"2026-01-12T09:08:23+00:00\" \/>\n<meta property=\"og:image\" content=\"https:\/\/www.e20srl.com\/wp-content\/uploads\/2025\/04\/Chirurgia-endodontica.jpg\" \/>\n\t<meta property=\"og:image:width\" content=\"1655\" \/>\n\t<meta property=\"og:image:height\" content=\"2340\" \/>\n\t<meta property=\"og:image:type\" content=\"image\/jpeg\" \/>\n<meta name=\"twitter:card\" content=\"summary_large_image\" \/>\n<meta name=\"twitter:label1\" content=\"Est. reading time\" \/>\n\t<meta name=\"twitter:data1\" content=\"3 minutes\" \/>\n<script type=\"application\/ld+json\" class=\"yoast-schema-graph\">{\"@context\":\"https:\\\/\\\/schema.org\",\"@graph\":[{\"@type\":\"WebPage\",\"@id\":\"https:\\\/\\\/www.e20srl.com\\\/en\\\/prodotti\\\/corso-di-chirurgia-endodontica-shapeit-endo\\\/\",\"url\":\"https:\\\/\\\/www.e20srl.com\\\/en\\\/prodotti\\\/corso-di-chirurgia-endodontica-shapeit-endo\\\/\",\"name\":\"CORSO DI CHIRURGIA ENDODONTICA - ShapeIT ENDO | e20\",\"isPartOf\":{\"@id\":\"https:\\\/\\\/www.e20srl.com\\\/en\\\/#website\"},\"primaryImageOfPage\":{\"@id\":\"https:\\\/\\\/www.e20srl.com\\\/en\\\/prodotti\\\/corso-di-chirurgia-endodontica-shapeit-endo\\\/#primaryimage\"},\"image\":{\"@id\":\"https:\\\/\\\/www.e20srl.com\\\/en\\\/prodotti\\\/corso-di-chirurgia-endodontica-shapeit-endo\\\/#primaryimage\"},\"thumbnailUrl\":\"https:\\\/\\\/www.e20srl.com\\\/wp-content\\\/uploads\\\/2025\\\/04\\\/Chirurgia-endodontica.jpg\",\"datePublished\":\"2025-04-22T15:05:06+00:00\",\"dateModified\":\"2026-01-12T09:08:23+00:00\",\"description\":\"Due giornate prevalentemente pratiche con sessioni interattive. Corso ideale anche per operatori mancini grazie alla presenza di un tutor dedicato.\",\"breadcrumb\":{\"@id\":\"https:\\\/\\\/www.e20srl.com\\\/en\\\/prodotti\\\/corso-di-chirurgia-endodontica-shapeit-endo\\\/#breadcrumb\"},\"inLanguage\":\"en-US\",\"potentialAction\":[{\"@type\":\"ReadAction\",\"target\":[\"https:\\\/\\\/www.e20srl.com\\\/en\\\/prodotti\\\/corso-di-chirurgia-endodontica-shapeit-endo\\\/\"]}]},{\"@type\":\"ImageObject\",\"inLanguage\":\"en-US\",\"@id\":\"https:\\\/\\\/www.e20srl.com\\\/en\\\/prodotti\\\/corso-di-chirurgia-endodontica-shapeit-endo\\\/#primaryimage\",\"url\":\"https:\\\/\\\/www.e20srl.com\\\/wp-content\\\/uploads\\\/2025\\\/04\\\/Chirurgia-endodontica.jpg\",\"contentUrl\":\"https:\\\/\\\/www.e20srl.com\\\/wp-content\\\/uploads\\\/2025\\\/04\\\/Chirurgia-endodontica.jpg\",\"width\":1655,\"height\":2340},{\"@type\":\"BreadcrumbList\",\"@id\":\"https:\\\/\\\/www.e20srl.com\\\/en\\\/prodotti\\\/corso-di-chirurgia-endodontica-shapeit-endo\\\/#breadcrumb\",\"itemListElement\":[{\"@type\":\"ListItem\",\"position\":1,\"name\":\"Home\",\"item\":\"https:\\\/\\\/www.e20srl.com\\\/en\\\/\"},{\"@type\":\"ListItem\",\"position\":2,\"name\":\"Shop\",\"item\":\"https:\\\/\\\/www.e20srl.com\\\/en\\\/shop-2\\\/\"},{\"@type\":\"ListItem\",\"position\":3,\"name\":\"CORSO DI CHIRURGIA ENDODONTICA &#8211; ShapeIT ENDO\"}]},{\"@type\":\"WebSite\",\"@id\":\"https:\\\/\\\/www.e20srl.com\\\/en\\\/#website\",\"url\":\"https:\\\/\\\/www.e20srl.com\\\/en\\\/\",\"name\":\"e20\",\"description\":\"Congressi e Corsi in presenza, FAD, webinar di Eccellenza per Odontoiatra, Igienista dentale, ASO\",\"publisher\":{\"@id\":\"https:\\\/\\\/www.e20srl.com\\\/en\\\/#organization\"},\"potentialAction\":[{\"@type\":\"SearchAction\",\"target\":{\"@type\":\"EntryPoint\",\"urlTemplate\":\"https:\\\/\\\/www.e20srl.com\\\/en\\\/?s={search_term_string}\"},\"query-input\":{\"@type\":\"PropertyValueSpecification\",\"valueRequired\":true,\"valueName\":\"search_term_string\"}}],\"inLanguage\":\"en-US\"},{\"@type\":\"Organization\",\"@id\":\"https:\\\/\\\/www.e20srl.com\\\/en\\\/#organization\",\"name\":\"e20 s.r.l.\",\"url\":\"https:\\\/\\\/www.e20srl.com\\\/en\\\/\",\"logo\":{\"@type\":\"ImageObject\",\"inLanguage\":\"en-US\",\"@id\":\"https:\\\/\\\/www.e20srl.com\\\/en\\\/#\\\/schema\\\/logo\\\/image\\\/\",\"url\":\"https:\\\/\\\/www.e20srl.com\\\/wp-content\\\/uploads\\\/2022\\\/10\\\/e20-icona.png\",\"contentUrl\":\"https:\\\/\\\/www.e20srl.com\\\/wp-content\\\/uploads\\\/2022\\\/10\\\/e20-icona.png\",\"width\":512,\"height\":512,\"caption\":\"e20 s.r.l.\"},\"image\":{\"@id\":\"https:\\\/\\\/www.e20srl.com\\\/en\\\/#\\\/schema\\\/logo\\\/image\\\/\"},\"sameAs\":[\"https:\\\/\\\/www.facebook.com\\\/e20srl\",\"https:\\\/\\\/www.instagram.com\\\/e20.srl\\\/\",\"https:\\\/\\\/www.youtube.com\\\/channel\\\/UCFK9MwMuURf-lxw-ca0PNHw\",\"https:\\\/\\\/www.linkedin.com\\\/company\\\/e20-srl\\\/about\\\/\"]}]}<\/script>\n<!-- \/ Yoast SEO plugin. -->","yoast_head_json":{"title":"CORSO DI CHIRURGIA ENDODONTICA - ShapeIT ENDO | e20","description":"Due giornate prevalentemente pratiche con sessioni interattive. Corso ideale anche per operatori mancini grazie alla presenza di un tutor dedicato.","robots":{"index":"index","follow":"follow","max-snippet":"max-snippet:-1","max-image-preview":"max-image-preview:large","max-video-preview":"max-video-preview:-1"},"canonical":"https:\/\/www.e20srl.com\/en\/prodotti\/corso-di-chirurgia-endodontica-shapeit-endo\/","og_locale":"en_US","og_type":"article","og_title":"CORSO DI CHIRURGIA ENDODONTICA - ShapeIT ENDO | e20","og_description":"Due giornate prevalentemente pratiche con sessioni interattive. Corso ideale anche per operatori mancini grazie alla presenza di un tutor dedicato.","og_url":"https:\/\/www.e20srl.com\/en\/prodotti\/corso-di-chirurgia-endodontica-shapeit-endo\/","og_site_name":"e20","article_publisher":"https:\/\/www.facebook.com\/e20srl","article_modified_time":"2026-01-12T09:08:23+00:00","og_image":[{"width":1655,"height":2340,"url":"https:\/\/www.e20srl.com\/wp-content\/uploads\/2025\/04\/Chirurgia-endodontica.jpg","type":"image\/jpeg"}],"twitter_card":"summary_large_image","twitter_misc":{"Est. reading time":"3 minutes"},"schema":{"@context":"https:\/\/schema.org","@graph":[{"@type":"WebPage","@id":"https:\/\/www.e20srl.com\/en\/prodotti\/corso-di-chirurgia-endodontica-shapeit-endo\/","url":"https:\/\/www.e20srl.com\/en\/prodotti\/corso-di-chirurgia-endodontica-shapeit-endo\/","name":"CORSO DI CHIRURGIA ENDODONTICA - ShapeIT ENDO | e20","isPartOf":{"@id":"https:\/\/www.e20srl.com\/en\/#website"},"primaryImageOfPage":{"@id":"https:\/\/www.e20srl.com\/en\/prodotti\/corso-di-chirurgia-endodontica-shapeit-endo\/#primaryimage"},"image":{"@id":"https:\/\/www.e20srl.com\/en\/prodotti\/corso-di-chirurgia-endodontica-shapeit-endo\/#primaryimage"},"thumbnailUrl":"https:\/\/www.e20srl.com\/wp-content\/uploads\/2025\/04\/Chirurgia-endodontica.jpg","datePublished":"2025-04-22T15:05:06+00:00","dateModified":"2026-01-12T09:08:23+00:00","description":"Due giornate prevalentemente pratiche con sessioni interattive. Corso ideale anche per operatori mancini grazie alla presenza di un tutor dedicato.","breadcrumb":{"@id":"https:\/\/www.e20srl.com\/en\/prodotti\/corso-di-chirurgia-endodontica-shapeit-endo\/#breadcrumb"},"inLanguage":"en-US","potentialAction":[{"@type":"ReadAction","target":["https:\/\/www.e20srl.com\/en\/prodotti\/corso-di-chirurgia-endodontica-shapeit-endo\/"]}]},{"@type":"ImageObject","inLanguage":"en-US","@id":"https:\/\/www.e20srl.com\/en\/prodotti\/corso-di-chirurgia-endodontica-shapeit-endo\/#primaryimage","url":"https:\/\/www.e20srl.com\/wp-content\/uploads\/2025\/04\/Chirurgia-endodontica.jpg","contentUrl":"https:\/\/www.e20srl.com\/wp-content\/uploads\/2025\/04\/Chirurgia-endodontica.jpg","width":1655,"height":2340},{"@type":"BreadcrumbList","@id":"https:\/\/www.e20srl.com\/en\/prodotti\/corso-di-chirurgia-endodontica-shapeit-endo\/#breadcrumb","itemListElement":[{"@type":"ListItem","position":1,"name":"Home","item":"https:\/\/www.e20srl.com\/en\/"},{"@type":"ListItem","position":2,"name":"Shop","item":"https:\/\/www.e20srl.com\/en\/shop-2\/"},{"@type":"ListItem","position":3,"name":"CORSO DI CHIRURGIA ENDODONTICA &#8211; ShapeIT ENDO"}]},{"@type":"WebSite","@id":"https:\/\/www.e20srl.com\/en\/#website","url":"https:\/\/www.e20srl.com\/en\/","name":"e20","description":"Congressi e Corsi in presenza, FAD, webinar di Eccellenza per Odontoiatra, Igienista dentale, ASO","publisher":{"@id":"https:\/\/www.e20srl.com\/en\/#organization"},"potentialAction":[{"@type":"SearchAction","target":{"@type":"EntryPoint","urlTemplate":"https:\/\/www.e20srl.com\/en\/?s={search_term_string}"},"query-input":{"@type":"PropertyValueSpecification","valueRequired":true,"valueName":"search_term_string"}}],"inLanguage":"en-US"},{"@type":"Organization","@id":"https:\/\/www.e20srl.com\/en\/#organization","name":"e20 s.r.l.","url":"https:\/\/www.e20srl.com\/en\/","logo":{"@type":"ImageObject","inLanguage":"en-US","@id":"https:\/\/www.e20srl.com\/en\/#\/schema\/logo\/image\/","url":"https:\/\/www.e20srl.com\/wp-content\/uploads\/2022\/10\/e20-icona.png","contentUrl":"https:\/\/www.e20srl.com\/wp-content\/uploads\/2022\/10\/e20-icona.png","width":512,"height":512,"caption":"e20 s.r.l."},"image":{"@id":"https:\/\/www.e20srl.com\/en\/#\/schema\/logo\/image\/"},"sameAs":["https:\/\/www.facebook.com\/e20srl","https:\/\/www.instagram.com\/e20.srl\/","https:\/\/www.youtube.com\/channel\/UCFK9MwMuURf-lxw-ca0PNHw","https:\/\/www.linkedin.com\/company\/e20-srl\/about\/"]}]}},"_links":{"self":[{"href":"https:\/\/www.e20srl.com\/en\/wp-json\/wp\/v2\/product\/34631","targetHints":{"allow":["GET"]}}],"collection":[{"href":"https:\/\/www.e20srl.com\/en\/wp-json\/wp\/v2\/product"}],"about":[{"href":"https:\/\/www.e20srl.com\/en\/wp-json\/wp\/v2\/types\/product"}],"wp:featuredmedia":[{"embeddable":true,"href":"https:\/\/www.e20srl.com\/en\/wp-json\/wp\/v2\/media\/34632"}],"wp:attachment":[{"href":"https:\/\/www.e20srl.com\/en\/wp-json\/wp\/v2\/media?parent=34631"}],"wp:term":[{"taxonomy":"product_brand","embeddable":true,"href":"https:\/\/www.e20srl.com\/en\/wp-json\/wp\/v2\/product_brand?post=34631"},{"taxonomy":"product_cat","embeddable":true,"href":"https:\/\/www.e20srl.com\/en\/wp-json\/wp\/v2\/product_cat?post=34631"},{"taxonomy":"product_tag","embeddable":true,"href":"https:\/\/www.e20srl.com\/en\/wp-json\/wp\/v2\/product_tag?post=34631"}],"curies":[{"name":"wp","href":"https:\/\/api.w.org\/{rel}","templated":true}]}}