{"id":35399,"date":"2025-10-02T13:43:17","date_gmt":"2025-10-02T11:43:17","guid":{"rendered":"https:\/\/www.e20srl.com\/?post_type=product&#038;p=35399"},"modified":"2026-03-06T16:58:59","modified_gmt":"2026-03-06T15:58:59","slug":"dott-roberto-rozza-accoglienza-e-gestione-del-paziente-disabile-nello-studio-odontoiatrico-approccio-clinico-relazionale-e-organizzativo-fad","status":"publish","type":"product","link":"https:\/\/www.e20srl.com\/en\/prodotti\/dott-roberto-rozza-accoglienza-e-gestione-del-paziente-disabile-nello-studio-odontoiatrico-approccio-clinico-relazionale-e-organizzativo-fad\/","title":{"rendered":"Dott. Roberto Rozza &#8211; Accoglienza e gestione del paziente disabile nello studio odontoiatrico: approccio clinico, relazionale e organizzativo &#8211; FAD 2026"},"content":{"rendered":"<p><span style=\"color: #000080;\"><b>ABSTRACT<span class=\"Apple-converted-space\">\u00a0<\/span><\/b><\/span><\/p>\n<p>L\u2019accoglienza del paziente con disabilit\u00e0 rappresenta una sfida e al tempo stesso un\u2019opportunit\u00e0 per promuovere l\u2019equit\u00e0 e l\u2019inclusione nelle cure odontoiatriche. Questo corso si propone di fornire agli operatori sanitari competenze teoriche e pratiche per una gestione efficace, empatica e personalizzata del paziente disabile, affrontando aspetti clinici, relazionali e organizzativi. Verranno approfondite le principali tipologie di disabilit\u00e0 (motorie, sensoriali, cognitive e psichiche), le strategie comunicative e comportamentali pi\u00f9 efficaci, l\u2019adattamento degli ambienti e delle procedure cliniche. Attraverso casi clinici, simulazioni e testimonianze, i partecipanti acquisiranno strumenti utili a garantire un percorso di cura rispettoso, sicuro e centrato sulla persona.<\/p>\n<p><span style=\"color: #000080;\"><b>RELATORE<\/b><\/span><b><\/b><\/p>\n<p><img decoding=\"async\" class=\"alignleft wp-image-35400\" src=\"https:\/\/www.e20srl.com\/wp-content\/uploads\/2025\/10\/FAD-Oral-B_rev.1.jpg\" alt=\"\" width=\"180\" height=\"211\" \/><\/p>\n<p><b>DOTT. ROBERTO ROZZA<span class=\"Apple-converted-space\">\u00a0<\/span><\/b><\/p>\n<p>Laureato in Medicina e Chirurgia nel 1994 e in Odontoiatria e<span class=\"Apple-converted-space\">\u00a0<\/span><\/p>\n<p>Protesi dentale nel 1999 con il massimo dei voti e la lode presso l\u2019Universit\u00e0 degli Studi di Milano.<span class=\"Apple-converted-space\">\u00a0<\/span><\/p>\n<p>2006 Dottorato di Ricerca in Odontoiatria per Pazienti Disabili presso l\u2019Universit\u00e0 \u201cAlma Mater\u201d di Bologna.<span class=\"Apple-converted-space\">\u00a0<\/span><\/p>\n<p>2019 Master in Odontoiatria per il trattamento delle Apnee Ostruttive del Sonno (OSAS)<span class=\"Apple-converted-space\">\u00a0<\/span><\/p>\n<p>Dal 2000 Assistente presso la Clinica Odontoiatrica degli Ospedali Santi Paolo e Carlo di Milano con attivit\u00e0 prevalentemente clinico-chirurgiche legate al trattamento dei pazienti disabili in sedazione e in narcosi.<span class=\"Apple-converted-space\">\u00a0<\/span><\/p>\n<p>Dal 2004 Responsabile del Dipartimento di Odontoiatria per Pazienti Disabili presso l\u2019Ospedale \u201cG. Vogel\u201d degli Ospedali Santi Paolo e Carlo di Milano che rientra nel Progetto DAMA (Disable Advanced Medical Assistance), un programma di ospitalit\u00e0 sanitaria dedicato a persone con disabilit\u00e0 grave che attualmente viene utilizzato come standard per l\u2019assistenza ospedaliera speciale in tutta Italia.<span class=\"Apple-converted-space\">\u00a0<\/span><\/p>\n<p>Professore a contratto presso l\u2019Universit\u00e0 degli Studi di Milano 2019-2025.<span class=\"Apple-converted-space\">\u00a0<\/span><\/p>\n<p>Dal 2009 al 2015 Presidente Nazionale della Societ\u00e0 Italiana di odontoiatria per la Disabilit\u00e0 e la Salute Orale (SIOH) sviluppando e promuovendo la cultura del trattamento dei pazienti con disabilit\u00e0 in odontoiatria sia presso gli operatori sanitari che presso le famiglie e i tutor con particolare attenzione alle problematiche legate alla prevenzione.<span class=\"Apple-converted-space\">\u00a0<\/span><\/p>\n<p>Dal 2015 al 2022 Membro del Direttivo Nazionale della SIOH con delega ai rapporti con il consiglio direttivo dell\u2019iADH (International Association for Disability and Oral Health).<span class=\"Apple-converted-space\">\u00a0<\/span><\/p>\n<p>Nel 2022 Fellow della International Society for Disability and Oral Health (IADH).<span class=\"Apple-converted-space\">\u00a0<\/span><\/p>\n<p>Autore di pubblicazioni su riviste nazionali ed internazionali.<span class=\"Apple-converted-space\">\u00a0<\/span><\/p>\n<p>Nel 2023 Advisor Internazionale dell\u2019iADH per l\u2019Europa del Sud e dell\u2019Est.<span class=\"Apple-converted-space\">\u00a0<\/span><\/p>\n<p><span style=\"color: #000080;\"><b>SEDE DEL CORSO<\/b><\/span><\/p>\n<p><b>FAD &#8211; Formazione a Distanza<span class=\"Apple-converted-space\">\u00a0<\/span><\/b><\/p>\n","protected":false},"excerpt":{"rendered":"<p><span style=\"color: #000080;\"><strong>Corso FAD Gratuito<\/strong><\/span><\/p>\n<h5><\/h5>\n<p><a href=\"https:\/\/www.e20srl.com\/area-privata\/index.php?id=2510&amp;iscrizione=1\" target=\"_blank\" rel=\"noopener\"><img decoding=\"async\" class=\"alignnone wp-image-21527 size-full\" src=\"https:\/\/www.e20srl.com\/wp-content\/uploads\/2023\/10\/pulsante-per-partecipare-3.png\" alt=\"Clicca qui per partecipare\" width=\"395\" height=\"72\" \/><\/a><\/p>\n","protected":false},"featured_media":35400,"menu_order":0,"template":"","meta":{"_monsterinsights_skip_tracking":false,"_monsterinsights_sitenote_active":false,"_monsterinsights_sitenote_note":"","_monsterinsights_sitenote_category":0},"product_brand":[],"product_cat":[644,606,604],"product_tag":[656],"class_list":{"0":"post-35399","1":"product","2":"type-product","3":"status-publish","4":"has-post-thumbnail","6":"product_cat-fad","7":"product_cat-igienisti-dentali","8":"product_cat-odontoiatri","9":"product_tag-fad","11":"first","12":"instock","13":"shipping-taxable","14":"product-type-simple"},"yoast_head":"<!-- This site is optimized with the Yoast SEO plugin v27.5 - https:\/\/yoast.com\/product\/yoast-seo-wordpress\/ -->\n<title>Dott. Roberto Rozza - Accoglienza e gestione del paziente disabile nello studio odontoiatrico: approccio clinico, relazionale e organizzativo - FAD 2026 | e20<\/title>\n<meta name=\"robots\" content=\"index, follow, max-snippet:-1, max-image-preview:large, max-video-preview:-1\" \/>\n<link rel=\"canonical\" href=\"https:\/\/www.e20srl.com\/en\/prodotti\/dott-roberto-rozza-accoglienza-e-gestione-del-paziente-disabile-nello-studio-odontoiatrico-approccio-clinico-relazionale-e-organizzativo-fad\/\" \/>\n<meta property=\"og:locale\" content=\"en_US\" \/>\n<meta property=\"og:type\" content=\"article\" \/>\n<meta property=\"og:title\" content=\"Dott. Roberto Rozza - Accoglienza e gestione del paziente disabile nello studio odontoiatrico: approccio clinico, relazionale e organizzativo - FAD 2026 | e20\" \/>\n<meta property=\"og:description\" content=\"Corso FAD Gratuito\" \/>\n<meta property=\"og:url\" content=\"https:\/\/www.e20srl.com\/en\/prodotti\/dott-roberto-rozza-accoglienza-e-gestione-del-paziente-disabile-nello-studio-odontoiatrico-approccio-clinico-relazionale-e-organizzativo-fad\/\" \/>\n<meta property=\"og:site_name\" content=\"e20\" \/>\n<meta property=\"article:publisher\" content=\"https:\/\/www.facebook.com\/e20srl\" \/>\n<meta property=\"article:modified_time\" content=\"2026-03-06T15:58:59+00:00\" \/>\n<meta property=\"og:image\" content=\"https:\/\/www.e20srl.com\/wp-content\/uploads\/2025\/10\/FAD-Oral-B_rev.1.jpg\" \/>\n\t<meta property=\"og:image:width\" content=\"367\" \/>\n\t<meta property=\"og:image:height\" content=\"431\" \/>\n\t<meta property=\"og:image:type\" content=\"image\/jpeg\" \/>\n<meta name=\"twitter:card\" content=\"summary_large_image\" \/>\n<meta name=\"twitter:label1\" content=\"Est. reading time\" \/>\n\t<meta name=\"twitter:data1\" content=\"3 minutes\" \/>\n<script type=\"application\/ld+json\" class=\"yoast-schema-graph\">{\"@context\":\"https:\\\/\\\/schema.org\",\"@graph\":[{\"@type\":\"WebPage\",\"@id\":\"https:\\\/\\\/www.e20srl.com\\\/en\\\/prodotti\\\/dott-roberto-rozza-accoglienza-e-gestione-del-paziente-disabile-nello-studio-odontoiatrico-approccio-clinico-relazionale-e-organizzativo-fad\\\/\",\"url\":\"https:\\\/\\\/www.e20srl.com\\\/en\\\/prodotti\\\/dott-roberto-rozza-accoglienza-e-gestione-del-paziente-disabile-nello-studio-odontoiatrico-approccio-clinico-relazionale-e-organizzativo-fad\\\/\",\"name\":\"Dott. Roberto Rozza - Accoglienza e gestione del paziente disabile nello studio odontoiatrico: approccio clinico, relazionale e organizzativo - FAD 2026 | e20\",\"isPartOf\":{\"@id\":\"https:\\\/\\\/www.e20srl.com\\\/en\\\/#website\"},\"primaryImageOfPage\":{\"@id\":\"https:\\\/\\\/www.e20srl.com\\\/en\\\/prodotti\\\/dott-roberto-rozza-accoglienza-e-gestione-del-paziente-disabile-nello-studio-odontoiatrico-approccio-clinico-relazionale-e-organizzativo-fad\\\/#primaryimage\"},\"image\":{\"@id\":\"https:\\\/\\\/www.e20srl.com\\\/en\\\/prodotti\\\/dott-roberto-rozza-accoglienza-e-gestione-del-paziente-disabile-nello-studio-odontoiatrico-approccio-clinico-relazionale-e-organizzativo-fad\\\/#primaryimage\"},\"thumbnailUrl\":\"https:\\\/\\\/www.e20srl.com\\\/wp-content\\\/uploads\\\/2025\\\/10\\\/FAD-Oral-B_rev.1.jpg\",\"datePublished\":\"2025-10-02T11:43:17+00:00\",\"dateModified\":\"2026-03-06T15:58:59+00:00\",\"breadcrumb\":{\"@id\":\"https:\\\/\\\/www.e20srl.com\\\/en\\\/prodotti\\\/dott-roberto-rozza-accoglienza-e-gestione-del-paziente-disabile-nello-studio-odontoiatrico-approccio-clinico-relazionale-e-organizzativo-fad\\\/#breadcrumb\"},\"inLanguage\":\"en-US\",\"potentialAction\":[{\"@type\":\"ReadAction\",\"target\":[\"https:\\\/\\\/www.e20srl.com\\\/en\\\/prodotti\\\/dott-roberto-rozza-accoglienza-e-gestione-del-paziente-disabile-nello-studio-odontoiatrico-approccio-clinico-relazionale-e-organizzativo-fad\\\/\"]}]},{\"@type\":\"ImageObject\",\"inLanguage\":\"en-US\",\"@id\":\"https:\\\/\\\/www.e20srl.com\\\/en\\\/prodotti\\\/dott-roberto-rozza-accoglienza-e-gestione-del-paziente-disabile-nello-studio-odontoiatrico-approccio-clinico-relazionale-e-organizzativo-fad\\\/#primaryimage\",\"url\":\"https:\\\/\\\/www.e20srl.com\\\/wp-content\\\/uploads\\\/2025\\\/10\\\/FAD-Oral-B_rev.1.jpg\",\"contentUrl\":\"https:\\\/\\\/www.e20srl.com\\\/wp-content\\\/uploads\\\/2025\\\/10\\\/FAD-Oral-B_rev.1.jpg\",\"width\":367,\"height\":431},{\"@type\":\"BreadcrumbList\",\"@id\":\"https:\\\/\\\/www.e20srl.com\\\/en\\\/prodotti\\\/dott-roberto-rozza-accoglienza-e-gestione-del-paziente-disabile-nello-studio-odontoiatrico-approccio-clinico-relazionale-e-organizzativo-fad\\\/#breadcrumb\",\"itemListElement\":[{\"@type\":\"ListItem\",\"position\":1,\"name\":\"Home\",\"item\":\"https:\\\/\\\/www.e20srl.com\\\/en\\\/\"},{\"@type\":\"ListItem\",\"position\":2,\"name\":\"Shop\",\"item\":\"https:\\\/\\\/www.e20srl.com\\\/en\\\/shop-2\\\/\"},{\"@type\":\"ListItem\",\"position\":3,\"name\":\"Dott. Roberto Rozza &#8211; Accoglienza e gestione del paziente disabile nello studio odontoiatrico: approccio clinico, relazionale e organizzativo &#8211; FAD 2026\"}]},{\"@type\":\"WebSite\",\"@id\":\"https:\\\/\\\/www.e20srl.com\\\/en\\\/#website\",\"url\":\"https:\\\/\\\/www.e20srl.com\\\/en\\\/\",\"name\":\"e20\",\"description\":\"Congressi e Corsi in presenza, FAD, webinar di Eccellenza per Odontoiatra, Igienista dentale, ASO\",\"publisher\":{\"@id\":\"https:\\\/\\\/www.e20srl.com\\\/en\\\/#organization\"},\"potentialAction\":[{\"@type\":\"SearchAction\",\"target\":{\"@type\":\"EntryPoint\",\"urlTemplate\":\"https:\\\/\\\/www.e20srl.com\\\/en\\\/?s={search_term_string}\"},\"query-input\":{\"@type\":\"PropertyValueSpecification\",\"valueRequired\":true,\"valueName\":\"search_term_string\"}}],\"inLanguage\":\"en-US\"},{\"@type\":\"Organization\",\"@id\":\"https:\\\/\\\/www.e20srl.com\\\/en\\\/#organization\",\"name\":\"e20 s.r.l.\",\"url\":\"https:\\\/\\\/www.e20srl.com\\\/en\\\/\",\"logo\":{\"@type\":\"ImageObject\",\"inLanguage\":\"en-US\",\"@id\":\"https:\\\/\\\/www.e20srl.com\\\/en\\\/#\\\/schema\\\/logo\\\/image\\\/\",\"url\":\"https:\\\/\\\/www.e20srl.com\\\/wp-content\\\/uploads\\\/2022\\\/10\\\/e20-icona.png\",\"contentUrl\":\"https:\\\/\\\/www.e20srl.com\\\/wp-content\\\/uploads\\\/2022\\\/10\\\/e20-icona.png\",\"width\":512,\"height\":512,\"caption\":\"e20 s.r.l.\"},\"image\":{\"@id\":\"https:\\\/\\\/www.e20srl.com\\\/en\\\/#\\\/schema\\\/logo\\\/image\\\/\"},\"sameAs\":[\"https:\\\/\\\/www.facebook.com\\\/e20srl\",\"https:\\\/\\\/www.instagram.com\\\/e20.srl\\\/\",\"https:\\\/\\\/www.youtube.com\\\/channel\\\/UCFK9MwMuURf-lxw-ca0PNHw\",\"https:\\\/\\\/www.linkedin.com\\\/company\\\/e20-srl\\\/about\\\/\"]}]}<\/script>\n<!-- \/ Yoast SEO plugin. -->","yoast_head_json":{"title":"Dott. Roberto Rozza - Accoglienza e gestione del paziente disabile nello studio odontoiatrico: approccio clinico, relazionale e organizzativo - FAD 2026 | e20","robots":{"index":"index","follow":"follow","max-snippet":"max-snippet:-1","max-image-preview":"max-image-preview:large","max-video-preview":"max-video-preview:-1"},"canonical":"https:\/\/www.e20srl.com\/en\/prodotti\/dott-roberto-rozza-accoglienza-e-gestione-del-paziente-disabile-nello-studio-odontoiatrico-approccio-clinico-relazionale-e-organizzativo-fad\/","og_locale":"en_US","og_type":"article","og_title":"Dott. Roberto Rozza - Accoglienza e gestione del paziente disabile nello studio odontoiatrico: approccio clinico, relazionale e organizzativo - FAD 2026 | e20","og_description":"Corso FAD Gratuito","og_url":"https:\/\/www.e20srl.com\/en\/prodotti\/dott-roberto-rozza-accoglienza-e-gestione-del-paziente-disabile-nello-studio-odontoiatrico-approccio-clinico-relazionale-e-organizzativo-fad\/","og_site_name":"e20","article_publisher":"https:\/\/www.facebook.com\/e20srl","article_modified_time":"2026-03-06T15:58:59+00:00","og_image":[{"width":367,"height":431,"url":"https:\/\/www.e20srl.com\/wp-content\/uploads\/2025\/10\/FAD-Oral-B_rev.1.jpg","type":"image\/jpeg"}],"twitter_card":"summary_large_image","twitter_misc":{"Est. reading time":"3 minutes"},"schema":{"@context":"https:\/\/schema.org","@graph":[{"@type":"WebPage","@id":"https:\/\/www.e20srl.com\/en\/prodotti\/dott-roberto-rozza-accoglienza-e-gestione-del-paziente-disabile-nello-studio-odontoiatrico-approccio-clinico-relazionale-e-organizzativo-fad\/","url":"https:\/\/www.e20srl.com\/en\/prodotti\/dott-roberto-rozza-accoglienza-e-gestione-del-paziente-disabile-nello-studio-odontoiatrico-approccio-clinico-relazionale-e-organizzativo-fad\/","name":"Dott. Roberto Rozza - Accoglienza e gestione del paziente disabile nello studio odontoiatrico: approccio clinico, relazionale e organizzativo - FAD 2026 | e20","isPartOf":{"@id":"https:\/\/www.e20srl.com\/en\/#website"},"primaryImageOfPage":{"@id":"https:\/\/www.e20srl.com\/en\/prodotti\/dott-roberto-rozza-accoglienza-e-gestione-del-paziente-disabile-nello-studio-odontoiatrico-approccio-clinico-relazionale-e-organizzativo-fad\/#primaryimage"},"image":{"@id":"https:\/\/www.e20srl.com\/en\/prodotti\/dott-roberto-rozza-accoglienza-e-gestione-del-paziente-disabile-nello-studio-odontoiatrico-approccio-clinico-relazionale-e-organizzativo-fad\/#primaryimage"},"thumbnailUrl":"https:\/\/www.e20srl.com\/wp-content\/uploads\/2025\/10\/FAD-Oral-B_rev.1.jpg","datePublished":"2025-10-02T11:43:17+00:00","dateModified":"2026-03-06T15:58:59+00:00","breadcrumb":{"@id":"https:\/\/www.e20srl.com\/en\/prodotti\/dott-roberto-rozza-accoglienza-e-gestione-del-paziente-disabile-nello-studio-odontoiatrico-approccio-clinico-relazionale-e-organizzativo-fad\/#breadcrumb"},"inLanguage":"en-US","potentialAction":[{"@type":"ReadAction","target":["https:\/\/www.e20srl.com\/en\/prodotti\/dott-roberto-rozza-accoglienza-e-gestione-del-paziente-disabile-nello-studio-odontoiatrico-approccio-clinico-relazionale-e-organizzativo-fad\/"]}]},{"@type":"ImageObject","inLanguage":"en-US","@id":"https:\/\/www.e20srl.com\/en\/prodotti\/dott-roberto-rozza-accoglienza-e-gestione-del-paziente-disabile-nello-studio-odontoiatrico-approccio-clinico-relazionale-e-organizzativo-fad\/#primaryimage","url":"https:\/\/www.e20srl.com\/wp-content\/uploads\/2025\/10\/FAD-Oral-B_rev.1.jpg","contentUrl":"https:\/\/www.e20srl.com\/wp-content\/uploads\/2025\/10\/FAD-Oral-B_rev.1.jpg","width":367,"height":431},{"@type":"BreadcrumbList","@id":"https:\/\/www.e20srl.com\/en\/prodotti\/dott-roberto-rozza-accoglienza-e-gestione-del-paziente-disabile-nello-studio-odontoiatrico-approccio-clinico-relazionale-e-organizzativo-fad\/#breadcrumb","itemListElement":[{"@type":"ListItem","position":1,"name":"Home","item":"https:\/\/www.e20srl.com\/en\/"},{"@type":"ListItem","position":2,"name":"Shop","item":"https:\/\/www.e20srl.com\/en\/shop-2\/"},{"@type":"ListItem","position":3,"name":"Dott. Roberto Rozza &#8211; Accoglienza e gestione del paziente disabile nello studio odontoiatrico: approccio clinico, relazionale e organizzativo &#8211; FAD 2026"}]},{"@type":"WebSite","@id":"https:\/\/www.e20srl.com\/en\/#website","url":"https:\/\/www.e20srl.com\/en\/","name":"e20","description":"Congressi e Corsi in presenza, FAD, webinar di Eccellenza per Odontoiatra, Igienista dentale, ASO","publisher":{"@id":"https:\/\/www.e20srl.com\/en\/#organization"},"potentialAction":[{"@type":"SearchAction","target":{"@type":"EntryPoint","urlTemplate":"https:\/\/www.e20srl.com\/en\/?s={search_term_string}"},"query-input":{"@type":"PropertyValueSpecification","valueRequired":true,"valueName":"search_term_string"}}],"inLanguage":"en-US"},{"@type":"Organization","@id":"https:\/\/www.e20srl.com\/en\/#organization","name":"e20 s.r.l.","url":"https:\/\/www.e20srl.com\/en\/","logo":{"@type":"ImageObject","inLanguage":"en-US","@id":"https:\/\/www.e20srl.com\/en\/#\/schema\/logo\/image\/","url":"https:\/\/www.e20srl.com\/wp-content\/uploads\/2022\/10\/e20-icona.png","contentUrl":"https:\/\/www.e20srl.com\/wp-content\/uploads\/2022\/10\/e20-icona.png","width":512,"height":512,"caption":"e20 s.r.l."},"image":{"@id":"https:\/\/www.e20srl.com\/en\/#\/schema\/logo\/image\/"},"sameAs":["https:\/\/www.facebook.com\/e20srl","https:\/\/www.instagram.com\/e20.srl\/","https:\/\/www.youtube.com\/channel\/UCFK9MwMuURf-lxw-ca0PNHw","https:\/\/www.linkedin.com\/company\/e20-srl\/about\/"]}]}},"_links":{"self":[{"href":"https:\/\/www.e20srl.com\/en\/wp-json\/wp\/v2\/product\/35399","targetHints":{"allow":["GET"]}}],"collection":[{"href":"https:\/\/www.e20srl.com\/en\/wp-json\/wp\/v2\/product"}],"about":[{"href":"https:\/\/www.e20srl.com\/en\/wp-json\/wp\/v2\/types\/product"}],"wp:featuredmedia":[{"embeddable":true,"href":"https:\/\/www.e20srl.com\/en\/wp-json\/wp\/v2\/media\/35400"}],"wp:attachment":[{"href":"https:\/\/www.e20srl.com\/en\/wp-json\/wp\/v2\/media?parent=35399"}],"wp:term":[{"taxonomy":"product_brand","embeddable":true,"href":"https:\/\/www.e20srl.com\/en\/wp-json\/wp\/v2\/product_brand?post=35399"},{"taxonomy":"product_cat","embeddable":true,"href":"https:\/\/www.e20srl.com\/en\/wp-json\/wp\/v2\/product_cat?post=35399"},{"taxonomy":"product_tag","embeddable":true,"href":"https:\/\/www.e20srl.com\/en\/wp-json\/wp\/v2\/product_tag?post=35399"}],"curies":[{"name":"wp","href":"https:\/\/api.w.org\/{rel}","templated":true}]}}