{"id":35472,"date":"2026-01-12T14:32:05","date_gmt":"2026-01-12T13:32:05","guid":{"rendered":"https:\/\/www.e20srl.com\/?post_type=product&#038;p=35472"},"modified":"2026-02-17T10:51:34","modified_gmt":"2026-02-17T09:51:34","slug":"dott-polesel-i-casi-endodontici-complessi-lesioni-fistole-ascessi-diagnosi-trattamento-e-longevita","status":"publish","type":"product","link":"https:\/\/www.e20srl.com\/en\/prodotti\/dott-polesel-i-casi-endodontici-complessi-lesioni-fistole-ascessi-diagnosi-trattamento-e-longevita\/","title":{"rendered":"Dott. Polesel &#8211; I casi endodontici complessi. Lesioni, fistole, ascessi: diagnosi, trattamento e longevit\u00e0."},"content":{"rendered":"<h5><img fetchpriority=\"high\" decoding=\"async\" class=\"alignleft size-full wp-image-35856\" src=\"https:\/\/www.e20srl.com\/wp-content\/uploads\/2026\/01\/1_Casi-Endodontici-Complessi-Preservare-il-Dente-Naturale.png\" alt=\"1_Casi-Endodontici-Complessi-Preservare-il-Dente-Naturale\" width=\"2400\" height=\"2400\" \/> <img decoding=\"async\" class=\"alignleft size-full wp-image-35858\" src=\"https:\/\/www.e20srl.com\/wp-content\/uploads\/2026\/01\/2_Il-Tuo-Docente-Dott-Andrea-Polesel.png\" alt=\"2_Il-Tuo-Docente-Dott-Andrea-Polesel\" width=\"2400\" height=\"2400\" \/> <img decoding=\"async\" class=\"alignleft size-full wp-image-35860\" src=\"https:\/\/www.e20srl.com\/wp-content\/uploads\/2026\/01\/3_La-Sfida-dellEndodonzia-Moderna.png\" alt=\"3_La-Sfida-dellEndodonzia-Moderna\" width=\"2400\" height=\"2400\" \/> <img loading=\"lazy\" decoding=\"async\" class=\"alignleft size-full wp-image-35862\" src=\"https:\/\/www.e20srl.com\/wp-content\/uploads\/2026\/01\/4_I-5-Fattori-Chiave-di-Successo.png\" alt=\"4_I-5-Fattori-Chiave-di-Successo\" width=\"2400\" height=\"2400\" \/> <img loading=\"lazy\" decoding=\"async\" class=\"alignleft size-full wp-image-35864\" src=\"https:\/\/www.e20srl.com\/wp-content\/uploads\/2026\/01\/5_Tecnologie-e-Materiali-dAvanguardia.png\" alt=\"5_Tecnologie-e-Materiali-dAvanguardia\" width=\"2400\" height=\"2400\" \/> <img loading=\"lazy\" decoding=\"async\" class=\"alignleft size-full wp-image-35866\" src=\"https:\/\/www.e20srl.com\/wp-content\/uploads\/2026\/01\/6_Programma-della-Giornata.png\" alt=\"6_Programma-della-Giornata\" width=\"2400\" height=\"2400\" \/> <img loading=\"lazy\" decoding=\"async\" class=\"alignleft size-full wp-image-35868\" src=\"https:\/\/www.e20srl.com\/wp-content\/uploads\/2026\/01\/7_Casi-Clinici-Prima-e-Dopo.png\" alt=\"7_Casi-Clinici-Prima-e-Dopo\" width=\"2400\" height=\"2400\" \/> <img loading=\"lazy\" decoding=\"async\" class=\"alignleft size-full wp-image-35870\" src=\"https:\/\/www.e20srl.com\/wp-content\/uploads\/2026\/01\/8_Dettagli-Pratici-del-Corso.png\" alt=\"8_Dettagli-Pratici-del-Corso\" width=\"2400\" height=\"2400\" \/> <img loading=\"lazy\" decoding=\"async\" class=\"alignleft size-full wp-image-35872\" src=\"https:\/\/www.e20srl.com\/wp-content\/uploads\/2026\/01\/9_Quota-e-Modalita-di-Iscrizione.png\" alt=\"9_Quota-e-Modalita-di-Iscrizione\" width=\"2400\" height=\"2400\" \/><\/h5>\n<h5 style=\"color: #2e3192;\"><span style=\"color: #008080;\"><strong>ABSTRACT<\/strong><\/span><\/h5>\n<p>La preservazione degli elementi naturali rappresenta l\u2019obiettivo di prima scelta in odontoiatria. In presenza di casi endodontici complessi il clinico si trova davanti ad un bivio: scegliere la strada pi\u00f9 radicale, semplice e, forse, redditizia, ovvero estrarre, oppure optare per una terapia conservativa, decisamente pi\u00f9 rispettosa dei principi biologici e deontologici di base e della qualit\u00e0 della vita del paziente. In presenza di trattamenti e ritrattamenti endodontici complessi, specialmente in molari con lesioni, fistole, ascessi, incrinature, apici sovradimensionati, anatomie alterate, la tentazione da parte del dentista generico di intraprendere la scorciatoia implantare aumenta in modo considerevole. Scopo del corso \u00e8 mostrare il potenziale biologico dell\u2019endodonzia moderna in condizioni estreme, attraverso una serie di casi clinici, descritti dettagliatamente nelle singole fasi operative.<\/p>\n<p>Verranno presi in esame i fattori chiave di successo:<\/p>\n<ol>\n<li><strong>la gestione dell\u2019urgenza;<\/strong><\/li>\n<li><strong>la diagnosi e il ruolo determinante della CBCT;<\/strong><\/li>\n<li><strong>il piano di trattamento: impianto vs dente naturale;<\/strong><\/li>\n<li><strong>i protocolli terapeutici;<\/strong><\/li>\n<li><strong>la finalizzazione del caso in funzione della longevit\u00e0.<\/strong><\/li>\n<\/ol>\n<p>Materiali bioceramici, nuovi sistemi di attivazione degli irriganti, coni di guttaperca di ultima generazione sono solo alcuni dei sistemi in grado di innalzare la qualit\u00e0. Oggi la gestione dei casi complessi non \u00e8 pi\u00f9 \u201caccanimento terapeutico\u201d come in passato, ma rappresenta la routine quotidiana, non solo per lo specialista, ma anche per il dentista generico. Dopo 30 anni di esperienza clinica interdisciplinare, nel rispetto della letteratura scientifica, alcuni fattori chiave rivestono un ruolo determinante: la centralit\u00e0 del paziente nel rispetto del Daughter\u2019s test, le esigenze estetiche e le soluzioni di compromesso in grado di soddisfare le aspettative del paziente non sempre disponibile a sostenere lunghi e costosi piani di cura ideali.<\/p>\n<h5 style=\"color: #2e3192;\"><span style=\"color: #008080;\"><strong>PROGRAMMA DEL CORSO<\/strong><\/span><\/h5>\n<p class=\"p1\"><strong>INIZIO CORSO: 9.30 | TERMINE CORSO: 16.30<\/strong><\/p>\n<p class=\"p2\"><strong>09.30 &#8211; 11.30 Sessione teorica<\/strong><\/p>\n<ul>\n<li class=\"p2\">I fattori chiave di successo nella moderna endodonzia<\/li>\n<li class=\"p2\">La mini-invasivit\u00e0 delle procedure endo-restaurative<\/li>\n<li class=\"p2\">Indicazioni, protocolli e longevit\u00e0 del restauro post-endodontico<\/li>\n<\/ul>\n<p class=\"p2\"><strong>11.30 &#8211; 12.00 Coffee-break<\/strong><\/p>\n<p class=\"p2\"><strong>12.00 &#8211; 13.30 Sessione teorica<\/strong><\/p>\n<ul>\n<li class=\"p2\">Restauro diretto, intarsi e corone: come quando e perch\u00e9<\/li>\n<li class=\"p2\">Build-up e\/o ricostruzione con perni<\/li>\n<li class=\"p2\">Strumenti, materiali e dispositivi in restaurativa adesiva post endodontica: matrici, anelli divaricatori e cunei di ultima generazione.<\/li>\n<li class=\"p2\">Tips &amp; Tricks nella pratica clinica quotidiana. Come semplificare i casi complessi.<\/li>\n<\/ul>\n<p class=\"p2\"><strong>13.30 &#8211; 14.30 Light lunch<\/strong><\/p>\n<p class=\"p2\"><strong>14.30 &#8211; 16.30 Sessione pratica<\/strong><\/p>\n<ul>\n<li class=\"p2\">Sagomatura con strumenti rotanti e\/o reciprocanti su denti estratti con cavit\u00e0 d\u2019accesso preparata dai partecipanti prima del corso.<\/li>\n<li class=\"p2\">Sigillo coronale con adesivi smalto dentinali, materiali compositi e\/o perni in fibra Materiale Richiesto<\/li>\n<li class=\"p2\">Sistemi ingrandenti utilizzati abitualmente.<\/li>\n<li class=\"p2\">Una spatola plugger per modellare il composito.<\/li>\n<li class=\"p2\">2-3 denti estratti con cavit\u00e0 d\u2019accesso preparata e canali sondati con k-file 10.<\/li>\n<li class=\"p2\">2-3 denti estratti trattati endodonticamente e cavit\u00e0 preparata per esecuzione di restauro post\u2019endodontico con perni in fibra e compositi.<\/li>\n<\/ul>\n<h5 style=\"color: #2e3192;\"><span style=\"color: #008080;\"><strong>DESTINATARI DEL CORSO<\/strong><\/span><\/h5>\n<p>Figure professionali accreditate: <strong>Odontoiatri<\/strong><\/p>\n<p>&nbsp;<\/p>\n<h5 style=\"color: #2e3192;\"><span style=\"color: #008080;\"><strong>MODALIT\u00c0 DI SVOLGIMENTO<\/strong><\/span><\/h5>\n<p>Le attivit\u00e0 si svolgeranno\u00a0<strong>in presenza<\/strong> nella giornata di <strong>Sabato 13 Giugno 2026<\/strong><\/p>\n<table style=\"border-collapse: collapse; width: 99.9203%; height: 103px;\">\n<tbody>\n<tr style=\"background-color: #cfebfe;\">\n<td style=\"width: 100%; text-align: left;\">Per coloro che hanno scelto il pagamento tramite bonifico bancario, si informa che essendo un corso pratico con posti limitati, l\u2019iscrizione sar\u00e0 considerata valida se seguita entro 5gg. dalla prenotazione, dalla contabile del pagamento. Diversamente, la prenotazione sar\u00e0 automaticamente cancellata.<\/td>\n<\/tr>\n<\/tbody>\n<\/table>\n<p>&nbsp;<\/p>\n<h5 style=\"color: #2e3192;\"><span style=\"color: #008080;\"><strong>POLICY DI CANCELLAZIONE<\/strong><\/span><\/h5>\n<p class=\"column\">In caso di mancata partecipazione verr\u00e0 effettuato un rimborso al netto dei diritti di Segreteria (50% della quota di iscrizione iva compresa) solo se la disdetta scritta sar\u00e0 pervenuta alla Segreteria entro e non oltre 15 giorni lavorativi prima dallo svolgimento dell\u2019evento per comprovati motivi. Le iscrizioni saranno ritenute valide solo se accompagnate dalla quota di iscrizione o dalla ricevuta del bonifico.<\/p>\n<h5 style=\"color: #2e3192;\"><span style=\"color: #008080;\"><strong>LOCATION<\/strong><\/span><\/h5>\n<p class=\"p1\"><strong>STUDIO DEALBERTI<br \/>\n<\/strong>Corso Giacomo Matteotti, 66 &#8211; 29015 Castel San Giovanni (PC)<\/p>\n<p>&nbsp;<\/p>\n<h5 style=\"text-align: center; color: #2e3192;\"><span style=\"color: #008080;\">CON IL CONTRIBUTO INCONDIZIONATO DI:<\/span><\/h5>\n<p>&nbsp;<\/p>\n<h5 style=\"text-align: center; color: #2e3192;\"><a href=\"https:\/\/www.coltene.com\/\" target=\"_blank\" rel=\"noopener\"><img loading=\"lazy\" decoding=\"async\" class=\"wp-image-29295 aligncenter\" src=\"https:\/\/www.e20srl.com\/wp-content\/uploads\/2024\/07\/Logo_of_COLTENE-2.png\" alt=\"\" width=\"711\" height=\"85\" \/><\/a><\/h5>\n<p>&nbsp;<\/p>\n<p>&nbsp;<\/p>\n","protected":false},"excerpt":{"rendered":"<h5>10 crediti ECM<br \/>\nPosti limitati: max 12 partecipanti<\/h5>\n<h5><span style=\"color: #2e3192;\">Quota di iscrizione: \u20ac 300,00 + IVA\u00a0<\/span><\/h5>\n<h5 style=\"color: #2e3192; text-align: left;\"><a href=\"https:\/\/www.e20srl.com\/area-privata\/index.php?id=2538&amp;iscrizione=1\" target=\"_blank\" rel=\"noopener\"><img loading=\"lazy\" decoding=\"async\" class=\"alignnone wp-image-21527 size-full\" src=\"https:\/\/www.e20srl.com\/wp-content\/uploads\/2023\/10\/pulsante-per-partecipare-3.png\" alt=\"Clicca qui per partecipare\" width=\"395\" height=\"72\" \/><\/a><\/h5>\n","protected":false},"featured_media":35589,"menu_order":51,"template":"","meta":{"_monsterinsights_skip_tracking":false,"_monsterinsights_sitenote_active":false,"_monsterinsights_sitenote_note":"","_monsterinsights_sitenote_category":0},"product_brand":[],"product_cat":[609,604],"product_tag":[654],"class_list":{"0":"post-35472","1":"product","2":"type-product","3":"status-publish","4":"has-post-thumbnail","6":"product_cat-corsi","7":"product_cat-odontoiatri","8":"product_tag-corsi","10":"first","11":"instock","12":"shipping-taxable","13":"product-type-simple"},"yoast_head":"<!-- This site is optimized with the Yoast SEO plugin v27.5 - https:\/\/yoast.com\/product\/yoast-seo-wordpress\/ -->\n<title>Dott. Polesel - I casi endodontici complessi. Lesioni, fistole, ascessi: diagnosi, trattamento e longevit\u00e0. | e20<\/title>\n<meta name=\"description\" content=\"OBIETTIVO DEL CORSO \u00e8 discutere le nuove strategie operative in endodonzia ortograda e restaurativa post endodontica.\" \/>\n<meta name=\"robots\" content=\"index, follow, max-snippet:-1, max-image-preview:large, max-video-preview:-1\" \/>\n<link rel=\"canonical\" href=\"https:\/\/www.e20srl.com\/en\/prodotti\/dott-polesel-i-casi-endodontici-complessi-lesioni-fistole-ascessi-diagnosi-trattamento-e-longevita\/\" \/>\n<meta property=\"og:locale\" content=\"en_US\" \/>\n<meta property=\"og:type\" content=\"article\" \/>\n<meta property=\"og:title\" content=\"Dott. Polesel - I casi endodontici complessi. Lesioni, fistole, ascessi: diagnosi, trattamento e longevit\u00e0. | e20\" \/>\n<meta property=\"og:description\" content=\"OBIETTIVO DEL CORSO \u00e8 discutere le nuove strategie operative in endodonzia ortograda e restaurativa post endodontica.\" \/>\n<meta property=\"og:url\" content=\"https:\/\/www.e20srl.com\/en\/prodotti\/dott-polesel-i-casi-endodontici-complessi-lesioni-fistole-ascessi-diagnosi-trattamento-e-longevita\/\" \/>\n<meta property=\"og:site_name\" content=\"e20\" \/>\n<meta property=\"article:publisher\" content=\"https:\/\/www.facebook.com\/e20srl\" \/>\n<meta property=\"article:modified_time\" content=\"2026-02-17T09:51:34+00:00\" \/>\n<meta property=\"og:image\" content=\"https:\/\/www.e20srl.com\/wp-content\/uploads\/2026\/01\/2026-Giugno-castel-San-Giovanni-Polesel-rev.2.jpg\" \/>\n\t<meta property=\"og:image:width\" content=\"2480\" \/>\n\t<meta property=\"og:image:height\" content=\"2480\" \/>\n\t<meta property=\"og:image:type\" content=\"image\/jpeg\" \/>\n<meta name=\"twitter:card\" content=\"summary_large_image\" \/>\n<meta name=\"twitter:label1\" content=\"Est. reading time\" \/>\n\t<meta name=\"twitter:data1\" content=\"6 minutes\" \/>\n<script type=\"application\/ld+json\" class=\"yoast-schema-graph\">{\"@context\":\"https:\\\/\\\/schema.org\",\"@graph\":[{\"@type\":\"WebPage\",\"@id\":\"https:\\\/\\\/www.e20srl.com\\\/en\\\/prodotti\\\/dott-polesel-i-casi-endodontici-complessi-lesioni-fistole-ascessi-diagnosi-trattamento-e-longevita\\\/\",\"url\":\"https:\\\/\\\/www.e20srl.com\\\/en\\\/prodotti\\\/dott-polesel-i-casi-endodontici-complessi-lesioni-fistole-ascessi-diagnosi-trattamento-e-longevita\\\/\",\"name\":\"Dott. Polesel - I casi endodontici complessi. Lesioni, fistole, ascessi: diagnosi, trattamento e longevit\u00e0. | e20\",\"isPartOf\":{\"@id\":\"https:\\\/\\\/www.e20srl.com\\\/en\\\/#website\"},\"primaryImageOfPage\":{\"@id\":\"https:\\\/\\\/www.e20srl.com\\\/en\\\/prodotti\\\/dott-polesel-i-casi-endodontici-complessi-lesioni-fistole-ascessi-diagnosi-trattamento-e-longevita\\\/#primaryimage\"},\"image\":{\"@id\":\"https:\\\/\\\/www.e20srl.com\\\/en\\\/prodotti\\\/dott-polesel-i-casi-endodontici-complessi-lesioni-fistole-ascessi-diagnosi-trattamento-e-longevita\\\/#primaryimage\"},\"thumbnailUrl\":\"https:\\\/\\\/www.e20srl.com\\\/wp-content\\\/uploads\\\/2026\\\/01\\\/2026-Giugno-castel-San-Giovanni-Polesel-rev.2.jpg\",\"datePublished\":\"2026-01-12T13:32:05+00:00\",\"dateModified\":\"2026-02-17T09:51:34+00:00\",\"description\":\"OBIETTIVO DEL CORSO \u00e8 discutere le nuove strategie operative in endodonzia ortograda e restaurativa post endodontica.\",\"breadcrumb\":{\"@id\":\"https:\\\/\\\/www.e20srl.com\\\/en\\\/prodotti\\\/dott-polesel-i-casi-endodontici-complessi-lesioni-fistole-ascessi-diagnosi-trattamento-e-longevita\\\/#breadcrumb\"},\"inLanguage\":\"en-US\",\"potentialAction\":[{\"@type\":\"ReadAction\",\"target\":[\"https:\\\/\\\/www.e20srl.com\\\/en\\\/prodotti\\\/dott-polesel-i-casi-endodontici-complessi-lesioni-fistole-ascessi-diagnosi-trattamento-e-longevita\\\/\"]}]},{\"@type\":\"ImageObject\",\"inLanguage\":\"en-US\",\"@id\":\"https:\\\/\\\/www.e20srl.com\\\/en\\\/prodotti\\\/dott-polesel-i-casi-endodontici-complessi-lesioni-fistole-ascessi-diagnosi-trattamento-e-longevita\\\/#primaryimage\",\"url\":\"https:\\\/\\\/www.e20srl.com\\\/wp-content\\\/uploads\\\/2026\\\/01\\\/2026-Giugno-castel-San-Giovanni-Polesel-rev.2.jpg\",\"contentUrl\":\"https:\\\/\\\/www.e20srl.com\\\/wp-content\\\/uploads\\\/2026\\\/01\\\/2026-Giugno-castel-San-Giovanni-Polesel-rev.2.jpg\",\"width\":2480,\"height\":2480},{\"@type\":\"BreadcrumbList\",\"@id\":\"https:\\\/\\\/www.e20srl.com\\\/en\\\/prodotti\\\/dott-polesel-i-casi-endodontici-complessi-lesioni-fistole-ascessi-diagnosi-trattamento-e-longevita\\\/#breadcrumb\",\"itemListElement\":[{\"@type\":\"ListItem\",\"position\":1,\"name\":\"Home\",\"item\":\"https:\\\/\\\/www.e20srl.com\\\/en\\\/\"},{\"@type\":\"ListItem\",\"position\":2,\"name\":\"Shop\",\"item\":\"https:\\\/\\\/www.e20srl.com\\\/en\\\/shop-2\\\/\"},{\"@type\":\"ListItem\",\"position\":3,\"name\":\"Dott. Polesel &#8211; I casi endodontici complessi. Lesioni, fistole, ascessi: diagnosi, trattamento e longevit\u00e0.\"}]},{\"@type\":\"WebSite\",\"@id\":\"https:\\\/\\\/www.e20srl.com\\\/en\\\/#website\",\"url\":\"https:\\\/\\\/www.e20srl.com\\\/en\\\/\",\"name\":\"e20\",\"description\":\"Congressi e Corsi in presenza, FAD, webinar di Eccellenza per Odontoiatra, Igienista dentale, ASO\",\"publisher\":{\"@id\":\"https:\\\/\\\/www.e20srl.com\\\/en\\\/#organization\"},\"potentialAction\":[{\"@type\":\"SearchAction\",\"target\":{\"@type\":\"EntryPoint\",\"urlTemplate\":\"https:\\\/\\\/www.e20srl.com\\\/en\\\/?s={search_term_string}\"},\"query-input\":{\"@type\":\"PropertyValueSpecification\",\"valueRequired\":true,\"valueName\":\"search_term_string\"}}],\"inLanguage\":\"en-US\"},{\"@type\":\"Organization\",\"@id\":\"https:\\\/\\\/www.e20srl.com\\\/en\\\/#organization\",\"name\":\"e20 s.r.l.\",\"url\":\"https:\\\/\\\/www.e20srl.com\\\/en\\\/\",\"logo\":{\"@type\":\"ImageObject\",\"inLanguage\":\"en-US\",\"@id\":\"https:\\\/\\\/www.e20srl.com\\\/en\\\/#\\\/schema\\\/logo\\\/image\\\/\",\"url\":\"https:\\\/\\\/www.e20srl.com\\\/wp-content\\\/uploads\\\/2022\\\/10\\\/e20-icona.png\",\"contentUrl\":\"https:\\\/\\\/www.e20srl.com\\\/wp-content\\\/uploads\\\/2022\\\/10\\\/e20-icona.png\",\"width\":512,\"height\":512,\"caption\":\"e20 s.r.l.\"},\"image\":{\"@id\":\"https:\\\/\\\/www.e20srl.com\\\/en\\\/#\\\/schema\\\/logo\\\/image\\\/\"},\"sameAs\":[\"https:\\\/\\\/www.facebook.com\\\/e20srl\",\"https:\\\/\\\/www.instagram.com\\\/e20.srl\\\/\",\"https:\\\/\\\/www.youtube.com\\\/channel\\\/UCFK9MwMuURf-lxw-ca0PNHw\",\"https:\\\/\\\/www.linkedin.com\\\/company\\\/e20-srl\\\/about\\\/\"]}]}<\/script>\n<!-- \/ Yoast SEO plugin. -->","yoast_head_json":{"title":"Dott. Polesel - I casi endodontici complessi. Lesioni, fistole, ascessi: diagnosi, trattamento e longevit\u00e0. | e20","description":"OBIETTIVO DEL CORSO \u00e8 discutere le nuove strategie operative in endodonzia ortograda e restaurativa post endodontica.","robots":{"index":"index","follow":"follow","max-snippet":"max-snippet:-1","max-image-preview":"max-image-preview:large","max-video-preview":"max-video-preview:-1"},"canonical":"https:\/\/www.e20srl.com\/en\/prodotti\/dott-polesel-i-casi-endodontici-complessi-lesioni-fistole-ascessi-diagnosi-trattamento-e-longevita\/","og_locale":"en_US","og_type":"article","og_title":"Dott. Polesel - I casi endodontici complessi. Lesioni, fistole, ascessi: diagnosi, trattamento e longevit\u00e0. | e20","og_description":"OBIETTIVO DEL CORSO \u00e8 discutere le nuove strategie operative in endodonzia ortograda e restaurativa post endodontica.","og_url":"https:\/\/www.e20srl.com\/en\/prodotti\/dott-polesel-i-casi-endodontici-complessi-lesioni-fistole-ascessi-diagnosi-trattamento-e-longevita\/","og_site_name":"e20","article_publisher":"https:\/\/www.facebook.com\/e20srl","article_modified_time":"2026-02-17T09:51:34+00:00","og_image":[{"width":2480,"height":2480,"url":"https:\/\/www.e20srl.com\/wp-content\/uploads\/2026\/01\/2026-Giugno-castel-San-Giovanni-Polesel-rev.2.jpg","type":"image\/jpeg"}],"twitter_card":"summary_large_image","twitter_misc":{"Est. reading time":"6 minutes"},"schema":{"@context":"https:\/\/schema.org","@graph":[{"@type":"WebPage","@id":"https:\/\/www.e20srl.com\/en\/prodotti\/dott-polesel-i-casi-endodontici-complessi-lesioni-fistole-ascessi-diagnosi-trattamento-e-longevita\/","url":"https:\/\/www.e20srl.com\/en\/prodotti\/dott-polesel-i-casi-endodontici-complessi-lesioni-fistole-ascessi-diagnosi-trattamento-e-longevita\/","name":"Dott. Polesel - I casi endodontici complessi. Lesioni, fistole, ascessi: diagnosi, trattamento e longevit\u00e0. | e20","isPartOf":{"@id":"https:\/\/www.e20srl.com\/en\/#website"},"primaryImageOfPage":{"@id":"https:\/\/www.e20srl.com\/en\/prodotti\/dott-polesel-i-casi-endodontici-complessi-lesioni-fistole-ascessi-diagnosi-trattamento-e-longevita\/#primaryimage"},"image":{"@id":"https:\/\/www.e20srl.com\/en\/prodotti\/dott-polesel-i-casi-endodontici-complessi-lesioni-fistole-ascessi-diagnosi-trattamento-e-longevita\/#primaryimage"},"thumbnailUrl":"https:\/\/www.e20srl.com\/wp-content\/uploads\/2026\/01\/2026-Giugno-castel-San-Giovanni-Polesel-rev.2.jpg","datePublished":"2026-01-12T13:32:05+00:00","dateModified":"2026-02-17T09:51:34+00:00","description":"OBIETTIVO DEL CORSO \u00e8 discutere le nuove strategie operative in endodonzia ortograda e restaurativa post endodontica.","breadcrumb":{"@id":"https:\/\/www.e20srl.com\/en\/prodotti\/dott-polesel-i-casi-endodontici-complessi-lesioni-fistole-ascessi-diagnosi-trattamento-e-longevita\/#breadcrumb"},"inLanguage":"en-US","potentialAction":[{"@type":"ReadAction","target":["https:\/\/www.e20srl.com\/en\/prodotti\/dott-polesel-i-casi-endodontici-complessi-lesioni-fistole-ascessi-diagnosi-trattamento-e-longevita\/"]}]},{"@type":"ImageObject","inLanguage":"en-US","@id":"https:\/\/www.e20srl.com\/en\/prodotti\/dott-polesel-i-casi-endodontici-complessi-lesioni-fistole-ascessi-diagnosi-trattamento-e-longevita\/#primaryimage","url":"https:\/\/www.e20srl.com\/wp-content\/uploads\/2026\/01\/2026-Giugno-castel-San-Giovanni-Polesel-rev.2.jpg","contentUrl":"https:\/\/www.e20srl.com\/wp-content\/uploads\/2026\/01\/2026-Giugno-castel-San-Giovanni-Polesel-rev.2.jpg","width":2480,"height":2480},{"@type":"BreadcrumbList","@id":"https:\/\/www.e20srl.com\/en\/prodotti\/dott-polesel-i-casi-endodontici-complessi-lesioni-fistole-ascessi-diagnosi-trattamento-e-longevita\/#breadcrumb","itemListElement":[{"@type":"ListItem","position":1,"name":"Home","item":"https:\/\/www.e20srl.com\/en\/"},{"@type":"ListItem","position":2,"name":"Shop","item":"https:\/\/www.e20srl.com\/en\/shop-2\/"},{"@type":"ListItem","position":3,"name":"Dott. Polesel &#8211; I casi endodontici complessi. Lesioni, fistole, ascessi: diagnosi, trattamento e longevit\u00e0."}]},{"@type":"WebSite","@id":"https:\/\/www.e20srl.com\/en\/#website","url":"https:\/\/www.e20srl.com\/en\/","name":"e20","description":"Congressi e Corsi in presenza, FAD, webinar di Eccellenza per Odontoiatra, Igienista dentale, ASO","publisher":{"@id":"https:\/\/www.e20srl.com\/en\/#organization"},"potentialAction":[{"@type":"SearchAction","target":{"@type":"EntryPoint","urlTemplate":"https:\/\/www.e20srl.com\/en\/?s={search_term_string}"},"query-input":{"@type":"PropertyValueSpecification","valueRequired":true,"valueName":"search_term_string"}}],"inLanguage":"en-US"},{"@type":"Organization","@id":"https:\/\/www.e20srl.com\/en\/#organization","name":"e20 s.r.l.","url":"https:\/\/www.e20srl.com\/en\/","logo":{"@type":"ImageObject","inLanguage":"en-US","@id":"https:\/\/www.e20srl.com\/en\/#\/schema\/logo\/image\/","url":"https:\/\/www.e20srl.com\/wp-content\/uploads\/2022\/10\/e20-icona.png","contentUrl":"https:\/\/www.e20srl.com\/wp-content\/uploads\/2022\/10\/e20-icona.png","width":512,"height":512,"caption":"e20 s.r.l."},"image":{"@id":"https:\/\/www.e20srl.com\/en\/#\/schema\/logo\/image\/"},"sameAs":["https:\/\/www.facebook.com\/e20srl","https:\/\/www.instagram.com\/e20.srl\/","https:\/\/www.youtube.com\/channel\/UCFK9MwMuURf-lxw-ca0PNHw","https:\/\/www.linkedin.com\/company\/e20-srl\/about\/"]}]}},"_links":{"self":[{"href":"https:\/\/www.e20srl.com\/en\/wp-json\/wp\/v2\/product\/35472","targetHints":{"allow":["GET"]}}],"collection":[{"href":"https:\/\/www.e20srl.com\/en\/wp-json\/wp\/v2\/product"}],"about":[{"href":"https:\/\/www.e20srl.com\/en\/wp-json\/wp\/v2\/types\/product"}],"wp:featuredmedia":[{"embeddable":true,"href":"https:\/\/www.e20srl.com\/en\/wp-json\/wp\/v2\/media\/35589"}],"wp:attachment":[{"href":"https:\/\/www.e20srl.com\/en\/wp-json\/wp\/v2\/media?parent=35472"}],"wp:term":[{"taxonomy":"product_brand","embeddable":true,"href":"https:\/\/www.e20srl.com\/en\/wp-json\/wp\/v2\/product_brand?post=35472"},{"taxonomy":"product_cat","embeddable":true,"href":"https:\/\/www.e20srl.com\/en\/wp-json\/wp\/v2\/product_cat?post=35472"},{"taxonomy":"product_tag","embeddable":true,"href":"https:\/\/www.e20srl.com\/en\/wp-json\/wp\/v2\/product_tag?post=35472"}],"curies":[{"name":"wp","href":"https:\/\/api.w.org\/{rel}","templated":true}]}}