{"id":35584,"date":"2026-01-26T17:21:33","date_gmt":"2026-01-26T16:21:33","guid":{"rendered":"https:\/\/www.e20srl.com\/?post_type=product&#038;p=35584"},"modified":"2026-02-05T11:14:05","modified_gmt":"2026-02-05T10:14:05","slug":"dott-ssa-consuelo-sanavia-smalto-and-whitening-continuing-education-csana-academy-fad-2026","status":"publish","type":"product","link":"https:\/\/www.e20srl.com\/en\/prodotti\/dott-ssa-consuelo-sanavia-smalto-and-whitening-continuing-education-csana-academy-fad-2026\/","title":{"rendered":"DOTT.SSA CONSUELO SANAVIA &#8211; Smalto and whitening Continuing Education Csana Academy &#8211; FAD 2026"},"content":{"rendered":"<p><span style=\"color: #000080;\"><strong><span style=\"font-size: 14pt;\">ABSTRACT<\/span><\/strong><\/span><\/p>\n<p>Negli ultimi anni la crescente attenzione a una prevenzione della carie basata sulla MID (Minimal Intervention Dentistry) ha portato alla luce la questione delle alterazioni dello smalto che maggiormente si ritrovano nella clinica odierna. Tra queste l\u2019MIH (Molar Incisor Hypomineralizzation) e le WSL (White Spot Lesion) che necessitano di attenzioni cliniche poco adottate nel passato. Per assolvere a queste necessit\u00e0 abbiamo bisogno di nuove conoscenze e tecnologie, l\u2019unico modo per migliorare lo stato di salute dentale dei nostri pazienti, piccoli e adolescenti. L\u2019uscita di prodotti innovativi come le resine infiltranti, i biomateriali e le tecnologie peptidiche forniscono nuove strategie, ma il loro utilizzo dev\u2019essere ben compreso per evitare costi inutili per il paziente o fallimenti terapeutici. Questo Corso Master ti fornisce la conoscenza ma anche il razionale clinico applicabile in un ambito di terapia non restaurativa dello smalto e della patologia cariosa secondo le linee guida internazionali relative alla mini invasivit\u00e0. Imparare a gestire bene le fasi dello sbiancamento dei denti vitali, ma un supporto vero e proprio a gestire i dubbi e le varie situazioni che si possono verificare e tanti protocolli clinici dove l\u2019esperienza della relatrice e le evidenze scientifiche ti guideranno ad ottenere dei trattamenti di successo. La parte dedicata allo sbiancamento dentale \u00e8 parte integrante anche della gestione delle lesioni dello smalto grazie all\u2019effetto camouflage del trattamento sbiancante , la sua sicurezza in termini di salute dello smalto e la sua mini invasivit\u00e0 come procedura. Nella parte dello sbiancamento si affrontano differenti argomenti per comprendere l\u2019azione dei principi attivi sui tessuti dentali, le diverse tipologie di trattamento in studio e a domicilio. Si affronta il ciclo dello sbiancamento dall\u2019esame iniziale, alla valutazione delle discromie e attraverso molti casi clinici si declinano i protocolli applicati per il trattamento di denti discromici o con alterazioni dello smalto. Alla fine del corso si avranno molti strumenti utili per classificare e trattare le discromie e le opacit\u00e0 dello smalto.<\/p>\n<h5 style=\"color: #2e3192;\"><strong>PROGRAMMA DEL CORSO<\/strong><\/h5>\n<p><b>I FONDAMENTALI<span class=\"Apple-converted-space\">\u00a0<\/span><\/b><b><\/b><\/p>\n<p>Una parte generale dove ripasserai i fondamenti del meccanismo dei perossidi sullo sbiancamento con le ultimissime scoperte relative all,\u2019azione sul dente, alla penetrabilit\u00e0 e questo ti consentir\u00e0 di capire meglio come scegliere i trattamenti da fare.<span class=\"Apple-converted-space\">\u00a0<\/span><\/p>\n<p>Come capire le aspettative del paziente e scegliere il giusto trattamento. Ti verranno descritti i differenti sistemi di sbiancamento con i vantaggi e svantaggi ma sopratutto come fare delle scelte razionali sul trattamento da eseguire<span class=\"Apple-converted-space\">\u00a0<\/span><\/p>\n<p><b>LA CLINICA<span class=\"Apple-converted-space\">\u00a0<\/span><\/b><b><\/b><\/p>\n<p>Una parte molto clinica ti suddivider\u00e0 e descriver\u00e0 le differenti discromie che potrai incontrare e ti guider\u00e0 alla scelta pi\u00f9 appropriata del trattamento con esempi clinici eseguiti dalla relatrice e uno sguardo sulle evidenze scientifiche pi\u00f9 attuali.<span class=\"Apple-converted-space\">\u00a0<\/span><\/p>\n<p>Pur sapendo che lo sbiancamento non \u00e8 una scienza esatta ci sono molti fattori che possono aiutarci a prevedere i risultati possibili.<span class=\"Apple-converted-space\">\u00a0<\/span><\/p>\n<p>Una parte di questa sessione ti guider\u00e0 all\u2019osservazione della valutazione del sorriso nella sua globalit\u00e0 per portarti a considerare il sorriso nella sua globalit\u00e0 per proporre la soluzione migliore.<span class=\"Apple-converted-space\">\u00a0<\/span><\/p>\n<p>Cosa valutare prima di eseguire il trattamento scelto per evitare problemi di sensibilit\u00e0, danni dentali ed insuccessi.<span class=\"Apple-converted-space\">\u00a0<\/span><\/p>\n<p><b>I PROTOCOLLI INSEGNANO<span class=\"Apple-converted-space\">\u00a0<\/span><\/b><b><\/b><\/p>\n<p>Attraverso la descrizione di casi emblematici la relatrice ti porter\u00e0 nel cuore dell\u2019esperienza clinica dove attraverso diversi casi potrai comprendere e vedere applicare le nozioni apprese nelle parti precedenti. La scelta dei protocolli, i tempi dei risultati i materiali utilizzati e anche i prevedibili costi di esecuzione che sono una parte rilevante per potere pianificare.<span class=\"Apple-converted-space\">\u00a0<\/span><\/p>\n<p>Non mancher\u00e0 in questa parte l\u2019aspetto ergonomico per queste procedure per avere un\u2019organizzazione necessaria alla sicurezza e a rendere la vita dell\u2019operatore pi\u00f9 semplice.<\/p>\n<h5 style=\"color: #2e3192;\"><strong>MODALITA\u2019 DI SVOLGIMENTO<\/strong><\/h5>\n<p>Le attivit\u00e0 si svolgeranno\u00a0<strong>in \u00a0FAD &#8211; Formazione a distanza\u00a0<\/strong><\/p>\n<table style=\"border-collapse: collapse; width: 99.9203%; height: 103px;\">\n<tbody>\n<tr style=\"background-color: #cfebfe;\">\n<td style=\"width: 100%; text-align: left;\">Per coloro che hanno scelto il pagamento tramite bonifico bancario, si informa che essendo un corso pratico con posti limitati, l\u2019iscrizione sar\u00e0 considerata valida se seguita entro 5gg. dalla prenotazione, dalla contabile del pagamento. Diversamente, la prenotazione sar\u00e0 automaticamente cancellata.<\/td>\n<\/tr>\n<\/tbody>\n<\/table>\n<p>&nbsp;<\/p>\n<h5 style=\"color: #2e3192;\"><strong>POLICY DI CANCELLAZIONE<\/strong><\/h5>\n<p class=\"column\">In caso di mancata partecipazione verr\u00e0 effettuato un rimborso al netto dei diritti di Segreteria (50% della quota di iscrizione iva compresa) solo se la disdetta scritta sar\u00e0 pervenuta alla Segreteria entro e non oltre 15 giorni lavorativi prima dallo svolgimento dell\u2019evento per comprovati motivi. Le iscrizioni saranno ritenute valide solo se accompagnate dalla quota di iscrizione o dalla ricevuta del bonifico.<\/p>\n<p>&nbsp;<\/p>\n<h5 style=\"color: #2e3192;\"><strong><strong>LOCATION<\/strong><\/strong><\/h5>\n<div>\n<p class=\"p1\">CORSO FAD<\/p>\n<p class=\"p1\">Valido dal 1 marzo 2026 al 30 dicembre 2026<\/p>\n<p>&nbsp;<\/p>\n<\/div>\n","protected":false},"excerpt":{"rendered":"<h5>50 CREDITI ECM<\/h5>\n<h5><span style=\"color: #2e3192;\">Quota di iscrizione:<\/span><br \/>\n<span style=\"color: #2e3192;\"><strong>\u20ac 764,00 + IVA (22%)<\/strong><\/span><\/h5>\n<p><a href=\"https:\/\/www.e20srl.com\/area-privata\/index.php?id=2539&amp;iscrizione=1\" target=\"_blank\" rel=\"noopener\"><img decoding=\"async\" class=\"alignnone wp-image-21527 size-full\" src=\"https:\/\/www.e20srl.com\/wp-content\/uploads\/2023\/10\/pulsante-per-partecipare-3.png\" alt=\"Clicca qui per partecipare\" width=\"395\" height=\"72\" \/><\/a><\/p>\n","protected":false},"featured_media":35585,"menu_order":11,"template":"","meta":{"_monsterinsights_skip_tracking":false,"_monsterinsights_sitenote_active":false,"_monsterinsights_sitenote_note":"","_monsterinsights_sitenote_category":0},"product_brand":[],"product_cat":[644,606,604],"product_tag":[654],"class_list":{"0":"post-35584","1":"product","2":"type-product","3":"status-publish","4":"has-post-thumbnail","6":"product_cat-fad","7":"product_cat-igienisti-dentali","8":"product_cat-odontoiatri","9":"product_tag-corsi","11":"first","12":"instock","13":"shipping-taxable","14":"product-type-simple"},"yoast_head":"<!-- This site is optimized with the Yoast SEO plugin v27.6 - https:\/\/yoast.com\/product\/yoast-seo-wordpress\/ -->\n<title>DOTT.SSA CONSUELO SANAVIA - Smalto and whitening Continuing Education Csana Academy - FAD 2026 | e20<\/title>\n<meta name=\"description\" content=\"Negli ultimi anni la crescente attenzione a una prevenzione della carie basata sulla MID (Minimal Intervention Dentistry) ha portato alla luce la questione delle alterazioni dello smalto che maggiormente si ritrovano nella clinica odierna.\" \/>\n<meta name=\"robots\" content=\"index, follow, max-snippet:-1, max-image-preview:large, max-video-preview:-1\" \/>\n<link rel=\"canonical\" href=\"https:\/\/www.e20srl.com\/en\/prodotti\/dott-ssa-consuelo-sanavia-smalto-and-whitening-continuing-education-csana-academy-fad-2026\/\" \/>\n<meta property=\"og:locale\" content=\"en_US\" \/>\n<meta property=\"og:type\" content=\"article\" \/>\n<meta property=\"og:title\" content=\"DOTT.SSA CONSUELO SANAVIA - Smalto and whitening Continuing Education Csana Academy - FAD 2026 | e20\" \/>\n<meta property=\"og:description\" content=\"Negli ultimi anni la crescente attenzione a una prevenzione della carie basata sulla MID (Minimal Intervention Dentistry) ha portato alla luce la questione delle alterazioni dello smalto che maggiormente si ritrovano nella clinica odierna.\" \/>\n<meta property=\"og:url\" content=\"https:\/\/www.e20srl.com\/en\/prodotti\/dott-ssa-consuelo-sanavia-smalto-and-whitening-continuing-education-csana-academy-fad-2026\/\" \/>\n<meta property=\"og:site_name\" content=\"e20\" \/>\n<meta property=\"article:publisher\" content=\"https:\/\/www.facebook.com\/e20srl\" \/>\n<meta property=\"article:modified_time\" content=\"2026-02-05T10:14:05+00:00\" \/>\n<meta property=\"og:image\" content=\"https:\/\/www.e20srl.com\/wp-content\/uploads\/2026\/01\/FAD-2026-Smalto-and-whitening-Sanavia-rev.1.jpg\" \/>\n\t<meta property=\"og:image:width\" content=\"2480\" \/>\n\t<meta property=\"og:image:height\" content=\"2480\" \/>\n\t<meta property=\"og:image:type\" content=\"image\/jpeg\" \/>\n<meta name=\"twitter:card\" content=\"summary_large_image\" \/>\n<meta name=\"twitter:label1\" content=\"Est. reading time\" \/>\n\t<meta name=\"twitter:data1\" content=\"4 minutes\" \/>\n<script type=\"application\/ld+json\" class=\"yoast-schema-graph\">{\"@context\":\"https:\\\/\\\/schema.org\",\"@graph\":[{\"@type\":\"WebPage\",\"@id\":\"https:\\\/\\\/www.e20srl.com\\\/en\\\/prodotti\\\/dott-ssa-consuelo-sanavia-smalto-and-whitening-continuing-education-csana-academy-fad-2026\\\/\",\"url\":\"https:\\\/\\\/www.e20srl.com\\\/en\\\/prodotti\\\/dott-ssa-consuelo-sanavia-smalto-and-whitening-continuing-education-csana-academy-fad-2026\\\/\",\"name\":\"DOTT.SSA CONSUELO SANAVIA - Smalto and whitening Continuing Education Csana Academy - FAD 2026 | e20\",\"isPartOf\":{\"@id\":\"https:\\\/\\\/www.e20srl.com\\\/en\\\/#website\"},\"primaryImageOfPage\":{\"@id\":\"https:\\\/\\\/www.e20srl.com\\\/en\\\/prodotti\\\/dott-ssa-consuelo-sanavia-smalto-and-whitening-continuing-education-csana-academy-fad-2026\\\/#primaryimage\"},\"image\":{\"@id\":\"https:\\\/\\\/www.e20srl.com\\\/en\\\/prodotti\\\/dott-ssa-consuelo-sanavia-smalto-and-whitening-continuing-education-csana-academy-fad-2026\\\/#primaryimage\"},\"thumbnailUrl\":\"https:\\\/\\\/www.e20srl.com\\\/wp-content\\\/uploads\\\/2026\\\/01\\\/FAD-2026-Smalto-and-whitening-Sanavia-rev.1.jpg\",\"datePublished\":\"2026-01-26T16:21:33+00:00\",\"dateModified\":\"2026-02-05T10:14:05+00:00\",\"description\":\"Negli ultimi anni la crescente attenzione a una prevenzione della carie basata sulla MID (Minimal Intervention Dentistry) ha portato alla luce la questione delle alterazioni dello smalto che maggiormente si ritrovano nella clinica odierna.\",\"breadcrumb\":{\"@id\":\"https:\\\/\\\/www.e20srl.com\\\/en\\\/prodotti\\\/dott-ssa-consuelo-sanavia-smalto-and-whitening-continuing-education-csana-academy-fad-2026\\\/#breadcrumb\"},\"inLanguage\":\"en-US\",\"potentialAction\":[{\"@type\":\"ReadAction\",\"target\":[\"https:\\\/\\\/www.e20srl.com\\\/en\\\/prodotti\\\/dott-ssa-consuelo-sanavia-smalto-and-whitening-continuing-education-csana-academy-fad-2026\\\/\"]}]},{\"@type\":\"ImageObject\",\"inLanguage\":\"en-US\",\"@id\":\"https:\\\/\\\/www.e20srl.com\\\/en\\\/prodotti\\\/dott-ssa-consuelo-sanavia-smalto-and-whitening-continuing-education-csana-academy-fad-2026\\\/#primaryimage\",\"url\":\"https:\\\/\\\/www.e20srl.com\\\/wp-content\\\/uploads\\\/2026\\\/01\\\/FAD-2026-Smalto-and-whitening-Sanavia-rev.1.jpg\",\"contentUrl\":\"https:\\\/\\\/www.e20srl.com\\\/wp-content\\\/uploads\\\/2026\\\/01\\\/FAD-2026-Smalto-and-whitening-Sanavia-rev.1.jpg\",\"width\":2480,\"height\":2480},{\"@type\":\"BreadcrumbList\",\"@id\":\"https:\\\/\\\/www.e20srl.com\\\/en\\\/prodotti\\\/dott-ssa-consuelo-sanavia-smalto-and-whitening-continuing-education-csana-academy-fad-2026\\\/#breadcrumb\",\"itemListElement\":[{\"@type\":\"ListItem\",\"position\":1,\"name\":\"Home\",\"item\":\"https:\\\/\\\/www.e20srl.com\\\/en\\\/\"},{\"@type\":\"ListItem\",\"position\":2,\"name\":\"Shop\",\"item\":\"https:\\\/\\\/www.e20srl.com\\\/en\\\/shop-2\\\/\"},{\"@type\":\"ListItem\",\"position\":3,\"name\":\"DOTT.SSA CONSUELO SANAVIA &#8211; Smalto and whitening Continuing Education Csana Academy &#8211; FAD 2026\"}]},{\"@type\":\"WebSite\",\"@id\":\"https:\\\/\\\/www.e20srl.com\\\/en\\\/#website\",\"url\":\"https:\\\/\\\/www.e20srl.com\\\/en\\\/\",\"name\":\"e20\",\"description\":\"Congressi e Corsi in presenza, FAD, webinar di Eccellenza per Odontoiatra, Igienista dentale, ASO\",\"publisher\":{\"@id\":\"https:\\\/\\\/www.e20srl.com\\\/en\\\/#organization\"},\"potentialAction\":[{\"@type\":\"SearchAction\",\"target\":{\"@type\":\"EntryPoint\",\"urlTemplate\":\"https:\\\/\\\/www.e20srl.com\\\/en\\\/?s={search_term_string}\"},\"query-input\":{\"@type\":\"PropertyValueSpecification\",\"valueRequired\":true,\"valueName\":\"search_term_string\"}}],\"inLanguage\":\"en-US\"},{\"@type\":\"Organization\",\"@id\":\"https:\\\/\\\/www.e20srl.com\\\/en\\\/#organization\",\"name\":\"e20 s.r.l.\",\"url\":\"https:\\\/\\\/www.e20srl.com\\\/en\\\/\",\"logo\":{\"@type\":\"ImageObject\",\"inLanguage\":\"en-US\",\"@id\":\"https:\\\/\\\/www.e20srl.com\\\/en\\\/#\\\/schema\\\/logo\\\/image\\\/\",\"url\":\"https:\\\/\\\/www.e20srl.com\\\/wp-content\\\/uploads\\\/2022\\\/10\\\/e20-icona.png\",\"contentUrl\":\"https:\\\/\\\/www.e20srl.com\\\/wp-content\\\/uploads\\\/2022\\\/10\\\/e20-icona.png\",\"width\":512,\"height\":512,\"caption\":\"e20 s.r.l.\"},\"image\":{\"@id\":\"https:\\\/\\\/www.e20srl.com\\\/en\\\/#\\\/schema\\\/logo\\\/image\\\/\"},\"sameAs\":[\"https:\\\/\\\/www.facebook.com\\\/e20srl\",\"https:\\\/\\\/www.instagram.com\\\/e20.srl\\\/\",\"https:\\\/\\\/www.youtube.com\\\/channel\\\/UCFK9MwMuURf-lxw-ca0PNHw\",\"https:\\\/\\\/www.linkedin.com\\\/company\\\/e20-srl\\\/about\\\/\"]}]}<\/script>\n<!-- \/ Yoast SEO plugin. -->","yoast_head_json":{"title":"DOTT.SSA CONSUELO SANAVIA - Smalto and whitening Continuing Education Csana Academy - FAD 2026 | e20","description":"Negli ultimi anni la crescente attenzione a una prevenzione della carie basata sulla MID (Minimal Intervention Dentistry) ha portato alla luce la questione delle alterazioni dello smalto che maggiormente si ritrovano nella clinica odierna.","robots":{"index":"index","follow":"follow","max-snippet":"max-snippet:-1","max-image-preview":"max-image-preview:large","max-video-preview":"max-video-preview:-1"},"canonical":"https:\/\/www.e20srl.com\/en\/prodotti\/dott-ssa-consuelo-sanavia-smalto-and-whitening-continuing-education-csana-academy-fad-2026\/","og_locale":"en_US","og_type":"article","og_title":"DOTT.SSA CONSUELO SANAVIA - Smalto and whitening Continuing Education Csana Academy - FAD 2026 | e20","og_description":"Negli ultimi anni la crescente attenzione a una prevenzione della carie basata sulla MID (Minimal Intervention Dentistry) ha portato alla luce la questione delle alterazioni dello smalto che maggiormente si ritrovano nella clinica odierna.","og_url":"https:\/\/www.e20srl.com\/en\/prodotti\/dott-ssa-consuelo-sanavia-smalto-and-whitening-continuing-education-csana-academy-fad-2026\/","og_site_name":"e20","article_publisher":"https:\/\/www.facebook.com\/e20srl","article_modified_time":"2026-02-05T10:14:05+00:00","og_image":[{"width":2480,"height":2480,"url":"https:\/\/www.e20srl.com\/wp-content\/uploads\/2026\/01\/FAD-2026-Smalto-and-whitening-Sanavia-rev.1.jpg","type":"image\/jpeg"}],"twitter_card":"summary_large_image","twitter_misc":{"Est. reading time":"4 minutes"},"schema":{"@context":"https:\/\/schema.org","@graph":[{"@type":"WebPage","@id":"https:\/\/www.e20srl.com\/en\/prodotti\/dott-ssa-consuelo-sanavia-smalto-and-whitening-continuing-education-csana-academy-fad-2026\/","url":"https:\/\/www.e20srl.com\/en\/prodotti\/dott-ssa-consuelo-sanavia-smalto-and-whitening-continuing-education-csana-academy-fad-2026\/","name":"DOTT.SSA CONSUELO SANAVIA - Smalto and whitening Continuing Education Csana Academy - FAD 2026 | e20","isPartOf":{"@id":"https:\/\/www.e20srl.com\/en\/#website"},"primaryImageOfPage":{"@id":"https:\/\/www.e20srl.com\/en\/prodotti\/dott-ssa-consuelo-sanavia-smalto-and-whitening-continuing-education-csana-academy-fad-2026\/#primaryimage"},"image":{"@id":"https:\/\/www.e20srl.com\/en\/prodotti\/dott-ssa-consuelo-sanavia-smalto-and-whitening-continuing-education-csana-academy-fad-2026\/#primaryimage"},"thumbnailUrl":"https:\/\/www.e20srl.com\/wp-content\/uploads\/2026\/01\/FAD-2026-Smalto-and-whitening-Sanavia-rev.1.jpg","datePublished":"2026-01-26T16:21:33+00:00","dateModified":"2026-02-05T10:14:05+00:00","description":"Negli ultimi anni la crescente attenzione a una prevenzione della carie basata sulla MID (Minimal Intervention Dentistry) ha portato alla luce la questione delle alterazioni dello smalto che maggiormente si ritrovano nella clinica odierna.","breadcrumb":{"@id":"https:\/\/www.e20srl.com\/en\/prodotti\/dott-ssa-consuelo-sanavia-smalto-and-whitening-continuing-education-csana-academy-fad-2026\/#breadcrumb"},"inLanguage":"en-US","potentialAction":[{"@type":"ReadAction","target":["https:\/\/www.e20srl.com\/en\/prodotti\/dott-ssa-consuelo-sanavia-smalto-and-whitening-continuing-education-csana-academy-fad-2026\/"]}]},{"@type":"ImageObject","inLanguage":"en-US","@id":"https:\/\/www.e20srl.com\/en\/prodotti\/dott-ssa-consuelo-sanavia-smalto-and-whitening-continuing-education-csana-academy-fad-2026\/#primaryimage","url":"https:\/\/www.e20srl.com\/wp-content\/uploads\/2026\/01\/FAD-2026-Smalto-and-whitening-Sanavia-rev.1.jpg","contentUrl":"https:\/\/www.e20srl.com\/wp-content\/uploads\/2026\/01\/FAD-2026-Smalto-and-whitening-Sanavia-rev.1.jpg","width":2480,"height":2480},{"@type":"BreadcrumbList","@id":"https:\/\/www.e20srl.com\/en\/prodotti\/dott-ssa-consuelo-sanavia-smalto-and-whitening-continuing-education-csana-academy-fad-2026\/#breadcrumb","itemListElement":[{"@type":"ListItem","position":1,"name":"Home","item":"https:\/\/www.e20srl.com\/en\/"},{"@type":"ListItem","position":2,"name":"Shop","item":"https:\/\/www.e20srl.com\/en\/shop-2\/"},{"@type":"ListItem","position":3,"name":"DOTT.SSA CONSUELO SANAVIA &#8211; Smalto and whitening Continuing Education Csana Academy &#8211; FAD 2026"}]},{"@type":"WebSite","@id":"https:\/\/www.e20srl.com\/en\/#website","url":"https:\/\/www.e20srl.com\/en\/","name":"e20","description":"Congressi e Corsi in presenza, FAD, webinar di Eccellenza per Odontoiatra, Igienista dentale, ASO","publisher":{"@id":"https:\/\/www.e20srl.com\/en\/#organization"},"potentialAction":[{"@type":"SearchAction","target":{"@type":"EntryPoint","urlTemplate":"https:\/\/www.e20srl.com\/en\/?s={search_term_string}"},"query-input":{"@type":"PropertyValueSpecification","valueRequired":true,"valueName":"search_term_string"}}],"inLanguage":"en-US"},{"@type":"Organization","@id":"https:\/\/www.e20srl.com\/en\/#organization","name":"e20 s.r.l.","url":"https:\/\/www.e20srl.com\/en\/","logo":{"@type":"ImageObject","inLanguage":"en-US","@id":"https:\/\/www.e20srl.com\/en\/#\/schema\/logo\/image\/","url":"https:\/\/www.e20srl.com\/wp-content\/uploads\/2022\/10\/e20-icona.png","contentUrl":"https:\/\/www.e20srl.com\/wp-content\/uploads\/2022\/10\/e20-icona.png","width":512,"height":512,"caption":"e20 s.r.l."},"image":{"@id":"https:\/\/www.e20srl.com\/en\/#\/schema\/logo\/image\/"},"sameAs":["https:\/\/www.facebook.com\/e20srl","https:\/\/www.instagram.com\/e20.srl\/","https:\/\/www.youtube.com\/channel\/UCFK9MwMuURf-lxw-ca0PNHw","https:\/\/www.linkedin.com\/company\/e20-srl\/about\/"]}]}},"_links":{"self":[{"href":"https:\/\/www.e20srl.com\/en\/wp-json\/wp\/v2\/product\/35584","targetHints":{"allow":["GET"]}}],"collection":[{"href":"https:\/\/www.e20srl.com\/en\/wp-json\/wp\/v2\/product"}],"about":[{"href":"https:\/\/www.e20srl.com\/en\/wp-json\/wp\/v2\/types\/product"}],"wp:featuredmedia":[{"embeddable":true,"href":"https:\/\/www.e20srl.com\/en\/wp-json\/wp\/v2\/media\/35585"}],"wp:attachment":[{"href":"https:\/\/www.e20srl.com\/en\/wp-json\/wp\/v2\/media?parent=35584"}],"wp:term":[{"taxonomy":"product_brand","embeddable":true,"href":"https:\/\/www.e20srl.com\/en\/wp-json\/wp\/v2\/product_brand?post=35584"},{"taxonomy":"product_cat","embeddable":true,"href":"https:\/\/www.e20srl.com\/en\/wp-json\/wp\/v2\/product_cat?post=35584"},{"taxonomy":"product_tag","embeddable":true,"href":"https:\/\/www.e20srl.com\/en\/wp-json\/wp\/v2\/product_tag?post=35584"}],"curies":[{"name":"wp","href":"https:\/\/api.w.org\/{rel}","templated":true}]}}