{"id":35898,"date":"2026-02-17T15:00:54","date_gmt":"2026-02-17T14:00:54","guid":{"rendered":"https:\/\/www.e20srl.com\/?post_type=product&#038;p=35898"},"modified":"2026-04-16T16:26:19","modified_gmt":"2026-04-16T14:26:19","slug":"dott-andrea-tinti-bopt-from-preparation-to-provisional-castel-san-giovanni","status":"publish","type":"product","link":"https:\/\/www.e20srl.com\/en\/prodotti\/dott-andrea-tinti-bopt-from-preparation-to-provisional-castel-san-giovanni\/","title":{"rendered":"Dott. Andrea Tinti &#8211; BOPT From preparation to provisional &#8211; Castel San Giovanni"},"content":{"rendered":"<p><img fetchpriority=\"high\" decoding=\"async\" class=\"alignleft size-full wp-image-37295\" src=\"https:\/\/www.e20srl.com\/wp-content\/uploads\/2026\/02\/1_BOPT-From-Preparation-to-Provisional.png\" alt=\"2026-Maggio11-Tinti-Dinner-Learn-CastelSanGiovanni\" width=\"2400\" height=\"1783\" \/> <img decoding=\"async\" class=\"alignleft size-full wp-image-37297\" src=\"https:\/\/www.e20srl.com\/wp-content\/uploads\/2026\/02\/2_Dettagli-dellEvento.png\" alt=\"2026-Maggio11-Tinti-Dinner-Learn-CastelSanGiovanni\" width=\"2400\" height=\"2465\" \/> <img decoding=\"async\" class=\"alignleft size-full wp-image-37299\" src=\"https:\/\/www.e20srl.com\/wp-content\/uploads\/2026\/02\/3_Dott-Andrea-Tinti.png\" alt=\"2026-Maggio11-Tinti-Dinner-Learn-CastelSanGiovanni\" width=\"2400\" height=\"2410\" \/><\/p>\n<p>&nbsp;<\/p>\n<p><strong><\/p>\n<p><\/strong><\/p>\n<p>&nbsp;<\/p>\n<p><strong><img loading=\"lazy\" decoding=\"async\" class=\"alignleft size-full wp-image-37301\" src=\"https:\/\/www.e20srl.com\/wp-content\/uploads\/2026\/02\/4_Chi-e-il-Dott-Tinti.png\" alt=\"2026-Maggio11-Tinti-Dinner-Learn-CastelSanGiovanni\" width=\"2400\" height=\"1600\" \/> <img loading=\"lazy\" decoding=\"async\" class=\"alignleft size-full wp-image-37303\" src=\"https:\/\/www.e20srl.com\/wp-content\/uploads\/2026\/02\/5_Cose-la-Tecnica-BOPT.png\" alt=\"2026-Maggio11-Tinti-Dinner-Learn-CastelSanGiovanni\" width=\"2400\" height=\"1456\" \/> <img loading=\"lazy\" decoding=\"async\" class=\"alignleft size-full wp-image-37305\" src=\"https:\/\/www.e20srl.com\/wp-content\/uploads\/2026\/02\/6_Fattori-Chiave-nel-Restauro-Protesico.png\" alt=\"2026-Maggio11-Tinti-Dinner-Learn-CastelSanGiovanni\" width=\"2400\" height=\"1916\" \/><img loading=\"lazy\" decoding=\"async\" class=\"alignleft size-full wp-image-37307\" src=\"https:\/\/www.e20srl.com\/wp-content\/uploads\/2026\/02\/7_La-Preparazione-Verticale-BOPT.png\" alt=\"2026-Maggio11-Tinti-Dinner-Learn-CastelSanGiovanni\" width=\"2400\" height=\"1774\" \/> <img loading=\"lazy\" decoding=\"async\" class=\"alignleft size-full wp-image-37309\" src=\"https:\/\/www.e20srl.com\/wp-content\/uploads\/2026\/02\/8_Dal-Dente-Singolo-alle-Situazioni-Complesse.png\" alt=\"2026-Maggio11-Tinti-Dinner-Learn-CastelSanGiovanni\" width=\"2400\" height=\"1836\" \/> <img loading=\"lazy\" decoding=\"async\" class=\"alignleft size-full wp-image-37311\" src=\"https:\/\/www.e20srl.com\/wp-content\/uploads\/2026\/02\/9_Margine-Gengivale-e-Guarigione-Tissutale.png\" alt=\"2026-Maggio11-Tinti-Dinner-Learn-CastelSanGiovanni\" width=\"2400\" height=\"3142\" \/><img loading=\"lazy\" decoding=\"async\" class=\"alignleft size-full wp-image-37313\" src=\"https:\/\/www.e20srl.com\/wp-content\/uploads\/2026\/02\/10_Come-Iscriversi.png\" alt=\"2026-Maggio11-Tinti-Dinner-Learn-CastelSanGiovanni\" width=\"2400\" height=\"2052\" \/> <img loading=\"lazy\" decoding=\"async\" class=\"alignleft size-full wp-image-37315\" src=\"https:\/\/www.e20srl.com\/wp-content\/uploads\/2026\/02\/11_Segreteria-Organizzativa.png\" alt=\"2026-Maggio11-Tinti-Dinner-Learn-CastelSanGiovanni\" width=\"2400\" height=\"2036\" \/> <img loading=\"lazy\" decoding=\"async\" class=\"size-full wp-image-37317 alignnone\" src=\"https:\/\/www.e20srl.com\/wp-content\/uploads\/2026\/02\/12_Non-perdere-questa-serata.png\" alt=\"2026-Maggio11-Tinti-Dinner-Learn-CastelSanGiovanni\" width=\"2400\" height=\"1744\" \/><\/strong><\/p>\n<p>&nbsp;<\/p>\n<p><strong>ABSTRACT<\/strong><\/p>\n<p>In ogni trattamento protesico, lo scopo finale del restauro \u00e8 ripristinare la funzione e l\u2019estetica del paziente, rispettando i parametri biologici e anatomici. Per quanto riguarda i restauri a copertura totale, ci sono alcuni fattori da tenere in considerazione: come la linea di finitura (chamfer, shoulder, feather edge, etc.), la gestione del restauro provvisorio, la guarigione dei tessuti, la tecnica di impronta e il materiale per il restauro.<br \/>\nTutti questi aspetti determineranno il processo di trattamento e i suoi possibili risultati. Negli ultimi anni, la preparazione verticale e pi\u00f9 specificamente la tecnica di preparazione BOPT (Biologically Oriented Preparation Technique) ha suscitato grande interesse sin dalla sua introduzione in protesi. La tecnica BOPT \u00e8 fondamentalmente una preparazione verticale, dove la differenza principale \u00e8 la rimozione dell\u2019epitelio sulculare, consentendo la rigenerazione dei tessuti molli del solco gengivale.<\/p>\n<p>Con questa tecnica l\u2019obiettivo \u00e8 modificare la posizione del margine gengivale, spostandolo pi\u00f9 apicalmente o coronalmente, a seconda delle modifiche del provvisorio. La ribasatura del provvisorio \u00e8 un passaggio fondamentale di questa tecnica: la parte intrasulculare del provvisorio viene modificata dando un nuovo profilo di emergenza e garantendo un aumento del tessuto nel processo di guarigione.<br \/>\nNella preparazione verticale non esiste un margine predeterminato. L\u2019odontotecnico dovr\u00e0 posizionare la linea<br \/>\ndi finitura pi\u00f9 apicalmente o coronalmente, a seconda della profondit\u00e0 del solco e delle esigenze estetiche. I restauri<br \/>\nin ceramica non devono invadere l\u2019attacco epiteliale, altrimenti potrebbero verificarsi problemi biologici e meccanici, causando una ripetizione dell\u2019impronta e del restauro finale. Una sfida \u00e8 comunicare la forma e il contorno del restauro temporaneo al laboratorio odontotecnico per garantire informazioni accurate per il restauro finale.<\/p>\n<p>L\u2019obbiettivo di questa serata \u00e8 trasmettere le nozioni teoriche sulla tecnica di preparazione BOPT, sulla sua esecuzione, protocolli e indicazioni, cos\u00ec come sulla ribasatura del provvisorio dal dente singolo a situazioni pi\u00f9 complesse.<img loading=\"lazy\" decoding=\"async\" class=\"alignnone size-full wp-image-29767\" src=\"https:\/\/www.e20srl.com\/wp-content\/uploads\/2025\/01\/Screenshot-2025-01-10-alle-11.59.04.png\" alt=\"\" width=\"1370\" height=\"832\" \/><\/p>\n<h5 style=\"color: #2e3192;\"><strong>DESTINATARI DEL CORSO<\/strong><\/h5>\n<p>Figure professionali accreditate:<strong> Odontoiatri<\/strong><\/p>\n<h5><\/h5>\n<h5 style=\"color: #2e3192;\"><strong>MODALITA\u2019 DI SVOLGIMENTO<\/strong><\/h5>\n<p>Le attivit\u00e0 si svolgeranno\u00a0<strong>in presenza<\/strong> nella giornata di <strong>Sabato 11 maggio 2026<\/strong><\/p>\n<table style=\"border-collapse: collapse; width: 99.9203%; height: 103px;\">\n<tbody>\n<tr style=\"background-color: #cfebfe;\">\n<td style=\"width: 100%; text-align: left;\">Per coloro che hanno scelto il pagamento tramite bonifico bancario, si informa che essendo un corso pratico con posti limitati, l\u2019iscrizione sar\u00e0 considerata valida se seguita entro 5gg. dalla prenotazione, dalla contabile del pagamento. Diversamente, la prenotazione sar\u00e0 automaticamente cancellata.<\/td>\n<\/tr>\n<\/tbody>\n<\/table>\n<p>&nbsp;<\/p>\n<h5 style=\"color: #2e3192;\"><strong>POLICY DI CANCELLAZIONE<\/strong><\/h5>\n<p class=\"column\">In caso di mancata partecipazione verr\u00e0 effettuato un rimborso al netto dei diritti di Segreteria (50% della quota di iscrizione iva compresa) solo se la disdetta scritta sar\u00e0 pervenuta alla Segreteria entro e non oltre 15 giorni lavorativi prima dallo svolgimento dell\u2019evento per comprovati motivi. Le iscrizioni saranno ritenute valide solo se accompagnate dalla quota di iscrizione o dalla ricevuta del bonifico.<\/p>\n<p>&nbsp;<\/p>\n<h5 style=\"color: #2e3192;\"><strong>LOCATION<\/strong><\/h5>\n<p class=\"wpb_wrapper\"><strong>RISTORANTE RIZZI<\/strong><br \/>\nVia Borgonovo 46\/F &#8211; 29015 Castel San Giovanni (PC)<\/p>\n<div class=\"mappa-responsive\"><iframe style=\"border: 0;\" src=\"https:\/\/www.google.com\/maps\/embed?pb=!1m18!1m12!1m3!1d2818.9070538635724!2d9.44390661302617!3d45.04710797094958!2m3!1f0!2f0!3f0!3m2!1i1024!2i768!4f13.1!3m3!1m2!1s0x4780ce3b7d81cac9%3A0xea7fb15225bdab03!2sHotel%20Rizzi!5e0!3m2!1sit!2sit!4v1776348803732!5m2!1sit!2sit\" width=\"600\" height=\"450\" allowfullscreen=\"allowfullscreen\"><\/iframe><\/div>\n<p>&nbsp;<\/p>\n<h5 style=\"text-align: center; color: #2e3192;\">CON IL CONTRIBUTO INCONDIZIONATO DI<br \/>\n<a href=\"https:\/\/www.coltene.com\/it\/azienda\/\"><img loading=\"lazy\" decoding=\"async\" class=\"alignnone wp-image-10836 size-medium\" src=\"https:\/\/www.e20srl.com\/wp-content\/uploads\/2023\/03\/coltene-1-300x45.png\" alt=\"coltene\" width=\"300\" height=\"45\" srcset=\"https:\/\/www.e20srl.com\/wp-content\/uploads\/2023\/03\/coltene-1-300x45.png 300w, https:\/\/www.e20srl.com\/wp-content\/uploads\/2023\/03\/coltene-1.png 633w\" sizes=\"(max-width: 300px) 100vw, 300px\" \/><\/a><\/h5>\n","protected":false},"excerpt":{"rendered":"<h5>11 MAGGIO 2026<\/h5>\n<h5>5 CREDITI ECM<\/h5>\n<h5><span style=\"color: #2e3192;\">Quota di iscrizione:<\/span> <span style=\"color: #2e3192;\"><strong>\u20ac 100,00 + IVA (22%)<\/strong><\/span><\/h5>\n<p><a href=\"https:\/\/www.e20srl.com\/area-privata\/index.php?id=2579&amp;iscrizione=1\" target=\"_blank\" rel=\"noopener\"><img loading=\"lazy\" decoding=\"async\" class=\"alignnone wp-image-21527 size-full\" src=\"https:\/\/www.e20srl.com\/wp-content\/uploads\/2023\/10\/pulsante-per-partecipare-3.png\" alt=\"Clicca qui per partecipare\" width=\"395\" height=\"72\" \/><\/a><\/p>\n","protected":false},"featured_media":37293,"menu_order":78,"template":"","meta":{"_monsterinsights_skip_tracking":false,"_monsterinsights_sitenote_active":false,"_monsterinsights_sitenote_note":"","_monsterinsights_sitenote_category":0},"product_brand":[],"product_cat":[609,604],"product_tag":[654],"class_list":{"0":"post-35898","1":"product","2":"type-product","3":"status-publish","4":"has-post-thumbnail","6":"product_cat-corsi","7":"product_cat-odontoiatri","8":"product_tag-corsi","10":"first","11":"instock","12":"shipping-taxable","13":"product-type-simple"},"yoast_head":"<!-- This site is optimized with the Yoast SEO plugin v27.5 - https:\/\/yoast.com\/product\/yoast-seo-wordpress\/ -->\n<title>Dott. Andrea Tinti - BOPT From preparation to provisional - Castel San Giovanni | e20<\/title>\n<meta name=\"description\" content=\"Per professionisti che adottano la fotografia e vorrebbero implementarla o principianti che abbiano bisogno di orientamento.\" \/>\n<meta name=\"robots\" content=\"index, follow, max-snippet:-1, max-image-preview:large, max-video-preview:-1\" \/>\n<link rel=\"canonical\" href=\"https:\/\/www.e20srl.com\/en\/prodotti\/dott-andrea-tinti-bopt-from-preparation-to-provisional-castel-san-giovanni\/\" \/>\n<meta property=\"og:locale\" content=\"en_US\" \/>\n<meta property=\"og:type\" content=\"article\" \/>\n<meta property=\"og:title\" content=\"Dott. Andrea Tinti - BOPT From preparation to provisional - Castel San Giovanni | e20\" \/>\n<meta property=\"og:description\" content=\"Per professionisti che adottano la fotografia e vorrebbero implementarla o principianti che abbiano bisogno di orientamento.\" \/>\n<meta property=\"og:url\" content=\"https:\/\/www.e20srl.com\/en\/prodotti\/dott-andrea-tinti-bopt-from-preparation-to-provisional-castel-san-giovanni\/\" \/>\n<meta property=\"og:site_name\" content=\"e20\" \/>\n<meta property=\"article:publisher\" content=\"https:\/\/www.facebook.com\/e20srl\" \/>\n<meta property=\"article:modified_time\" content=\"2026-04-16T14:26:19+00:00\" \/>\n<meta property=\"og:image\" content=\"https:\/\/www.e20srl.com\/wp-content\/uploads\/2026\/02\/2026-Maggio11-Tinti-Dinner-Learn-CastelSanGiovanni-1.png\" \/>\n\t<meta property=\"og:image:width\" content=\"1240\" \/>\n\t<meta property=\"og:image:height\" content=\"1240\" \/>\n\t<meta property=\"og:image:type\" content=\"image\/png\" \/>\n<meta name=\"twitter:card\" content=\"summary_large_image\" \/>\n<meta name=\"twitter:label1\" content=\"Est. reading time\" \/>\n\t<meta name=\"twitter:data1\" content=\"6 minutes\" \/>\n<script type=\"application\/ld+json\" class=\"yoast-schema-graph\">{\"@context\":\"https:\\\/\\\/schema.org\",\"@graph\":[{\"@type\":\"WebPage\",\"@id\":\"https:\\\/\\\/www.e20srl.com\\\/en\\\/prodotti\\\/dott-andrea-tinti-bopt-from-preparation-to-provisional-castel-san-giovanni\\\/\",\"url\":\"https:\\\/\\\/www.e20srl.com\\\/en\\\/prodotti\\\/dott-andrea-tinti-bopt-from-preparation-to-provisional-castel-san-giovanni\\\/\",\"name\":\"Dott. Andrea Tinti - BOPT From preparation to provisional - Castel San Giovanni | e20\",\"isPartOf\":{\"@id\":\"https:\\\/\\\/www.e20srl.com\\\/en\\\/#website\"},\"primaryImageOfPage\":{\"@id\":\"https:\\\/\\\/www.e20srl.com\\\/en\\\/prodotti\\\/dott-andrea-tinti-bopt-from-preparation-to-provisional-castel-san-giovanni\\\/#primaryimage\"},\"image\":{\"@id\":\"https:\\\/\\\/www.e20srl.com\\\/en\\\/prodotti\\\/dott-andrea-tinti-bopt-from-preparation-to-provisional-castel-san-giovanni\\\/#primaryimage\"},\"thumbnailUrl\":\"https:\\\/\\\/www.e20srl.com\\\/wp-content\\\/uploads\\\/2026\\\/02\\\/2026-Maggio11-Tinti-Dinner-Learn-CastelSanGiovanni-1.png\",\"datePublished\":\"2026-02-17T14:00:54+00:00\",\"dateModified\":\"2026-04-16T14:26:19+00:00\",\"description\":\"Per professionisti che adottano la fotografia e vorrebbero implementarla o principianti che abbiano bisogno di orientamento.\",\"breadcrumb\":{\"@id\":\"https:\\\/\\\/www.e20srl.com\\\/en\\\/prodotti\\\/dott-andrea-tinti-bopt-from-preparation-to-provisional-castel-san-giovanni\\\/#breadcrumb\"},\"inLanguage\":\"en-US\",\"potentialAction\":[{\"@type\":\"ReadAction\",\"target\":[\"https:\\\/\\\/www.e20srl.com\\\/en\\\/prodotti\\\/dott-andrea-tinti-bopt-from-preparation-to-provisional-castel-san-giovanni\\\/\"]}]},{\"@type\":\"ImageObject\",\"inLanguage\":\"en-US\",\"@id\":\"https:\\\/\\\/www.e20srl.com\\\/en\\\/prodotti\\\/dott-andrea-tinti-bopt-from-preparation-to-provisional-castel-san-giovanni\\\/#primaryimage\",\"url\":\"https:\\\/\\\/www.e20srl.com\\\/wp-content\\\/uploads\\\/2026\\\/02\\\/2026-Maggio11-Tinti-Dinner-Learn-CastelSanGiovanni-1.png\",\"contentUrl\":\"https:\\\/\\\/www.e20srl.com\\\/wp-content\\\/uploads\\\/2026\\\/02\\\/2026-Maggio11-Tinti-Dinner-Learn-CastelSanGiovanni-1.png\",\"width\":1240,\"height\":1240,\"caption\":\"2026-Maggio11-Tinti-Dinner-Learn-CastelSanGiovanni\"},{\"@type\":\"BreadcrumbList\",\"@id\":\"https:\\\/\\\/www.e20srl.com\\\/en\\\/prodotti\\\/dott-andrea-tinti-bopt-from-preparation-to-provisional-castel-san-giovanni\\\/#breadcrumb\",\"itemListElement\":[{\"@type\":\"ListItem\",\"position\":1,\"name\":\"Home\",\"item\":\"https:\\\/\\\/www.e20srl.com\\\/en\\\/\"},{\"@type\":\"ListItem\",\"position\":2,\"name\":\"Shop\",\"item\":\"https:\\\/\\\/www.e20srl.com\\\/en\\\/shop-2\\\/\"},{\"@type\":\"ListItem\",\"position\":3,\"name\":\"Dott. Andrea Tinti &#8211; BOPT From preparation to provisional &#8211; Castel San Giovanni\"}]},{\"@type\":\"WebSite\",\"@id\":\"https:\\\/\\\/www.e20srl.com\\\/en\\\/#website\",\"url\":\"https:\\\/\\\/www.e20srl.com\\\/en\\\/\",\"name\":\"e20\",\"description\":\"Congressi e Corsi in presenza, FAD, webinar di Eccellenza per Odontoiatra, Igienista dentale, ASO\",\"publisher\":{\"@id\":\"https:\\\/\\\/www.e20srl.com\\\/en\\\/#organization\"},\"potentialAction\":[{\"@type\":\"SearchAction\",\"target\":{\"@type\":\"EntryPoint\",\"urlTemplate\":\"https:\\\/\\\/www.e20srl.com\\\/en\\\/?s={search_term_string}\"},\"query-input\":{\"@type\":\"PropertyValueSpecification\",\"valueRequired\":true,\"valueName\":\"search_term_string\"}}],\"inLanguage\":\"en-US\"},{\"@type\":\"Organization\",\"@id\":\"https:\\\/\\\/www.e20srl.com\\\/en\\\/#organization\",\"name\":\"e20 s.r.l.\",\"url\":\"https:\\\/\\\/www.e20srl.com\\\/en\\\/\",\"logo\":{\"@type\":\"ImageObject\",\"inLanguage\":\"en-US\",\"@id\":\"https:\\\/\\\/www.e20srl.com\\\/en\\\/#\\\/schema\\\/logo\\\/image\\\/\",\"url\":\"https:\\\/\\\/www.e20srl.com\\\/wp-content\\\/uploads\\\/2022\\\/10\\\/e20-icona.png\",\"contentUrl\":\"https:\\\/\\\/www.e20srl.com\\\/wp-content\\\/uploads\\\/2022\\\/10\\\/e20-icona.png\",\"width\":512,\"height\":512,\"caption\":\"e20 s.r.l.\"},\"image\":{\"@id\":\"https:\\\/\\\/www.e20srl.com\\\/en\\\/#\\\/schema\\\/logo\\\/image\\\/\"},\"sameAs\":[\"https:\\\/\\\/www.facebook.com\\\/e20srl\",\"https:\\\/\\\/www.instagram.com\\\/e20.srl\\\/\",\"https:\\\/\\\/www.youtube.com\\\/channel\\\/UCFK9MwMuURf-lxw-ca0PNHw\",\"https:\\\/\\\/www.linkedin.com\\\/company\\\/e20-srl\\\/about\\\/\"]}]}<\/script>\n<!-- \/ Yoast SEO plugin. -->","yoast_head_json":{"title":"Dott. Andrea Tinti - BOPT From preparation to provisional - Castel San Giovanni | e20","description":"Per professionisti che adottano la fotografia e vorrebbero implementarla o principianti che abbiano bisogno di orientamento.","robots":{"index":"index","follow":"follow","max-snippet":"max-snippet:-1","max-image-preview":"max-image-preview:large","max-video-preview":"max-video-preview:-1"},"canonical":"https:\/\/www.e20srl.com\/en\/prodotti\/dott-andrea-tinti-bopt-from-preparation-to-provisional-castel-san-giovanni\/","og_locale":"en_US","og_type":"article","og_title":"Dott. Andrea Tinti - BOPT From preparation to provisional - Castel San Giovanni | e20","og_description":"Per professionisti che adottano la fotografia e vorrebbero implementarla o principianti che abbiano bisogno di orientamento.","og_url":"https:\/\/www.e20srl.com\/en\/prodotti\/dott-andrea-tinti-bopt-from-preparation-to-provisional-castel-san-giovanni\/","og_site_name":"e20","article_publisher":"https:\/\/www.facebook.com\/e20srl","article_modified_time":"2026-04-16T14:26:19+00:00","og_image":[{"width":1240,"height":1240,"url":"https:\/\/www.e20srl.com\/wp-content\/uploads\/2026\/02\/2026-Maggio11-Tinti-Dinner-Learn-CastelSanGiovanni-1.png","type":"image\/png"}],"twitter_card":"summary_large_image","twitter_misc":{"Est. reading time":"6 minutes"},"schema":{"@context":"https:\/\/schema.org","@graph":[{"@type":"WebPage","@id":"https:\/\/www.e20srl.com\/en\/prodotti\/dott-andrea-tinti-bopt-from-preparation-to-provisional-castel-san-giovanni\/","url":"https:\/\/www.e20srl.com\/en\/prodotti\/dott-andrea-tinti-bopt-from-preparation-to-provisional-castel-san-giovanni\/","name":"Dott. Andrea Tinti - BOPT From preparation to provisional - Castel San Giovanni | e20","isPartOf":{"@id":"https:\/\/www.e20srl.com\/en\/#website"},"primaryImageOfPage":{"@id":"https:\/\/www.e20srl.com\/en\/prodotti\/dott-andrea-tinti-bopt-from-preparation-to-provisional-castel-san-giovanni\/#primaryimage"},"image":{"@id":"https:\/\/www.e20srl.com\/en\/prodotti\/dott-andrea-tinti-bopt-from-preparation-to-provisional-castel-san-giovanni\/#primaryimage"},"thumbnailUrl":"https:\/\/www.e20srl.com\/wp-content\/uploads\/2026\/02\/2026-Maggio11-Tinti-Dinner-Learn-CastelSanGiovanni-1.png","datePublished":"2026-02-17T14:00:54+00:00","dateModified":"2026-04-16T14:26:19+00:00","description":"Per professionisti che adottano la fotografia e vorrebbero implementarla o principianti che abbiano bisogno di orientamento.","breadcrumb":{"@id":"https:\/\/www.e20srl.com\/en\/prodotti\/dott-andrea-tinti-bopt-from-preparation-to-provisional-castel-san-giovanni\/#breadcrumb"},"inLanguage":"en-US","potentialAction":[{"@type":"ReadAction","target":["https:\/\/www.e20srl.com\/en\/prodotti\/dott-andrea-tinti-bopt-from-preparation-to-provisional-castel-san-giovanni\/"]}]},{"@type":"ImageObject","inLanguage":"en-US","@id":"https:\/\/www.e20srl.com\/en\/prodotti\/dott-andrea-tinti-bopt-from-preparation-to-provisional-castel-san-giovanni\/#primaryimage","url":"https:\/\/www.e20srl.com\/wp-content\/uploads\/2026\/02\/2026-Maggio11-Tinti-Dinner-Learn-CastelSanGiovanni-1.png","contentUrl":"https:\/\/www.e20srl.com\/wp-content\/uploads\/2026\/02\/2026-Maggio11-Tinti-Dinner-Learn-CastelSanGiovanni-1.png","width":1240,"height":1240,"caption":"2026-Maggio11-Tinti-Dinner-Learn-CastelSanGiovanni"},{"@type":"BreadcrumbList","@id":"https:\/\/www.e20srl.com\/en\/prodotti\/dott-andrea-tinti-bopt-from-preparation-to-provisional-castel-san-giovanni\/#breadcrumb","itemListElement":[{"@type":"ListItem","position":1,"name":"Home","item":"https:\/\/www.e20srl.com\/en\/"},{"@type":"ListItem","position":2,"name":"Shop","item":"https:\/\/www.e20srl.com\/en\/shop-2\/"},{"@type":"ListItem","position":3,"name":"Dott. Andrea Tinti &#8211; BOPT From preparation to provisional &#8211; Castel San Giovanni"}]},{"@type":"WebSite","@id":"https:\/\/www.e20srl.com\/en\/#website","url":"https:\/\/www.e20srl.com\/en\/","name":"e20","description":"Congressi e Corsi in presenza, FAD, webinar di Eccellenza per Odontoiatra, Igienista dentale, ASO","publisher":{"@id":"https:\/\/www.e20srl.com\/en\/#organization"},"potentialAction":[{"@type":"SearchAction","target":{"@type":"EntryPoint","urlTemplate":"https:\/\/www.e20srl.com\/en\/?s={search_term_string}"},"query-input":{"@type":"PropertyValueSpecification","valueRequired":true,"valueName":"search_term_string"}}],"inLanguage":"en-US"},{"@type":"Organization","@id":"https:\/\/www.e20srl.com\/en\/#organization","name":"e20 s.r.l.","url":"https:\/\/www.e20srl.com\/en\/","logo":{"@type":"ImageObject","inLanguage":"en-US","@id":"https:\/\/www.e20srl.com\/en\/#\/schema\/logo\/image\/","url":"https:\/\/www.e20srl.com\/wp-content\/uploads\/2022\/10\/e20-icona.png","contentUrl":"https:\/\/www.e20srl.com\/wp-content\/uploads\/2022\/10\/e20-icona.png","width":512,"height":512,"caption":"e20 s.r.l."},"image":{"@id":"https:\/\/www.e20srl.com\/en\/#\/schema\/logo\/image\/"},"sameAs":["https:\/\/www.facebook.com\/e20srl","https:\/\/www.instagram.com\/e20.srl\/","https:\/\/www.youtube.com\/channel\/UCFK9MwMuURf-lxw-ca0PNHw","https:\/\/www.linkedin.com\/company\/e20-srl\/about\/"]}]}},"_links":{"self":[{"href":"https:\/\/www.e20srl.com\/en\/wp-json\/wp\/v2\/product\/35898","targetHints":{"allow":["GET"]}}],"collection":[{"href":"https:\/\/www.e20srl.com\/en\/wp-json\/wp\/v2\/product"}],"about":[{"href":"https:\/\/www.e20srl.com\/en\/wp-json\/wp\/v2\/types\/product"}],"wp:featuredmedia":[{"embeddable":true,"href":"https:\/\/www.e20srl.com\/en\/wp-json\/wp\/v2\/media\/37293"}],"wp:attachment":[{"href":"https:\/\/www.e20srl.com\/en\/wp-json\/wp\/v2\/media?parent=35898"}],"wp:term":[{"taxonomy":"product_brand","embeddable":true,"href":"https:\/\/www.e20srl.com\/en\/wp-json\/wp\/v2\/product_brand?post=35898"},{"taxonomy":"product_cat","embeddable":true,"href":"https:\/\/www.e20srl.com\/en\/wp-json\/wp\/v2\/product_cat?post=35898"},{"taxonomy":"product_tag","embeddable":true,"href":"https:\/\/www.e20srl.com\/en\/wp-json\/wp\/v2\/product_tag?post=35898"}],"curies":[{"name":"wp","href":"https:\/\/api.w.org\/{rel}","templated":true}]}}