{"id":36294,"date":"2026-02-24T11:20:53","date_gmt":"2026-02-24T10:20:53","guid":{"rendered":"https:\/\/www.e20srl.com\/?post_type=product&#038;p=36294"},"modified":"2026-04-29T09:49:11","modified_gmt":"2026-04-29T07:49:11","slug":"aggiornamento-culturale-pavese-2026-pavia","status":"publish","type":"product","link":"https:\/\/www.e20srl.com\/en\/prodotti\/aggiornamento-culturale-pavese-2026-pavia\/","title":{"rendered":"Aggiornamento culturale pavese 2026 &#8211; Pavia"},"content":{"rendered":"<p>&nbsp;<\/p>\n<p><img fetchpriority=\"high\" decoding=\"async\" class=\"alignleft size-full wp-image-37542\" src=\"https:\/\/www.e20srl.com\/wp-content\/uploads\/2026\/02\/1_9-Serate-per-conseguire-50-Crediti-ECM.png\" alt=\"1_9-Serate-per-conseguire-50-Crediti-ECM\" width=\"2400\" height=\"1171\" \/> <img decoding=\"async\" class=\"alignleft size-full wp-image-37544\" src=\"https:\/\/www.e20srl.com\/wp-content\/uploads\/2026\/02\/2_Benvenuti-allAggiornamento-Culturale-Pavese-2026.png\" alt=\"2_Benvenuti-allAggiornamento-Culturale-Pavese-2026\" width=\"2400\" height=\"2626\" \/> <img decoding=\"async\" class=\"alignleft size-full wp-image-37546\" src=\"https:\/\/www.e20srl.com\/wp-content\/uploads\/2026\/02\/3_Le-9-Serate-Tematiche.png\" alt=\"3_Le-9-Serate-Tematiche\" width=\"2400\" height=\"3754\" \/> <img loading=\"lazy\" decoding=\"async\" class=\"alignleft size-full wp-image-37548\" src=\"https:\/\/www.e20srl.com\/wp-content\/uploads\/2026\/02\/4_Dallanalisi-estetica-al-risultato-finale-restauri-diretti-nei-settori-anteriori.png\" alt=\"4_Dallanalisi-estetica-al-risultato-finale-restauri-diretti-nei-settori-anteriori\" width=\"2400\" height=\"2168\" \/> <img loading=\"lazy\" decoding=\"async\" class=\"alignleft size-full wp-image-37550\" src=\"https:\/\/www.e20srl.com\/wp-content\/uploads\/2026\/02\/5_Medicina-estetica-di-precisione-diagnosi-imaging-e-integrazione-odontoiatrica.png\" alt=\"5_Medicina-estetica-di-precisione-diagnosi-imaging-e-integrazione-odontoiatrica\" width=\"2400\" height=\"3852\" \/> <img loading=\"lazy\" decoding=\"async\" class=\"alignleft size-full wp-image-37552\" src=\"https:\/\/www.e20srl.com\/wp-content\/uploads\/2026\/02\/6_Post-endo-materiali-e-tecniche-per-ottimizzare-le-fasi-protesiche.png\" alt=\"6_Post-endo-materiali-e-tecniche-per-ottimizzare-le-fasi-protesiche\" width=\"2400\" height=\"2534\" \/> <img loading=\"lazy\" decoding=\"async\" class=\"alignleft size-full wp-image-37554\" src=\"https:\/\/www.e20srl.com\/wp-content\/uploads\/2026\/02\/7_Il-flusso-di-lavoro-digitale-nella-terapia-implantare-contemporanea.png\" alt=\"7_Il-flusso-di-lavoro-digitale-nella-terapia-implantare-contemporanea\" width=\"2400\" height=\"2132\" \/> <img loading=\"lazy\" decoding=\"async\" class=\"alignleft size-full wp-image-37556\" src=\"https:\/\/www.e20srl.com\/wp-content\/uploads\/2026\/02\/8_Il-dentista-al-centro-del-percorso-gestione-condivisa-della-patologia-orale.png\" alt=\"8_Il-dentista-al-centro-del-percorso-gestione-condivisa-della-patologia-orale\" width=\"2400\" height=\"3988\" \/> <img loading=\"lazy\" decoding=\"async\" class=\"alignleft size-full wp-image-37558\" src=\"https:\/\/www.e20srl.com\/wp-content\/uploads\/2026\/02\/9_7-pilastri-per-lo-studio-profittevole-con-laiuto-della-AI.png\" alt=\"9_7-pilastri-per-lo-studio-profittevole-con-laiuto-della-AI\" width=\"2400\" height=\"3944\" \/> <img loading=\"lazy\" decoding=\"async\" class=\"alignleft size-full wp-image-37560\" src=\"https:\/\/www.e20srl.com\/wp-content\/uploads\/2026\/02\/10_Come-partecipare.png\" alt=\"10_Come-partecipare\" width=\"2400\" height=\"3608\" \/><\/p>\n<p>&nbsp;<\/p>\n<p>&nbsp;<\/p>\n<h5><span style=\"color: #333399;\"><strong>ABSTRACT<\/strong><\/span><\/h5>\n<p>La Commissione d\u2019Albo degli Igienisti dentali di Pavia &#8211; Ordine Professioni Sanitarie Tecniche della Riabilitazione e della Prevenzione, FNO TSRM e PSTRP &#8211; propone quest\u2019anno un programma ricco e variegato dall\u2019altissimo valore clinico e scientifico.<br \/>\nLa preziosa partnership con E20 ci permetter\u00e0 di fare un viaggio culturale in 9 serate tematiche nel mondo dell\u2019Odontoiatria moderna basata sulla pi\u00f9 aggiornata ed autorevole Evidenza scientifica (EBM), sottolineando inscindibilmente l\u2019importanza della multidisciplinariet\u00e0 e del valore del Team Odontoiatrico.<br \/>\nLa cooperazione tra Professionisti sanitari, infatti, sar\u00e0 dunque la condizione necessaria affinch\u00e9 i progressi scientifici ed i nuovi gold standard terapeutici possano avvenire e far s\u00ec che non manchino al personale sanitario tutte le competenze trasversali per svolgere quotidianamente al massimo l\u2019esercizio dell\u2019Arte sanitaria.<br \/>\nA presto vederci!<br \/>\n<em>Dott. Renato Custurone<\/em><\/p>\n<h5 style=\"color: #2e3192;\"><\/h5>\n<p>&nbsp;<\/p>\n<h5><span style=\"color: #333399;\"><b>PROGRAMMA<span class=\"Apple-converted-space\"> 9 SERATE<\/span><\/b><\/span><\/h5>\n<p><strong>Gioved\u00ec 02 Aprile 2026<\/strong><br \/>\nDall\u2019analisi estetica al risultato finale: approcci contemporanei ai restauri diretti nei settori anteriori<br \/>\n<em>Dott. Luca Tacchini<\/em><\/p>\n<p><strong>Luned\u00ec 13 Aprile 2026<\/strong><br \/>\nMedicina estetica di precisione: diagnosi, imaging e integrazione odontoiatrica<br \/>\n<em>Dott. Andrea Baruffaldi<\/em><\/p>\n<p><strong>Luned\u00ec 18 Maggio 2026<\/strong><br \/>\n<strong><em>\u203a Dalle 20,00 alle 20,15<\/em><\/strong><br \/>\nEconomia dello studio e pagamenti digitali<br \/>\n<em>Dott. Andrea Gheno<\/em><br \/>\n<em><strong>\u203a A partire dalle 20,15<\/strong><\/em><br \/>\nPost-endo: materiali e tecniche per ottimizzare le fasi protesiche<br \/>\n<em>Dott. Andrea Baldi<\/em><\/p>\n<p><strong>Gioved\u00ec 11 Giugno 2026<\/strong><br \/>\nLa gestione della prima visita<br \/>\n<em>Dott. Riccardo Scarpa<\/em><\/p>\n<p><strong>Gioved\u00ec 24 Settembre 2026<\/strong><br \/>\nIl flusso di lavoro digitale come approccio nella terapia implantare contemporanea<br \/>\n<em>Dott. Alberto Serafini<\/em><\/p>\n<p><strong>Mercoled\u00ec 21 Ottobre 2026<\/strong><br \/>\nIl dentista al centro del percorso. Un modello di gestione condivisa della patologia orale tra odontoiatra, igienista dentale, patologo orale e anatomo patologo<br \/>\n<em>Dott. Andrea Gianatti, Dott. Riccardo Bonacina e Dott. Fabio Colombelli<\/em><\/p>\n<p><strong>Marted\u00ec 17 Novembre 2026<\/strong><br \/>\nI casi endodontici complessi. Lesioni, fistole, ascessi: diagnosi, trattamento e longevit\u00e0<br \/>\n<em>Dott. Andrea Polesel<\/em><\/p>\n<p><strong>Gioved\u00ec 03 Dicembre 2026<\/strong><br \/>\n7 pilastri per lo studio profittevole con l\u2019aiuto della AI<br \/>\n<em>Arcangelo Zullo<\/em><\/p>\n<p><strong>Marted\u00ec 15 Dicembre 2026<\/strong><br \/>\nSbiancamento ambulatoriale: materiali e metodi<br \/>\n<em>Dott.ssa Consuelo Sanavia<\/em><\/p>\n<p>&nbsp;<\/p>\n<h5><span style=\"color: #333399;\"><strong>DESTINATARI DEL CORSO<\/strong><\/span><\/h5>\n<p>Figure professionali accreditate: <strong>Odontoiatri e Igienisti dentali<\/strong><\/p>\n<p>&nbsp;<\/p>\n<h5 style=\"color: #2e3192;\"><strong>MODALIT\u00c0 DI SVOLGIMENTO<\/strong><\/h5>\n<p>Le attivit\u00e0 si svolgeranno\u00a0<strong>in presenza<\/strong>.<\/p>\n<table style=\"border-collapse: collapse; width: 99.9203%; height: 103px;\">\n<tbody>\n<tr style=\"background-color: #cfebfe;\">\n<td style=\"width: 100%; text-align: left;\">Per coloro che hanno scelto il pagamento tramite bonifico bancario, si informa che essendo un corso pratico con posti limitati, l\u2019iscrizione sar\u00e0 considerata valida se seguita entro 5gg. dalla prenotazione, dalla contabile del pagamento. Diversamente, la prenotazione sar\u00e0 automaticamente cancellata.<\/td>\n<\/tr>\n<\/tbody>\n<\/table>\n<p>&nbsp;<\/p>\n<h5 style=\"color: #2e3192;\"><strong>POLICY DI CANCELLAZIONE<\/strong><\/h5>\n<p class=\"column\">In caso di mancata partecipazione verr\u00e0 effettuato un rimborso al netto dei diritti di Segreteria (50% della quota di iscrizione iva compresa) solo se la disdetta scritta sar\u00e0 pervenuta alla Segreteria entro e non oltre 15 giorni lavorativi prima dallo svolgimento dell\u2019evento per comprovati motivi. Le iscrizioni saranno ritenute valide solo se accompagnate dalla quota di iscrizione o dalla ricevuta del bonifico.<\/p>\n<p>&nbsp;<\/p>\n<h5 style=\"color: #2e3192;\"><strong>LOCATION<\/strong><\/h5>\n<p><strong>HOTEL LE GRONDE<\/strong><br \/>\nVia Togliatti, 102 &#8211; 27100 Cava Manara, Fraz. Tre Re (PV)<\/p>\n<p><iframe style=\"border: 0;\" src=\"https:\/\/www.google.com\/maps\/embed?pb=!1m18!1m12!1m3!1d2815.285227921715!2d9.112147277436042!3d45.12055557107055!2m3!1f0!2f0!3f0!3m2!1i1024!2i768!4f13.1!3m3!1m2!1s0x478724fc13653511%3A0x25f7f75dd843b122!2sHotel%20Albergo%20Ristorante%20Le%20Gronde!5e0!3m2!1sit!2sit!4v1771929491397!5m2!1sit!2sit\" width=\"600\" height=\"450\" allowfullscreen=\"allowfullscreen\"><\/iframe><\/p>\n","protected":false},"excerpt":{"rendered":"<h5>La partecipazione a tutte e 9 le serate da diritto a ricevere <strong>50 CREDITI ECM<\/strong><\/h5>\n<h5><span style=\"color: #2e3192;\"><strong>INIZIO RELAZIONE: 20.00 &#8211; DINNER OFFERTO<\/strong><\/span><\/h5>\n<h5>Quota di iscrizione:<br \/>\n<strong>\u20ac 100,00 + IVA (comprensivo di cena e kit congressuale)<\/strong><\/h5>\n<p><a href=\"https:\/\/www.e20srl.com\/area-privata\/index.php?id=2586&amp;iscrizione=1\"><img loading=\"lazy\" decoding=\"async\" class=\"alignnone wp-image-22052 size-full\" src=\"https:\/\/www.e20srl.com\/wp-content\/uploads\/2023\/10\/pulsante-acquista.png\" alt=\"pulsante acquista\" width=\"395\" height=\"72\" \/><\/a><\/p>\n","protected":false},"featured_media":36295,"menu_order":116,"template":"","meta":{"_monsterinsights_skip_tracking":false,"_monsterinsights_sitenote_active":false,"_monsterinsights_sitenote_note":"","_monsterinsights_sitenote_category":0},"product_brand":[],"product_cat":[609,606,604],"product_tag":[654],"class_list":{"0":"post-36294","1":"product","2":"type-product","3":"status-publish","4":"has-post-thumbnail","6":"product_cat-corsi","7":"product_cat-igienisti-dentali","8":"product_cat-odontoiatri","9":"product_tag-corsi","11":"first","12":"instock","13":"shipping-taxable","14":"product-type-simple"},"yoast_head":"<!-- This site is optimized with the Yoast SEO plugin v27.5 - https:\/\/yoast.com\/product\/yoast-seo-wordpress\/ -->\n<title>Aggiornamento culturale pavese 2026 - Pavia | e20<\/title>\n<meta name=\"description\" content=\"Il corso fornir\u00e0 un elenco accurato dei materiali dentali divisi per singoli campi di applicazione. Sia il mondo analogico che quello digitale.\" \/>\n<meta name=\"robots\" content=\"index, follow, max-snippet:-1, max-image-preview:large, max-video-preview:-1\" \/>\n<link rel=\"canonical\" href=\"https:\/\/www.e20srl.com\/en\/prodotti\/aggiornamento-culturale-pavese-2026-pavia\/\" \/>\n<meta property=\"og:locale\" content=\"en_US\" \/>\n<meta property=\"og:type\" content=\"article\" \/>\n<meta property=\"og:title\" content=\"Aggiornamento culturale pavese 2026 - Pavia | e20\" \/>\n<meta property=\"og:description\" content=\"Il corso fornir\u00e0 un elenco accurato dei materiali dentali divisi per singoli campi di applicazione. Sia il mondo analogico che quello digitale.\" \/>\n<meta property=\"og:url\" content=\"https:\/\/www.e20srl.com\/en\/prodotti\/aggiornamento-culturale-pavese-2026-pavia\/\" \/>\n<meta property=\"og:site_name\" content=\"e20\" \/>\n<meta property=\"article:publisher\" content=\"https:\/\/www.facebook.com\/e20srl\" \/>\n<meta property=\"article:modified_time\" content=\"2026-04-29T07:49:11+00:00\" \/>\n<meta property=\"og:image\" content=\"https:\/\/www.e20srl.com\/wp-content\/uploads\/2026\/02\/2026-Aggiornamento-culturale-pavese-2026-1.jpg\" \/>\n\t<meta property=\"og:image:width\" content=\"1200\" \/>\n\t<meta property=\"og:image:height\" content=\"1200\" \/>\n\t<meta property=\"og:image:type\" content=\"image\/jpeg\" \/>\n<meta name=\"twitter:card\" content=\"summary_large_image\" \/>\n<meta name=\"twitter:label1\" content=\"Est. reading time\" \/>\n\t<meta name=\"twitter:data1\" content=\"5 minutes\" \/>\n<script type=\"application\/ld+json\" class=\"yoast-schema-graph\">{\"@context\":\"https:\\\/\\\/schema.org\",\"@graph\":[{\"@type\":\"WebPage\",\"@id\":\"https:\\\/\\\/www.e20srl.com\\\/en\\\/prodotti\\\/aggiornamento-culturale-pavese-2026-pavia\\\/\",\"url\":\"https:\\\/\\\/www.e20srl.com\\\/en\\\/prodotti\\\/aggiornamento-culturale-pavese-2026-pavia\\\/\",\"name\":\"Aggiornamento culturale pavese 2026 - Pavia | e20\",\"isPartOf\":{\"@id\":\"https:\\\/\\\/www.e20srl.com\\\/en\\\/#website\"},\"primaryImageOfPage\":{\"@id\":\"https:\\\/\\\/www.e20srl.com\\\/en\\\/prodotti\\\/aggiornamento-culturale-pavese-2026-pavia\\\/#primaryimage\"},\"image\":{\"@id\":\"https:\\\/\\\/www.e20srl.com\\\/en\\\/prodotti\\\/aggiornamento-culturale-pavese-2026-pavia\\\/#primaryimage\"},\"thumbnailUrl\":\"https:\\\/\\\/www.e20srl.com\\\/wp-content\\\/uploads\\\/2026\\\/02\\\/2026-Aggiornamento-culturale-pavese-2026-1.jpg\",\"datePublished\":\"2026-02-24T10:20:53+00:00\",\"dateModified\":\"2026-04-29T07:49:11+00:00\",\"description\":\"Il corso fornir\u00e0 un elenco accurato dei materiali dentali divisi per singoli campi di applicazione. Sia il mondo analogico che quello digitale.\",\"breadcrumb\":{\"@id\":\"https:\\\/\\\/www.e20srl.com\\\/en\\\/prodotti\\\/aggiornamento-culturale-pavese-2026-pavia\\\/#breadcrumb\"},\"inLanguage\":\"en-US\",\"potentialAction\":[{\"@type\":\"ReadAction\",\"target\":[\"https:\\\/\\\/www.e20srl.com\\\/en\\\/prodotti\\\/aggiornamento-culturale-pavese-2026-pavia\\\/\"]}]},{\"@type\":\"ImageObject\",\"inLanguage\":\"en-US\",\"@id\":\"https:\\\/\\\/www.e20srl.com\\\/en\\\/prodotti\\\/aggiornamento-culturale-pavese-2026-pavia\\\/#primaryimage\",\"url\":\"https:\\\/\\\/www.e20srl.com\\\/wp-content\\\/uploads\\\/2026\\\/02\\\/2026-Aggiornamento-culturale-pavese-2026-1.jpg\",\"contentUrl\":\"https:\\\/\\\/www.e20srl.com\\\/wp-content\\\/uploads\\\/2026\\\/02\\\/2026-Aggiornamento-culturale-pavese-2026-1.jpg\",\"width\":1200,\"height\":1200,\"caption\":\"2026-Aggiornamento-culturale-pavese-2026\"},{\"@type\":\"BreadcrumbList\",\"@id\":\"https:\\\/\\\/www.e20srl.com\\\/en\\\/prodotti\\\/aggiornamento-culturale-pavese-2026-pavia\\\/#breadcrumb\",\"itemListElement\":[{\"@type\":\"ListItem\",\"position\":1,\"name\":\"Home\",\"item\":\"https:\\\/\\\/www.e20srl.com\\\/en\\\/\"},{\"@type\":\"ListItem\",\"position\":2,\"name\":\"Shop\",\"item\":\"https:\\\/\\\/www.e20srl.com\\\/en\\\/shop-2\\\/\"},{\"@type\":\"ListItem\",\"position\":3,\"name\":\"Aggiornamento culturale pavese 2026 &#8211; Pavia\"}]},{\"@type\":\"WebSite\",\"@id\":\"https:\\\/\\\/www.e20srl.com\\\/en\\\/#website\",\"url\":\"https:\\\/\\\/www.e20srl.com\\\/en\\\/\",\"name\":\"e20\",\"description\":\"Congressi e Corsi in presenza, FAD, webinar di Eccellenza per Odontoiatra, Igienista dentale, ASO\",\"publisher\":{\"@id\":\"https:\\\/\\\/www.e20srl.com\\\/en\\\/#organization\"},\"potentialAction\":[{\"@type\":\"SearchAction\",\"target\":{\"@type\":\"EntryPoint\",\"urlTemplate\":\"https:\\\/\\\/www.e20srl.com\\\/en\\\/?s={search_term_string}\"},\"query-input\":{\"@type\":\"PropertyValueSpecification\",\"valueRequired\":true,\"valueName\":\"search_term_string\"}}],\"inLanguage\":\"en-US\"},{\"@type\":\"Organization\",\"@id\":\"https:\\\/\\\/www.e20srl.com\\\/en\\\/#organization\",\"name\":\"e20 s.r.l.\",\"url\":\"https:\\\/\\\/www.e20srl.com\\\/en\\\/\",\"logo\":{\"@type\":\"ImageObject\",\"inLanguage\":\"en-US\",\"@id\":\"https:\\\/\\\/www.e20srl.com\\\/en\\\/#\\\/schema\\\/logo\\\/image\\\/\",\"url\":\"https:\\\/\\\/www.e20srl.com\\\/wp-content\\\/uploads\\\/2022\\\/10\\\/e20-icona.png\",\"contentUrl\":\"https:\\\/\\\/www.e20srl.com\\\/wp-content\\\/uploads\\\/2022\\\/10\\\/e20-icona.png\",\"width\":512,\"height\":512,\"caption\":\"e20 s.r.l.\"},\"image\":{\"@id\":\"https:\\\/\\\/www.e20srl.com\\\/en\\\/#\\\/schema\\\/logo\\\/image\\\/\"},\"sameAs\":[\"https:\\\/\\\/www.facebook.com\\\/e20srl\",\"https:\\\/\\\/www.instagram.com\\\/e20.srl\\\/\",\"https:\\\/\\\/www.youtube.com\\\/channel\\\/UCFK9MwMuURf-lxw-ca0PNHw\",\"https:\\\/\\\/www.linkedin.com\\\/company\\\/e20-srl\\\/about\\\/\"]}]}<\/script>\n<!-- \/ Yoast SEO plugin. -->","yoast_head_json":{"title":"Aggiornamento culturale pavese 2026 - Pavia | e20","description":"Il corso fornir\u00e0 un elenco accurato dei materiali dentali divisi per singoli campi di applicazione. Sia il mondo analogico che quello digitale.","robots":{"index":"index","follow":"follow","max-snippet":"max-snippet:-1","max-image-preview":"max-image-preview:large","max-video-preview":"max-video-preview:-1"},"canonical":"https:\/\/www.e20srl.com\/en\/prodotti\/aggiornamento-culturale-pavese-2026-pavia\/","og_locale":"en_US","og_type":"article","og_title":"Aggiornamento culturale pavese 2026 - Pavia | e20","og_description":"Il corso fornir\u00e0 un elenco accurato dei materiali dentali divisi per singoli campi di applicazione. Sia il mondo analogico che quello digitale.","og_url":"https:\/\/www.e20srl.com\/en\/prodotti\/aggiornamento-culturale-pavese-2026-pavia\/","og_site_name":"e20","article_publisher":"https:\/\/www.facebook.com\/e20srl","article_modified_time":"2026-04-29T07:49:11+00:00","og_image":[{"width":1200,"height":1200,"url":"https:\/\/www.e20srl.com\/wp-content\/uploads\/2026\/02\/2026-Aggiornamento-culturale-pavese-2026-1.jpg","type":"image\/jpeg"}],"twitter_card":"summary_large_image","twitter_misc":{"Est. reading time":"5 minutes"},"schema":{"@context":"https:\/\/schema.org","@graph":[{"@type":"WebPage","@id":"https:\/\/www.e20srl.com\/en\/prodotti\/aggiornamento-culturale-pavese-2026-pavia\/","url":"https:\/\/www.e20srl.com\/en\/prodotti\/aggiornamento-culturale-pavese-2026-pavia\/","name":"Aggiornamento culturale pavese 2026 - Pavia | e20","isPartOf":{"@id":"https:\/\/www.e20srl.com\/en\/#website"},"primaryImageOfPage":{"@id":"https:\/\/www.e20srl.com\/en\/prodotti\/aggiornamento-culturale-pavese-2026-pavia\/#primaryimage"},"image":{"@id":"https:\/\/www.e20srl.com\/en\/prodotti\/aggiornamento-culturale-pavese-2026-pavia\/#primaryimage"},"thumbnailUrl":"https:\/\/www.e20srl.com\/wp-content\/uploads\/2026\/02\/2026-Aggiornamento-culturale-pavese-2026-1.jpg","datePublished":"2026-02-24T10:20:53+00:00","dateModified":"2026-04-29T07:49:11+00:00","description":"Il corso fornir\u00e0 un elenco accurato dei materiali dentali divisi per singoli campi di applicazione. Sia il mondo analogico che quello digitale.","breadcrumb":{"@id":"https:\/\/www.e20srl.com\/en\/prodotti\/aggiornamento-culturale-pavese-2026-pavia\/#breadcrumb"},"inLanguage":"en-US","potentialAction":[{"@type":"ReadAction","target":["https:\/\/www.e20srl.com\/en\/prodotti\/aggiornamento-culturale-pavese-2026-pavia\/"]}]},{"@type":"ImageObject","inLanguage":"en-US","@id":"https:\/\/www.e20srl.com\/en\/prodotti\/aggiornamento-culturale-pavese-2026-pavia\/#primaryimage","url":"https:\/\/www.e20srl.com\/wp-content\/uploads\/2026\/02\/2026-Aggiornamento-culturale-pavese-2026-1.jpg","contentUrl":"https:\/\/www.e20srl.com\/wp-content\/uploads\/2026\/02\/2026-Aggiornamento-culturale-pavese-2026-1.jpg","width":1200,"height":1200,"caption":"2026-Aggiornamento-culturale-pavese-2026"},{"@type":"BreadcrumbList","@id":"https:\/\/www.e20srl.com\/en\/prodotti\/aggiornamento-culturale-pavese-2026-pavia\/#breadcrumb","itemListElement":[{"@type":"ListItem","position":1,"name":"Home","item":"https:\/\/www.e20srl.com\/en\/"},{"@type":"ListItem","position":2,"name":"Shop","item":"https:\/\/www.e20srl.com\/en\/shop-2\/"},{"@type":"ListItem","position":3,"name":"Aggiornamento culturale pavese 2026 &#8211; Pavia"}]},{"@type":"WebSite","@id":"https:\/\/www.e20srl.com\/en\/#website","url":"https:\/\/www.e20srl.com\/en\/","name":"e20","description":"Congressi e Corsi in presenza, FAD, webinar di Eccellenza per Odontoiatra, Igienista dentale, ASO","publisher":{"@id":"https:\/\/www.e20srl.com\/en\/#organization"},"potentialAction":[{"@type":"SearchAction","target":{"@type":"EntryPoint","urlTemplate":"https:\/\/www.e20srl.com\/en\/?s={search_term_string}"},"query-input":{"@type":"PropertyValueSpecification","valueRequired":true,"valueName":"search_term_string"}}],"inLanguage":"en-US"},{"@type":"Organization","@id":"https:\/\/www.e20srl.com\/en\/#organization","name":"e20 s.r.l.","url":"https:\/\/www.e20srl.com\/en\/","logo":{"@type":"ImageObject","inLanguage":"en-US","@id":"https:\/\/www.e20srl.com\/en\/#\/schema\/logo\/image\/","url":"https:\/\/www.e20srl.com\/wp-content\/uploads\/2022\/10\/e20-icona.png","contentUrl":"https:\/\/www.e20srl.com\/wp-content\/uploads\/2022\/10\/e20-icona.png","width":512,"height":512,"caption":"e20 s.r.l."},"image":{"@id":"https:\/\/www.e20srl.com\/en\/#\/schema\/logo\/image\/"},"sameAs":["https:\/\/www.facebook.com\/e20srl","https:\/\/www.instagram.com\/e20.srl\/","https:\/\/www.youtube.com\/channel\/UCFK9MwMuURf-lxw-ca0PNHw","https:\/\/www.linkedin.com\/company\/e20-srl\/about\/"]}]}},"_links":{"self":[{"href":"https:\/\/www.e20srl.com\/en\/wp-json\/wp\/v2\/product\/36294","targetHints":{"allow":["GET"]}}],"collection":[{"href":"https:\/\/www.e20srl.com\/en\/wp-json\/wp\/v2\/product"}],"about":[{"href":"https:\/\/www.e20srl.com\/en\/wp-json\/wp\/v2\/types\/product"}],"wp:featuredmedia":[{"embeddable":true,"href":"https:\/\/www.e20srl.com\/en\/wp-json\/wp\/v2\/media\/36295"}],"wp:attachment":[{"href":"https:\/\/www.e20srl.com\/en\/wp-json\/wp\/v2\/media?parent=36294"}],"wp:term":[{"taxonomy":"product_brand","embeddable":true,"href":"https:\/\/www.e20srl.com\/en\/wp-json\/wp\/v2\/product_brand?post=36294"},{"taxonomy":"product_cat","embeddable":true,"href":"https:\/\/www.e20srl.com\/en\/wp-json\/wp\/v2\/product_cat?post=36294"},{"taxonomy":"product_tag","embeddable":true,"href":"https:\/\/www.e20srl.com\/en\/wp-json\/wp\/v2\/product_tag?post=36294"}],"curies":[{"name":"wp","href":"https:\/\/api.w.org\/{rel}","templated":true}]}}