{"id":36321,"date":"2026-02-24T14:12:35","date_gmt":"2026-02-24T13:12:35","guid":{"rendered":"https:\/\/www.e20srl.com\/?post_type=product&#038;p=36321"},"modified":"2026-04-30T12:11:14","modified_gmt":"2026-04-30T10:11:14","slug":"continuing-education-2026-salerno","status":"publish","type":"product","link":"https:\/\/www.e20srl.com\/en\/prodotti\/continuing-education-2026-salerno\/","title":{"rendered":"Continuing education 2026 &#8211; Salerno"},"content":{"rendered":"<p><img fetchpriority=\"high\" decoding=\"async\" class=\"alignleft wp-image-37641\" src=\"https:\/\/www.e20srl.com\/wp-content\/uploads\/2026\/02\/1_Salerno-Continuing-Education-2026-2.png\" alt=\"1_Salerno-Continuing-Education-2026\" width=\"2400\" height=\"1791\" \/> <img decoding=\"async\" class=\"alignleft wp-image-37643\" src=\"https:\/\/www.e20srl.com\/wp-content\/uploads\/2026\/02\/2_Presentazione-del-Presidente.png\" alt=\"2_Presentazione-del-Presidente\" width=\"2400\" height=\"4035\" \/> <img decoding=\"async\" class=\"alignleft wp-image-37645\" src=\"https:\/\/www.e20srl.com\/wp-content\/uploads\/2026\/02\/3_Il-Calendario-2026-in-un-Colpo-dOcchio.png\" alt=\"3_Il-Calendario-2026-in-un-Colpo-dOcchio\" width=\"2400\" height=\"3916\" \/> <img loading=\"lazy\" decoding=\"async\" class=\"alignleft wp-image-37647\" src=\"https:\/\/www.e20srl.com\/wp-content\/uploads\/2026\/02\/4_Efficienza-e-Gestione-dello-Staff-Clinico.png\" alt=\"4_Efficienza-e-Gestione-dello-Staff-Clinico\" width=\"2400\" height=\"1685\" \/> <img loading=\"lazy\" decoding=\"async\" class=\"alignleft wp-image-37649\" src=\"https:\/\/www.e20srl.com\/wp-content\/uploads\/2026\/02\/5_30-Maggio-Endodonzia-Complessa.png\" alt=\"5_30-Maggio-Endodonzia-Complessa\" width=\"2400\" height=\"1669\" \/> <img loading=\"lazy\" decoding=\"async\" class=\"alignleft wp-image-37651\" src=\"https:\/\/www.e20srl.com\/wp-content\/uploads\/2026\/02\/6_Economia-dello-Studio-e-Pagamenti-Digitali.png\" alt=\"6_Economia-dello-Studio-e-Pagamenti-Digitali\" width=\"2400\" height=\"2142\" \/> <img loading=\"lazy\" decoding=\"async\" class=\"alignleft wp-image-37653\" src=\"https:\/\/www.e20srl.com\/wp-content\/uploads\/2026\/02\/7_24-Ottobre-Restauri-in-Composito.png\" alt=\"7_24-Ottobre-Restauri-in-Composito\" width=\"2400\" height=\"1399\" \/> <img loading=\"lazy\" decoding=\"async\" class=\"alignleft wp-image-37655\" src=\"https:\/\/www.e20srl.com\/wp-content\/uploads\/2026\/02\/8_05-Dicembre-TADs-Palatali.png\" alt=\"8_05-Dicembre-TADs-Palatali\" width=\"2400\" height=\"1679\" \/> <img loading=\"lazy\" decoding=\"async\" class=\"alignleft wp-image-37657\" src=\"https:\/\/www.e20srl.com\/wp-content\/uploads\/2026\/02\/9_Come-Iscriversi-6.png\" alt=\"9_Come-Iscriversi\" width=\"2400\" height=\"2698\" \/> <img loading=\"lazy\" decoding=\"async\" class=\"alignleft wp-image-37659\" src=\"https:\/\/www.e20srl.com\/wp-content\/uploads\/2026\/02\/10_Unisciti-al-Salerno-Continuing-Education-2026.png\" alt=\"10_Unisciti-al-Salerno-Continuing-Education-2026\" width=\"2400\" height=\"2889\" \/><\/p>\n<p>&nbsp;<\/p>\n<h5><\/h5>\n<h5><\/h5>\n<h5><strong>PRESENTAZIONE<\/strong><\/h5>\n<p>Care Colleghe e cari Colleghi,<br \/>\ncome ben sapete, l\u2019aggiornamento professionale non rappresenta soltanto un\u2019opportunit\u00e0 di crescita culturale e clinica, ma costituisce un obbligo formativo previsto dal sistema ECM (Educazione Continua in Medicina), al quale ogni Odontoiatra \u00e8 tenuto ai fini del mantenimento dei requisiti professionali e deontologici. L\u2019acquisizione dei crediti ECM \u00e8 oggi parte integrante della responsabilit\u00e0 professionale, anche ai fini della copertura assicurativa per la conduzione dello studio oltre che elemento fondamentale per garantire qualit\u00e0, sicurezza e appropriatezza delle cure offerte ai pazienti.<\/p>\n<p>Tra gli eventi che svolgeremo nel 2026 abbiamo inserito anche il seguente format, strutturato con particolare attenzione alla qualit\u00e0 scientifica e alla concretezza applicativa: sono previsti otto incontri, che consentiranno l\u2019attribuzione complessiva di 50 Crediti ECM, corrispondenti al fabbisogno annuale previsto per il 2026.<br \/>\nPer ottenere i crediti sar\u00e0 necessario partecipare ad almeno sei incontri in presenza. Al termine del percorso verr\u00e0 fornita una password personale che consentir\u00e0 di accedere gratuitamente al corso FAD contenente le registrazioni degli eventi. Sar\u00e0 quindi possibile completare l\u2019iter formativo rispondendo online al questionario di verifica dell\u2019apprendimento, secondo le modalit\u00e0 previste dalla normativa ECM.<\/p>\n<p>Gli argomenti trattati affronteranno tematiche di grande attualit\u00e0 e interesse clinico e gestionale: dal management e dalla gestione dello studio dentistico -oggi sempre pi\u00f9 centrale in un contesto normativo e organizzativo complesso- fino alle pi\u00f9 recenti evoluzioni in ortodonzia, protesi ed endodonzia, con relatori qualificati e contenuti immediatamente spendibili nella pratica quotidiana.<br \/>\nL\u2019obiettivo \u00e8 offrire un percorso formativo completo, aggiornato e di alto livello scientifico, che coniughi l\u2019adempimento dell\u2019obbligo ECM con un reale valore aggiunto per la nostra attivit\u00e0 professionale.<br \/>\nConfido d\u2019incontrarti per condividere crescita professionale, confronto e aggiornamento, non senza il piacere di vedersi.<\/p>\n<p><strong><em>Gaetano Ciancio<\/em><\/strong><br \/>\n<em>Presidente Albo Odontoiatri<\/em><br \/>\n<em>OMCeO della provincia di Salerno<\/em><\/p>\n<h5><\/h5>\n<p>&nbsp;<\/p>\n<h5><b>PROGRAMMA<span class=\"Apple-converted-space\"> 8 GIORNATE<br \/>\n<\/span><\/b>RELAZIONI SABATO MATTINA: 9.00 &#8211; 13.00<\/h5>\n<p><strong>Sabato 21 Marzo 2026<\/strong><br \/>\nEfficienza e gestione dello staff clinico<br \/>\n<em>Dott. Riccardo Scarpa<\/em><\/p>\n<p><strong>Sabato 30 Maggio 2026<\/strong><br \/>\nI casi endodontici complessi. Lesioni, fistole, ascessi: diagnosi, trattamento e longevit\u00e0.<br \/>\n<em>Dott. Andrea Polesel<\/em><\/p>\n<p><strong>Sabato 20 Giugno 2026<\/strong><br \/>\nIl successo a lungo termine degli impianti post estrattivi immediati in zona estetica.<br \/>\n<em>Dott. Filippo Tomarelli &#8211; Dott. Antonio Andrisani<\/em><\/p>\n<p><strong>Sabato 19 Settembre 2026<\/strong><br \/>\nEconomia dello studio e pagamenti digitali<br \/>\n<em>Dott. Andrea Gheno<\/em><\/p>\n<p><strong>Sabato 24 Ottobre 2026<\/strong><br \/>\nLa gestione del profilo di emergenza nei restauri diretti in composito<br \/>\n<em>Dott. Nicol\u00f2 Barbera<\/em><\/p>\n<p><strong>Sabato 21 Novembre 2026<\/strong><br \/>\n7 pilastri per lo studio profittevole con l\u2019aiuto della AI<br \/>\n<em>Arcangelo Zullo<\/em><\/p>\n<p><strong>Sabato 05 Dicembre 2026<\/strong><br \/>\nAncoraggio scheletrico su TADs palatali nel paziente adulto: vantaggi e procedure di successo<br \/>\n<em>Dott. Cristiano Segnini &#8211; Dott. Giorgio Oliva<\/em><\/p>\n<p><strong>Sabato 12 Dicembre 2026<\/strong><br \/>\nDall\u2019analisi estetica al risultato finale: approcci contemporanei ai restauri diretti nei settori anteriori<br \/>\n<em>Dott. Luca Tacchini<\/em><\/p>\n<p>&nbsp;<\/p>\n<h5><strong>DESTINATARI DEL CORSO<\/strong><\/h5>\n<p>Figure professionali accreditate: <strong>Odontoiatri<\/strong><\/p>\n<p>&nbsp;<\/p>\n<h5><strong>MODALIT\u00c0 DI SVOLGIMENTO<\/strong><\/h5>\n<p>Le attivit\u00e0 si svolgeranno\u00a0<strong>in presenza<\/strong>.<\/p>\n<table>\n<tbody>\n<tr>\n<td>Per coloro che hanno scelto il pagamento tramite bonifico bancario, si informa che essendo un corso pratico con posti limitati, l\u2019iscrizione sar\u00e0 considerata valida se seguita entro 5gg. dalla prenotazione, dalla contabile del pagamento. Diversamente, la prenotazione sar\u00e0 automaticamente cancellata.<\/td>\n<\/tr>\n<\/tbody>\n<\/table>\n<p>&nbsp;<\/p>\n<h5><strong>POLICY DI CANCELLAZIONE<\/strong><\/h5>\n<p class=\"column\">In caso di mancata partecipazione verr\u00e0 effettuato un rimborso al netto dei diritti di Segreteria (50% della quota di iscrizione iva compresa) solo se la disdetta scritta sar\u00e0 pervenuta alla Segreteria entro e non oltre 15 giorni lavorativi prima dallo svolgimento dell\u2019evento per comprovati motivi. Le iscrizioni saranno ritenute valide solo se accompagnate dalla quota di iscrizione o dalla ricevuta del bonifico.<\/p>\n<p>&nbsp;<\/p>\n<h5><strong>LOCATION<\/strong><\/h5>\n<p><strong>A.N.D.I. Salerno<\/strong><br \/>\nVia Enrico Bottiglieri, 13 &#8211; 84134 Salerno (SA)<\/p>\n<p><strong>SAINT JOSEPH ALBERGO<\/strong><br \/>\nVia S. Allende, 66 &#8211; 84131 Salerno (SA)<\/p>\n<p>&nbsp;<\/p>\n","protected":false},"excerpt":{"rendered":"<h5>La partecipazione a tutte e 8 le mattinate da diritto a ricevere in omaggio un FAD da 50 CREDITI ECM<\/h5>\n<h5>RELAZIONI SABATO MATTINA: 9.00 &#8211; 13.00<\/h5>\n<p><a href=\"https:\/\/www.e20srl.com\/area-privata\/index.php?id=2574&amp;iscrizione=1\" target=\"_blank\" rel=\"noopener\"><img loading=\"lazy\" decoding=\"async\" class=\"alignnone wp-image-21527 size-full\" src=\"https:\/\/www.e20srl.com\/wp-content\/uploads\/2023\/10\/pulsante-per-partecipare-3.png\" alt=\"Clicca qui per partecipare\" width=\"395\" height=\"72\" \/><\/a><\/p>\n","protected":false},"featured_media":36322,"menu_order":0,"template":"","meta":{"_monsterinsights_skip_tracking":false,"_monsterinsights_sitenote_active":false,"_monsterinsights_sitenote_note":"","_monsterinsights_sitenote_category":0},"product_brand":[],"product_cat":[609,604],"product_tag":[656],"class_list":{"0":"post-36321","1":"product","2":"type-product","3":"status-publish","4":"has-post-thumbnail","6":"product_cat-corsi","7":"product_cat-odontoiatri","8":"product_tag-fad","10":"first","11":"instock","12":"shipping-taxable","13":"product-type-simple"},"yoast_head":"<!-- This site is optimized with the Yoast SEO plugin v27.6 - https:\/\/yoast.com\/product\/yoast-seo-wordpress\/ -->\n<title>Continuing education 2026 - Salerno | e20<\/title>\n<meta name=\"robots\" content=\"index, follow, max-snippet:-1, max-image-preview:large, max-video-preview:-1\" \/>\n<link rel=\"canonical\" href=\"https:\/\/www.e20srl.com\/en\/prodotti\/continuing-education-2026-salerno\/\" \/>\n<meta property=\"og:locale\" content=\"en_US\" \/>\n<meta property=\"og:type\" content=\"article\" \/>\n<meta property=\"og:title\" content=\"Continuing education 2026 - Salerno | e20\" \/>\n<meta property=\"og:description\" content=\"La partecipazione a tutte e 8 le mattinate da diritto a ricevere in omaggio un FAD da 50 CREDITI ECM RELAZIONI SABATO MATTINA: 9.00 - 13.00\" \/>\n<meta property=\"og:url\" content=\"https:\/\/www.e20srl.com\/en\/prodotti\/continuing-education-2026-salerno\/\" \/>\n<meta property=\"og:site_name\" content=\"e20\" \/>\n<meta property=\"article:publisher\" content=\"https:\/\/www.facebook.com\/e20srl\" \/>\n<meta property=\"article:modified_time\" content=\"2026-04-30T10:11:14+00:00\" \/>\n<meta property=\"og:image\" content=\"https:\/\/www.e20srl.com\/wp-content\/uploads\/2026\/02\/2026-Andi-Salerno-8giornate.jpg\" \/>\n\t<meta property=\"og:image:width\" content=\"1200\" \/>\n\t<meta property=\"og:image:height\" content=\"1200\" \/>\n\t<meta property=\"og:image:type\" content=\"image\/jpeg\" \/>\n<meta name=\"twitter:card\" content=\"summary_large_image\" \/>\n<meta name=\"twitter:label1\" content=\"Est. reading time\" \/>\n\t<meta name=\"twitter:data1\" content=\"6 minutes\" \/>\n<script type=\"application\/ld+json\" class=\"yoast-schema-graph\">{\"@context\":\"https:\\\/\\\/schema.org\",\"@graph\":[{\"@type\":\"WebPage\",\"@id\":\"https:\\\/\\\/www.e20srl.com\\\/en\\\/prodotti\\\/continuing-education-2026-salerno\\\/\",\"url\":\"https:\\\/\\\/www.e20srl.com\\\/en\\\/prodotti\\\/continuing-education-2026-salerno\\\/\",\"name\":\"Continuing education 2026 - Salerno | e20\",\"isPartOf\":{\"@id\":\"https:\\\/\\\/www.e20srl.com\\\/en\\\/#website\"},\"primaryImageOfPage\":{\"@id\":\"https:\\\/\\\/www.e20srl.com\\\/en\\\/prodotti\\\/continuing-education-2026-salerno\\\/#primaryimage\"},\"image\":{\"@id\":\"https:\\\/\\\/www.e20srl.com\\\/en\\\/prodotti\\\/continuing-education-2026-salerno\\\/#primaryimage\"},\"thumbnailUrl\":\"https:\\\/\\\/www.e20srl.com\\\/wp-content\\\/uploads\\\/2026\\\/02\\\/2026-Andi-Salerno-8giornate.jpg\",\"datePublished\":\"2026-02-24T13:12:35+00:00\",\"dateModified\":\"2026-04-30T10:11:14+00:00\",\"breadcrumb\":{\"@id\":\"https:\\\/\\\/www.e20srl.com\\\/en\\\/prodotti\\\/continuing-education-2026-salerno\\\/#breadcrumb\"},\"inLanguage\":\"en-US\",\"potentialAction\":[{\"@type\":\"ReadAction\",\"target\":[\"https:\\\/\\\/www.e20srl.com\\\/en\\\/prodotti\\\/continuing-education-2026-salerno\\\/\"]}]},{\"@type\":\"ImageObject\",\"inLanguage\":\"en-US\",\"@id\":\"https:\\\/\\\/www.e20srl.com\\\/en\\\/prodotti\\\/continuing-education-2026-salerno\\\/#primaryimage\",\"url\":\"https:\\\/\\\/www.e20srl.com\\\/wp-content\\\/uploads\\\/2026\\\/02\\\/2026-Andi-Salerno-8giornate.jpg\",\"contentUrl\":\"https:\\\/\\\/www.e20srl.com\\\/wp-content\\\/uploads\\\/2026\\\/02\\\/2026-Andi-Salerno-8giornate.jpg\",\"width\":1200,\"height\":1200,\"caption\":\"2026-Andi-Salerno-8giornate\"},{\"@type\":\"BreadcrumbList\",\"@id\":\"https:\\\/\\\/www.e20srl.com\\\/en\\\/prodotti\\\/continuing-education-2026-salerno\\\/#breadcrumb\",\"itemListElement\":[{\"@type\":\"ListItem\",\"position\":1,\"name\":\"Home\",\"item\":\"https:\\\/\\\/www.e20srl.com\\\/en\\\/\"},{\"@type\":\"ListItem\",\"position\":2,\"name\":\"Shop\",\"item\":\"https:\\\/\\\/www.e20srl.com\\\/en\\\/shop-2\\\/\"},{\"@type\":\"ListItem\",\"position\":3,\"name\":\"Continuing education 2026 &#8211; Salerno\"}]},{\"@type\":\"WebSite\",\"@id\":\"https:\\\/\\\/www.e20srl.com\\\/en\\\/#website\",\"url\":\"https:\\\/\\\/www.e20srl.com\\\/en\\\/\",\"name\":\"e20\",\"description\":\"Congressi e Corsi in presenza, FAD, webinar di Eccellenza per Odontoiatra, Igienista dentale, ASO\",\"publisher\":{\"@id\":\"https:\\\/\\\/www.e20srl.com\\\/en\\\/#organization\"},\"potentialAction\":[{\"@type\":\"SearchAction\",\"target\":{\"@type\":\"EntryPoint\",\"urlTemplate\":\"https:\\\/\\\/www.e20srl.com\\\/en\\\/?s={search_term_string}\"},\"query-input\":{\"@type\":\"PropertyValueSpecification\",\"valueRequired\":true,\"valueName\":\"search_term_string\"}}],\"inLanguage\":\"en-US\"},{\"@type\":\"Organization\",\"@id\":\"https:\\\/\\\/www.e20srl.com\\\/en\\\/#organization\",\"name\":\"e20 s.r.l.\",\"url\":\"https:\\\/\\\/www.e20srl.com\\\/en\\\/\",\"logo\":{\"@type\":\"ImageObject\",\"inLanguage\":\"en-US\",\"@id\":\"https:\\\/\\\/www.e20srl.com\\\/en\\\/#\\\/schema\\\/logo\\\/image\\\/\",\"url\":\"https:\\\/\\\/www.e20srl.com\\\/wp-content\\\/uploads\\\/2022\\\/10\\\/e20-icona.png\",\"contentUrl\":\"https:\\\/\\\/www.e20srl.com\\\/wp-content\\\/uploads\\\/2022\\\/10\\\/e20-icona.png\",\"width\":512,\"height\":512,\"caption\":\"e20 s.r.l.\"},\"image\":{\"@id\":\"https:\\\/\\\/www.e20srl.com\\\/en\\\/#\\\/schema\\\/logo\\\/image\\\/\"},\"sameAs\":[\"https:\\\/\\\/www.facebook.com\\\/e20srl\",\"https:\\\/\\\/www.instagram.com\\\/e20.srl\\\/\",\"https:\\\/\\\/www.youtube.com\\\/channel\\\/UCFK9MwMuURf-lxw-ca0PNHw\",\"https:\\\/\\\/www.linkedin.com\\\/company\\\/e20-srl\\\/about\\\/\"]}]}<\/script>\n<!-- \/ Yoast SEO plugin. -->","yoast_head_json":{"title":"Continuing education 2026 - Salerno | e20","robots":{"index":"index","follow":"follow","max-snippet":"max-snippet:-1","max-image-preview":"max-image-preview:large","max-video-preview":"max-video-preview:-1"},"canonical":"https:\/\/www.e20srl.com\/en\/prodotti\/continuing-education-2026-salerno\/","og_locale":"en_US","og_type":"article","og_title":"Continuing education 2026 - Salerno | e20","og_description":"La partecipazione a tutte e 8 le mattinate da diritto a ricevere in omaggio un FAD da 50 CREDITI ECM RELAZIONI SABATO MATTINA: 9.00 - 13.00","og_url":"https:\/\/www.e20srl.com\/en\/prodotti\/continuing-education-2026-salerno\/","og_site_name":"e20","article_publisher":"https:\/\/www.facebook.com\/e20srl","article_modified_time":"2026-04-30T10:11:14+00:00","og_image":[{"width":1200,"height":1200,"url":"https:\/\/www.e20srl.com\/wp-content\/uploads\/2026\/02\/2026-Andi-Salerno-8giornate.jpg","type":"image\/jpeg"}],"twitter_card":"summary_large_image","twitter_misc":{"Est. reading time":"6 minutes"},"schema":{"@context":"https:\/\/schema.org","@graph":[{"@type":"WebPage","@id":"https:\/\/www.e20srl.com\/en\/prodotti\/continuing-education-2026-salerno\/","url":"https:\/\/www.e20srl.com\/en\/prodotti\/continuing-education-2026-salerno\/","name":"Continuing education 2026 - Salerno | e20","isPartOf":{"@id":"https:\/\/www.e20srl.com\/en\/#website"},"primaryImageOfPage":{"@id":"https:\/\/www.e20srl.com\/en\/prodotti\/continuing-education-2026-salerno\/#primaryimage"},"image":{"@id":"https:\/\/www.e20srl.com\/en\/prodotti\/continuing-education-2026-salerno\/#primaryimage"},"thumbnailUrl":"https:\/\/www.e20srl.com\/wp-content\/uploads\/2026\/02\/2026-Andi-Salerno-8giornate.jpg","datePublished":"2026-02-24T13:12:35+00:00","dateModified":"2026-04-30T10:11:14+00:00","breadcrumb":{"@id":"https:\/\/www.e20srl.com\/en\/prodotti\/continuing-education-2026-salerno\/#breadcrumb"},"inLanguage":"en-US","potentialAction":[{"@type":"ReadAction","target":["https:\/\/www.e20srl.com\/en\/prodotti\/continuing-education-2026-salerno\/"]}]},{"@type":"ImageObject","inLanguage":"en-US","@id":"https:\/\/www.e20srl.com\/en\/prodotti\/continuing-education-2026-salerno\/#primaryimage","url":"https:\/\/www.e20srl.com\/wp-content\/uploads\/2026\/02\/2026-Andi-Salerno-8giornate.jpg","contentUrl":"https:\/\/www.e20srl.com\/wp-content\/uploads\/2026\/02\/2026-Andi-Salerno-8giornate.jpg","width":1200,"height":1200,"caption":"2026-Andi-Salerno-8giornate"},{"@type":"BreadcrumbList","@id":"https:\/\/www.e20srl.com\/en\/prodotti\/continuing-education-2026-salerno\/#breadcrumb","itemListElement":[{"@type":"ListItem","position":1,"name":"Home","item":"https:\/\/www.e20srl.com\/en\/"},{"@type":"ListItem","position":2,"name":"Shop","item":"https:\/\/www.e20srl.com\/en\/shop-2\/"},{"@type":"ListItem","position":3,"name":"Continuing education 2026 &#8211; Salerno"}]},{"@type":"WebSite","@id":"https:\/\/www.e20srl.com\/en\/#website","url":"https:\/\/www.e20srl.com\/en\/","name":"e20","description":"Congressi e Corsi in presenza, FAD, webinar di Eccellenza per Odontoiatra, Igienista dentale, ASO","publisher":{"@id":"https:\/\/www.e20srl.com\/en\/#organization"},"potentialAction":[{"@type":"SearchAction","target":{"@type":"EntryPoint","urlTemplate":"https:\/\/www.e20srl.com\/en\/?s={search_term_string}"},"query-input":{"@type":"PropertyValueSpecification","valueRequired":true,"valueName":"search_term_string"}}],"inLanguage":"en-US"},{"@type":"Organization","@id":"https:\/\/www.e20srl.com\/en\/#organization","name":"e20 s.r.l.","url":"https:\/\/www.e20srl.com\/en\/","logo":{"@type":"ImageObject","inLanguage":"en-US","@id":"https:\/\/www.e20srl.com\/en\/#\/schema\/logo\/image\/","url":"https:\/\/www.e20srl.com\/wp-content\/uploads\/2022\/10\/e20-icona.png","contentUrl":"https:\/\/www.e20srl.com\/wp-content\/uploads\/2022\/10\/e20-icona.png","width":512,"height":512,"caption":"e20 s.r.l."},"image":{"@id":"https:\/\/www.e20srl.com\/en\/#\/schema\/logo\/image\/"},"sameAs":["https:\/\/www.facebook.com\/e20srl","https:\/\/www.instagram.com\/e20.srl\/","https:\/\/www.youtube.com\/channel\/UCFK9MwMuURf-lxw-ca0PNHw","https:\/\/www.linkedin.com\/company\/e20-srl\/about\/"]}]}},"_links":{"self":[{"href":"https:\/\/www.e20srl.com\/en\/wp-json\/wp\/v2\/product\/36321","targetHints":{"allow":["GET"]}}],"collection":[{"href":"https:\/\/www.e20srl.com\/en\/wp-json\/wp\/v2\/product"}],"about":[{"href":"https:\/\/www.e20srl.com\/en\/wp-json\/wp\/v2\/types\/product"}],"wp:featuredmedia":[{"embeddable":true,"href":"https:\/\/www.e20srl.com\/en\/wp-json\/wp\/v2\/media\/36322"}],"wp:attachment":[{"href":"https:\/\/www.e20srl.com\/en\/wp-json\/wp\/v2\/media?parent=36321"}],"wp:term":[{"taxonomy":"product_brand","embeddable":true,"href":"https:\/\/www.e20srl.com\/en\/wp-json\/wp\/v2\/product_brand?post=36321"},{"taxonomy":"product_cat","embeddable":true,"href":"https:\/\/www.e20srl.com\/en\/wp-json\/wp\/v2\/product_cat?post=36321"},{"taxonomy":"product_tag","embeddable":true,"href":"https:\/\/www.e20srl.com\/en\/wp-json\/wp\/v2\/product_tag?post=36321"}],"curies":[{"name":"wp","href":"https:\/\/api.w.org\/{rel}","templated":true}]}}