{"id":37661,"date":"2026-05-05T17:14:04","date_gmt":"2026-05-05T15:14:04","guid":{"rendered":"https:\/\/www.e20srl.com\/?post_type=product&#038;p=37661"},"modified":"2026-05-06T09:01:11","modified_gmt":"2026-05-06T07:01:11","slug":"corso-di-endodonzia-primavera-2027-shapeit-endo","status":"publish","type":"product","link":"https:\/\/www.e20srl.com\/en\/prodotti\/corso-di-endodonzia-primavera-2027-shapeit-endo\/","title":{"rendered":"CORSO DI ENDODONZIA &#8211; Primavera 2027 &#8211; ShapeIT ENDO"},"content":{"rendered":"<p><img fetchpriority=\"high\" decoding=\"async\" class=\"alignnone wp-image-37664\" src=\"https:\/\/www.e20srl.com\/wp-content\/uploads\/2026\/05\/2027-ENDO-ORTOGRADA_Pagina_01-1.png\" alt=\"2027-ENDO-ORTOGRADA_Pagina_01\" width=\"600\" height=\"848\" \/><\/p>\n<p>&nbsp;<\/p>\n<h5>IL CORSO<\/h5>\n<p>Un corso completo che affronta l\u2019Endodonzia dalla fase di diagnosi alla ricostruzione dell\u2019elemento trattato con lo scopo di aiutarti a superare tutte le tue difficolt\u00e0. Un approccio moderno, con oltre il 50% della didattica riservato alla parte pratica, ottimizzato per offrirti protocolli e procedure standardizzate da applicare subito e renderti semplice l\u2019attivit\u00e0 quotidiana. Nessuna complicazione, nessuna perdita di tempo.<\/p>\n<h5><\/h5>\n<h5><span style=\"color: #2e3192;\"><b>Perch\u00e9 Shape IT<\/b><\/span><\/h5>\n<div class=\"elementor-element elementor-element-42c82f4 elementor-widget__width-initial elementor-widget elementor-widget-text-editor\" data-id=\"42c82f4\" data-element_type=\"widget\" data-widget_type=\"text-editor.default\">\n<div class=\"elementor-widget-container\">\n<p>Se stai cercando un corso che ti metta in grado di lavorare e che ti garantisca quella sicurezza utile per prendere le giuste decisioni di fronte al paziente, questo corso fa per te. Unico corso con 5 relatori che potranno seguirti passo passo durante la parte pratica. Durante il corso imparerai ad usare diverse sistematiche di diverse aziende cos\u00ec da poter utilizzare in modo congruo qualsiasi strumento troverai nel cassetto dello studio nel quale lavori.<\/p>\n<p><img decoding=\"async\" class=\"alignnone wp-image-37666\" src=\"https:\/\/www.e20srl.com\/wp-content\/uploads\/2026\/05\/2027-ENDO-ORTOGRADA_Pagina_03.png\" alt=\"2027-ENDO-ORTOGRADA_Pagina_03\" width=\"600\" height=\"848\" \/><\/p>\n<p>&nbsp;<\/p>\n<p><strong style=\"color: #2e3192; font-family: Spartan, sans-serif; font-size: 18px;\">PROGRAMMA DEL CORSO<br \/>\n<\/strong>PRATICA \u2013 HANDS ON<\/p>\n<\/div>\n<\/div>\n<div class=\"elementor-element elementor-element-b273f39 elementor-widget__width-initial elementor-widget elementor-widget-text-editor\" data-id=\"b273f39\" data-element_type=\"widget\" data-widget_type=\"text-editor.default\">\n<div class=\"elementor-widget-container\">\n<h5><strong style=\"color: #2e3192; font-family: Spartan, sans-serif; font-size: 18px;\">PRIMO WEEK END &#8211; <span style=\"color: #000000;\">19-20 marzo<\/span><\/strong> 2027<\/h5>\n<ul>\n<li><span style=\"color: #000000;\">La diagnosi endodontica <\/span><\/li>\n<li><span style=\"color: #000000;\">La prognosi dell\u2019elemento dentario compromesso<\/span><\/li>\n<li><span style=\"color: #000000;\">Isolamento del campo operatorio<\/span><\/li>\n<li><span style=\"color: #000000;\">Documentare un caso endodontico<\/span><\/li>\n<li><span style=\"color: #000000;\">L\u2019accesso cavitario: apertura della camera pulpare<\/span><\/li>\n<\/ul>\n<div><\/div>\n<\/div>\n<\/div>\n<div class=\"elementor-element elementor-element-42c82f4 elementor-widget__width-initial elementor-widget elementor-widget-text-editor\" data-id=\"42c82f4\" data-element_type=\"widget\" data-widget_type=\"text-editor.default\">\n<div class=\"elementor-widget-container\">\n<h5><\/h5>\n<h5><span style=\"color: #2e3192;\"><strong>SECONDO WEEK END &#8211; <span style=\"color: #000000;\">22-23-24 aprile 2027<\/span><\/strong><\/span><\/h5>\n<ul>\n<li><span style=\"color: #000000;\">Analisi e discussione dei casi presentati dai corsisti <\/span><\/li>\n<li><span style=\"color: #000000;\">Lo Scouting manuale<\/span><\/li>\n<li><span style=\"color: #000000;\">Le leghe NiTi e gli strumenti rotanti<\/span><\/li>\n<li><span style=\"color: #000000;\">Il glide path e lo scouting del canale radicolare<\/span><\/li>\n<li><span style=\"color: #000000;\">Detersione in endodonzia. Tecniche e protocolli per migliorarne l\u2019efficacia<\/span><\/li>\n<li><span style=\"color: #000000;\">La sagomatura secondo le diverse sistematiche proposte da varie aziende. Lo scopo \u00e8 capire le caratteristiche e il comportamento di diverse leghe e diverse sequenze per rendere il corsista in grado di utilizzare ogni prodotto sul mercato<\/span><\/li>\n<li><span style=\"color: #000000;\">L\u2019otturazione canalare mediante sistematiche carrier-based<\/span><\/li>\n<li><span style=\"color: #000000;\">L\u2019otturazione canalare mediante cementi bioceramici<\/span><\/li>\n<li><span style=\"color: #000000;\">L\u2019otturazione canalare mediante tecnica dell\u2019onda continua<\/span><\/li>\n<\/ul>\n<div><\/div>\n<div><\/div>\n<h6><\/h6>\n<h6><span style=\"font-size: 14pt;\"><span style=\"color: #2e3192;\"><strong>TERZO WEEK END &#8211; <span style=\"color: #000000;\">14-15 maggio 2027<\/span><\/strong><\/span><\/span><\/h6>\n<ul>\n<li><span style=\"color: #000000;\">Analisi e Discussione dei casi clinici presentati dai corsisti <\/span><\/li>\n<li><span style=\"color: #000000;\">Il restauro post endodontico<\/span><\/li>\n<li><span style=\"color: #000000;\">La gestione dei casi complessi<\/span><\/li>\n<li><span style=\"color: #000000;\">I Riassorbimenti<\/span><\/li>\n<li><span style=\"color: #000000;\">Lo sbiancamento endodontico<\/span><\/li>\n<li><span style=\"color: #000000;\">Il mantenimento della vitalit\u00e0 pulpare<\/span><\/li>\n<li><span style=\"color: #000000;\">Cenni su ritrattamenti endodontici<\/span><\/li>\n<li><span style=\"color: #000000;\">Cenni sull\u2019endodonzia chirurgica<\/span><\/li>\n<\/ul>\n<\/div>\n<\/div>\n<div><\/div>\n<div><\/div>\n<div><img decoding=\"async\" class=\"alignnone wp-image-37668\" src=\"https:\/\/www.e20srl.com\/wp-content\/uploads\/2026\/05\/2027-ENDO-ORTOGRADA_Pagina_04.png\" alt=\"2027-ENDO-ORTOGRADA_Pagina_04\" width=\"600\" height=\"848\" \/><\/div>\n<p>&nbsp;<\/p>\n<div><img loading=\"lazy\" decoding=\"async\" class=\"wp-image-37670 alignnone\" src=\"https:\/\/www.e20srl.com\/wp-content\/uploads\/2026\/05\/2027-ENDO-ORTOGRADA_Pagina_08.png\" alt=\"2027-ENDO-ORTOGRADA_Pagina_08\" width=\"600\" height=\"848\" \/><\/div>\n<p>&nbsp;<\/p>\n<div><img loading=\"lazy\" decoding=\"async\" class=\"wp-image-37672 alignnone\" src=\"https:\/\/www.e20srl.com\/wp-content\/uploads\/2026\/05\/2027-ENDO-ORTOGRADA_Pagina_09.png\" alt=\"2027-ENDO-ORTOGRADA_Pagina_09\" width=\"600\" height=\"848\" \/><\/div>\n<h5><\/h5>\n<div class=\"elementor-element elementor-element-42c82f4 elementor-widget__width-initial elementor-widget elementor-widget-text-editor\" data-id=\"42c82f4\" data-element_type=\"widget\" data-widget_type=\"text-editor.default\">\n<div class=\"elementor-widget-container\">\n<p>&nbsp;<\/p>\n<\/div>\n<\/div>\n<h5 style=\"color: #2e3192;\"><strong>DESTINATARI DEL CORSO<\/strong><\/h5>\n<p>Figure professionali accreditate: <strong>Odontoiatri<\/strong><\/p>\n<h5><\/h5>\n<p>&nbsp;<\/p>\n<h5 style=\"color: #2e3192;\"><strong>MODALIT\u00c0 DI SVOLGIMENTO<\/strong><\/h5>\n<p>Le attivit\u00e0 si svolgeranno\u00a0<strong>in presenza <\/strong>nelle giornate:<\/p>\n<ul>\n<li><strong>19 e 20 Marzo 2027<\/strong><\/li>\n<li><strong>22, 23 e 24 Aprile 2027<\/strong><\/li>\n<li><strong>14 e 15 Maggio 2027<\/strong><\/li>\n<\/ul>\n<table style=\"border-collapse: collapse; width: 99.9203%; height: 103px;\">\n<tbody>\n<tr style=\"background-color: #cfebfe;\">\n<td style=\"width: 100%; text-align: left;\">Per coloro che hanno scelto il pagamento tramite bonifico bancario, si informa che essendo un corso pratico con posti limitati, l\u2019iscrizione sar\u00e0 considerata valida se seguita entro 5gg. dalla prenotazione, dalla contabile del pagamento. Diversamente, la prenotazione sar\u00e0 automaticamente cancellata.<\/td>\n<\/tr>\n<\/tbody>\n<\/table>\n<p>&nbsp;<\/p>\n<h5 style=\"color: #2e3192;\"><strong>POLICY DI CANCELLAZIONE<\/strong><\/h5>\n<p class=\"column\">In caso di mancata partecipazione verr\u00e0 effettuato un rimborso al netto dei diritti di Segreteria (50% della quota di iscrizione iva compresa) solo se la disdetta scritta sar\u00e0 pervenuta alla Segreteria entro e non oltre 15 giorni lavorativi prima dallo svolgimento dell\u2019evento per comprovati motivi. Le iscrizioni saranno ritenute valide solo se accompagnate dalla quota di iscrizione o dalla ricevuta del bonifico.<\/p>\n<p>&nbsp;<\/p>\n<h5 style=\"color: #2e3192;\"><strong><strong>LOCATION<\/strong><\/strong><\/h5>\n<p class=\"wpb_wrapper\">Il corso si svolger\u00e0 presso <span style=\"color: #2e3192;\"><strong><a href=\"https:\/\/maps.app.goo.gl\/PTXd4vR5Tr7tBhgx9\" target=\"_blank\" rel=\"noopener\">Mikros (centro corsi Leica), Viale Edison 621 &#8211; 20099 Sesto San Giovanni (MI)<\/a><br \/>\n<\/strong><\/span><\/p>\n<p><img loading=\"lazy\" decoding=\"async\" class=\"alignnone size-full wp-image-22083\" src=\"https:\/\/www.e20srl.com\/wp-content\/uploads\/2023\/10\/download.jpg\" alt=\"Mikros (centro corsi Leica)\" width=\"298\" height=\"169\" \/><\/p>\n<div class=\"mappa-responsive\"><iframe style=\"border: 0;\" src=\"https:\/\/www.google.com\/maps\/embed?pb=!1m14!1m8!1m3!1d11179.043574495792!2d9.250219!3d45.535017!3m2!1i1024!2i768!4f13.1!3m3!1m2!1s0x4786b91d3e60d40f%3A0x6505a68bf1f5edbe!2sMikros%20Srl!5e0!3m2!1sit!2sit!4v1696852234201!5m2!1sit!2sit\" width=\"600\" height=\"450\" allowfullscreen=\"allowfullscreen\"><\/iframe><\/div>\n<p>&nbsp;<\/p>\n<p>&nbsp;<\/p>\n","protected":false},"excerpt":{"rendered":"<h5>50 CREDITI ECM<\/h5>\n<h5><span style=\"color: #333399;\">Quota di iscrizione:<br \/>\n\u20ac3150 + iva entro il 17 Ottobre 2026<br \/>\n<\/span><span style=\"color: #333399;\">\u20ac3500 + iva entro il 17 Gennaio 2027<br \/>\n\u20ac4200 + iva oltre il 17 Gennaio 2027<br \/>\n<\/span><\/h5>\n<h5>Per iscrizioni multiple \u00e8 previsto una riduzione sul costo in vigore del 5% se si \u00e8 in 2 e del 10% se si \u00e8 in tre.<\/h5>\n<p><a href=\"https:\/\/www.e20srl.com\/area-privata\/index.php?id=2632&amp;iscrizione=1\" target=\"_blank\" rel=\"noopener\"><img loading=\"lazy\" decoding=\"async\" class=\"alignnone size-full wp-image-21527\" src=\"https:\/\/www.e20srl.com\/wp-content\/uploads\/2023\/10\/pulsante-per-partecipare-3.png\" alt=\"Clicca qui per partecipare\" width=\"395\" height=\"72\" \/><\/a><\/p>\n","protected":false},"featured_media":37662,"menu_order":112,"template":"","meta":{"_monsterinsights_skip_tracking":false,"_monsterinsights_sitenote_active":false,"_monsterinsights_sitenote_note":"","_monsterinsights_sitenote_category":0},"product_brand":[],"product_cat":[609,604],"product_tag":[654],"class_list":{"0":"post-37661","1":"product","2":"type-product","3":"status-publish","4":"has-post-thumbnail","6":"product_cat-corsi","7":"product_cat-odontoiatri","8":"product_tag-corsi","10":"first","11":"instock","12":"shipping-taxable","13":"product-type-simple"},"yoast_head":"<!-- This site is optimized with the Yoast SEO plugin v27.5 - https:\/\/yoast.com\/product\/yoast-seo-wordpress\/ -->\n<title>CORSO DI ENDODONZIA - Primavera 2027 - ShapeIT ENDO | e20<\/title>\n<meta name=\"description\" content=\"HANDS ON: SESSIONE PRATICHE PER IL 50% DELLA DIDATTICA. Un corso in cui il corsista avr\u00e0 la possibilit\u00e0 di esercitarsi su tutte le situazioni cliniche.\" \/>\n<meta name=\"robots\" content=\"index, follow, max-snippet:-1, max-image-preview:large, max-video-preview:-1\" \/>\n<link rel=\"canonical\" href=\"https:\/\/www.e20srl.com\/en\/prodotti\/corso-di-endodonzia-primavera-2027-shapeit-endo\/\" \/>\n<meta property=\"og:locale\" content=\"en_US\" \/>\n<meta property=\"og:type\" content=\"article\" \/>\n<meta property=\"og:title\" content=\"CORSO DI ENDODONZIA - Primavera 2027 - ShapeIT ENDO | e20\" \/>\n<meta property=\"og:description\" content=\"HANDS ON: SESSIONE PRATICHE PER IL 50% DELLA DIDATTICA. Un corso in cui il corsista avr\u00e0 la possibilit\u00e0 di esercitarsi su tutte le situazioni cliniche.\" \/>\n<meta property=\"og:url\" content=\"https:\/\/www.e20srl.com\/en\/prodotti\/corso-di-endodonzia-primavera-2027-shapeit-endo\/\" \/>\n<meta property=\"og:site_name\" content=\"e20\" \/>\n<meta property=\"article:publisher\" content=\"https:\/\/www.facebook.com\/e20srl\" \/>\n<meta property=\"article:modified_time\" content=\"2026-05-06T07:01:11+00:00\" \/>\n<meta property=\"og:image\" content=\"https:\/\/www.e20srl.com\/wp-content\/uploads\/2026\/05\/2027-ENDO-ORTOGRADA_Pagina_01.png\" \/>\n\t<meta property=\"og:image:width\" content=\"1655\" \/>\n\t<meta property=\"og:image:height\" content=\"2340\" \/>\n\t<meta property=\"og:image:type\" content=\"image\/png\" \/>\n<meta name=\"twitter:card\" content=\"summary_large_image\" \/>\n<meta name=\"twitter:label1\" content=\"Est. reading time\" \/>\n\t<meta name=\"twitter:data1\" content=\"4 minutes\" \/>\n<script type=\"application\/ld+json\" class=\"yoast-schema-graph\">{\"@context\":\"https:\\\/\\\/schema.org\",\"@graph\":[{\"@type\":\"WebPage\",\"@id\":\"https:\\\/\\\/www.e20srl.com\\\/en\\\/prodotti\\\/corso-di-endodonzia-primavera-2027-shapeit-endo\\\/\",\"url\":\"https:\\\/\\\/www.e20srl.com\\\/en\\\/prodotti\\\/corso-di-endodonzia-primavera-2027-shapeit-endo\\\/\",\"name\":\"CORSO DI ENDODONZIA - Primavera 2027 - ShapeIT ENDO | e20\",\"isPartOf\":{\"@id\":\"https:\\\/\\\/www.e20srl.com\\\/en\\\/#website\"},\"primaryImageOfPage\":{\"@id\":\"https:\\\/\\\/www.e20srl.com\\\/en\\\/prodotti\\\/corso-di-endodonzia-primavera-2027-shapeit-endo\\\/#primaryimage\"},\"image\":{\"@id\":\"https:\\\/\\\/www.e20srl.com\\\/en\\\/prodotti\\\/corso-di-endodonzia-primavera-2027-shapeit-endo\\\/#primaryimage\"},\"thumbnailUrl\":\"https:\\\/\\\/www.e20srl.com\\\/wp-content\\\/uploads\\\/2026\\\/05\\\/2027-ENDO-ORTOGRADA_Pagina_01.png\",\"datePublished\":\"2026-05-05T15:14:04+00:00\",\"dateModified\":\"2026-05-06T07:01:11+00:00\",\"description\":\"HANDS ON: SESSIONE PRATICHE PER IL 50% DELLA DIDATTICA. Un corso in cui il corsista avr\u00e0 la possibilit\u00e0 di esercitarsi su tutte le situazioni cliniche.\",\"breadcrumb\":{\"@id\":\"https:\\\/\\\/www.e20srl.com\\\/en\\\/prodotti\\\/corso-di-endodonzia-primavera-2027-shapeit-endo\\\/#breadcrumb\"},\"inLanguage\":\"en-US\",\"potentialAction\":[{\"@type\":\"ReadAction\",\"target\":[\"https:\\\/\\\/www.e20srl.com\\\/en\\\/prodotti\\\/corso-di-endodonzia-primavera-2027-shapeit-endo\\\/\"]}]},{\"@type\":\"ImageObject\",\"inLanguage\":\"en-US\",\"@id\":\"https:\\\/\\\/www.e20srl.com\\\/en\\\/prodotti\\\/corso-di-endodonzia-primavera-2027-shapeit-endo\\\/#primaryimage\",\"url\":\"https:\\\/\\\/www.e20srl.com\\\/wp-content\\\/uploads\\\/2026\\\/05\\\/2027-ENDO-ORTOGRADA_Pagina_01.png\",\"contentUrl\":\"https:\\\/\\\/www.e20srl.com\\\/wp-content\\\/uploads\\\/2026\\\/05\\\/2027-ENDO-ORTOGRADA_Pagina_01.png\",\"width\":1655,\"height\":2340,\"caption\":\"2027 ENDO ORTOGRADA\"},{\"@type\":\"BreadcrumbList\",\"@id\":\"https:\\\/\\\/www.e20srl.com\\\/en\\\/prodotti\\\/corso-di-endodonzia-primavera-2027-shapeit-endo\\\/#breadcrumb\",\"itemListElement\":[{\"@type\":\"ListItem\",\"position\":1,\"name\":\"Home\",\"item\":\"https:\\\/\\\/www.e20srl.com\\\/en\\\/\"},{\"@type\":\"ListItem\",\"position\":2,\"name\":\"Shop\",\"item\":\"https:\\\/\\\/www.e20srl.com\\\/en\\\/shop-2\\\/\"},{\"@type\":\"ListItem\",\"position\":3,\"name\":\"CORSO DI ENDODONZIA &#8211; Primavera 2027 &#8211; ShapeIT ENDO\"}]},{\"@type\":\"WebSite\",\"@id\":\"https:\\\/\\\/www.e20srl.com\\\/en\\\/#website\",\"url\":\"https:\\\/\\\/www.e20srl.com\\\/en\\\/\",\"name\":\"e20\",\"description\":\"Congressi e Corsi in presenza, FAD, webinar di Eccellenza per Odontoiatra, Igienista dentale, ASO\",\"publisher\":{\"@id\":\"https:\\\/\\\/www.e20srl.com\\\/en\\\/#organization\"},\"potentialAction\":[{\"@type\":\"SearchAction\",\"target\":{\"@type\":\"EntryPoint\",\"urlTemplate\":\"https:\\\/\\\/www.e20srl.com\\\/en\\\/?s={search_term_string}\"},\"query-input\":{\"@type\":\"PropertyValueSpecification\",\"valueRequired\":true,\"valueName\":\"search_term_string\"}}],\"inLanguage\":\"en-US\"},{\"@type\":\"Organization\",\"@id\":\"https:\\\/\\\/www.e20srl.com\\\/en\\\/#organization\",\"name\":\"e20 s.r.l.\",\"url\":\"https:\\\/\\\/www.e20srl.com\\\/en\\\/\",\"logo\":{\"@type\":\"ImageObject\",\"inLanguage\":\"en-US\",\"@id\":\"https:\\\/\\\/www.e20srl.com\\\/en\\\/#\\\/schema\\\/logo\\\/image\\\/\",\"url\":\"https:\\\/\\\/www.e20srl.com\\\/wp-content\\\/uploads\\\/2022\\\/10\\\/e20-icona.png\",\"contentUrl\":\"https:\\\/\\\/www.e20srl.com\\\/wp-content\\\/uploads\\\/2022\\\/10\\\/e20-icona.png\",\"width\":512,\"height\":512,\"caption\":\"e20 s.r.l.\"},\"image\":{\"@id\":\"https:\\\/\\\/www.e20srl.com\\\/en\\\/#\\\/schema\\\/logo\\\/image\\\/\"},\"sameAs\":[\"https:\\\/\\\/www.facebook.com\\\/e20srl\",\"https:\\\/\\\/www.instagram.com\\\/e20.srl\\\/\",\"https:\\\/\\\/www.youtube.com\\\/channel\\\/UCFK9MwMuURf-lxw-ca0PNHw\",\"https:\\\/\\\/www.linkedin.com\\\/company\\\/e20-srl\\\/about\\\/\"]}]}<\/script>\n<!-- \/ Yoast SEO plugin. -->","yoast_head_json":{"title":"CORSO DI ENDODONZIA - Primavera 2027 - ShapeIT ENDO | e20","description":"HANDS ON: SESSIONE PRATICHE PER IL 50% DELLA DIDATTICA. Un corso in cui il corsista avr\u00e0 la possibilit\u00e0 di esercitarsi su tutte le situazioni cliniche.","robots":{"index":"index","follow":"follow","max-snippet":"max-snippet:-1","max-image-preview":"max-image-preview:large","max-video-preview":"max-video-preview:-1"},"canonical":"https:\/\/www.e20srl.com\/en\/prodotti\/corso-di-endodonzia-primavera-2027-shapeit-endo\/","og_locale":"en_US","og_type":"article","og_title":"CORSO DI ENDODONZIA - Primavera 2027 - ShapeIT ENDO | e20","og_description":"HANDS ON: SESSIONE PRATICHE PER IL 50% DELLA DIDATTICA. Un corso in cui il corsista avr\u00e0 la possibilit\u00e0 di esercitarsi su tutte le situazioni cliniche.","og_url":"https:\/\/www.e20srl.com\/en\/prodotti\/corso-di-endodonzia-primavera-2027-shapeit-endo\/","og_site_name":"e20","article_publisher":"https:\/\/www.facebook.com\/e20srl","article_modified_time":"2026-05-06T07:01:11+00:00","og_image":[{"width":1655,"height":2340,"url":"https:\/\/www.e20srl.com\/wp-content\/uploads\/2026\/05\/2027-ENDO-ORTOGRADA_Pagina_01.png","type":"image\/png"}],"twitter_card":"summary_large_image","twitter_misc":{"Est. reading time":"4 minutes"},"schema":{"@context":"https:\/\/schema.org","@graph":[{"@type":"WebPage","@id":"https:\/\/www.e20srl.com\/en\/prodotti\/corso-di-endodonzia-primavera-2027-shapeit-endo\/","url":"https:\/\/www.e20srl.com\/en\/prodotti\/corso-di-endodonzia-primavera-2027-shapeit-endo\/","name":"CORSO DI ENDODONZIA - Primavera 2027 - ShapeIT ENDO | e20","isPartOf":{"@id":"https:\/\/www.e20srl.com\/en\/#website"},"primaryImageOfPage":{"@id":"https:\/\/www.e20srl.com\/en\/prodotti\/corso-di-endodonzia-primavera-2027-shapeit-endo\/#primaryimage"},"image":{"@id":"https:\/\/www.e20srl.com\/en\/prodotti\/corso-di-endodonzia-primavera-2027-shapeit-endo\/#primaryimage"},"thumbnailUrl":"https:\/\/www.e20srl.com\/wp-content\/uploads\/2026\/05\/2027-ENDO-ORTOGRADA_Pagina_01.png","datePublished":"2026-05-05T15:14:04+00:00","dateModified":"2026-05-06T07:01:11+00:00","description":"HANDS ON: SESSIONE PRATICHE PER IL 50% DELLA DIDATTICA. Un corso in cui il corsista avr\u00e0 la possibilit\u00e0 di esercitarsi su tutte le situazioni cliniche.","breadcrumb":{"@id":"https:\/\/www.e20srl.com\/en\/prodotti\/corso-di-endodonzia-primavera-2027-shapeit-endo\/#breadcrumb"},"inLanguage":"en-US","potentialAction":[{"@type":"ReadAction","target":["https:\/\/www.e20srl.com\/en\/prodotti\/corso-di-endodonzia-primavera-2027-shapeit-endo\/"]}]},{"@type":"ImageObject","inLanguage":"en-US","@id":"https:\/\/www.e20srl.com\/en\/prodotti\/corso-di-endodonzia-primavera-2027-shapeit-endo\/#primaryimage","url":"https:\/\/www.e20srl.com\/wp-content\/uploads\/2026\/05\/2027-ENDO-ORTOGRADA_Pagina_01.png","contentUrl":"https:\/\/www.e20srl.com\/wp-content\/uploads\/2026\/05\/2027-ENDO-ORTOGRADA_Pagina_01.png","width":1655,"height":2340,"caption":"2027 ENDO ORTOGRADA"},{"@type":"BreadcrumbList","@id":"https:\/\/www.e20srl.com\/en\/prodotti\/corso-di-endodonzia-primavera-2027-shapeit-endo\/#breadcrumb","itemListElement":[{"@type":"ListItem","position":1,"name":"Home","item":"https:\/\/www.e20srl.com\/en\/"},{"@type":"ListItem","position":2,"name":"Shop","item":"https:\/\/www.e20srl.com\/en\/shop-2\/"},{"@type":"ListItem","position":3,"name":"CORSO DI ENDODONZIA &#8211; Primavera 2027 &#8211; ShapeIT ENDO"}]},{"@type":"WebSite","@id":"https:\/\/www.e20srl.com\/en\/#website","url":"https:\/\/www.e20srl.com\/en\/","name":"e20","description":"Congressi e Corsi in presenza, FAD, webinar di Eccellenza per Odontoiatra, Igienista dentale, ASO","publisher":{"@id":"https:\/\/www.e20srl.com\/en\/#organization"},"potentialAction":[{"@type":"SearchAction","target":{"@type":"EntryPoint","urlTemplate":"https:\/\/www.e20srl.com\/en\/?s={search_term_string}"},"query-input":{"@type":"PropertyValueSpecification","valueRequired":true,"valueName":"search_term_string"}}],"inLanguage":"en-US"},{"@type":"Organization","@id":"https:\/\/www.e20srl.com\/en\/#organization","name":"e20 s.r.l.","url":"https:\/\/www.e20srl.com\/en\/","logo":{"@type":"ImageObject","inLanguage":"en-US","@id":"https:\/\/www.e20srl.com\/en\/#\/schema\/logo\/image\/","url":"https:\/\/www.e20srl.com\/wp-content\/uploads\/2022\/10\/e20-icona.png","contentUrl":"https:\/\/www.e20srl.com\/wp-content\/uploads\/2022\/10\/e20-icona.png","width":512,"height":512,"caption":"e20 s.r.l."},"image":{"@id":"https:\/\/www.e20srl.com\/en\/#\/schema\/logo\/image\/"},"sameAs":["https:\/\/www.facebook.com\/e20srl","https:\/\/www.instagram.com\/e20.srl\/","https:\/\/www.youtube.com\/channel\/UCFK9MwMuURf-lxw-ca0PNHw","https:\/\/www.linkedin.com\/company\/e20-srl\/about\/"]}]}},"_links":{"self":[{"href":"https:\/\/www.e20srl.com\/en\/wp-json\/wp\/v2\/product\/37661","targetHints":{"allow":["GET"]}}],"collection":[{"href":"https:\/\/www.e20srl.com\/en\/wp-json\/wp\/v2\/product"}],"about":[{"href":"https:\/\/www.e20srl.com\/en\/wp-json\/wp\/v2\/types\/product"}],"wp:featuredmedia":[{"embeddable":true,"href":"https:\/\/www.e20srl.com\/en\/wp-json\/wp\/v2\/media\/37662"}],"wp:attachment":[{"href":"https:\/\/www.e20srl.com\/en\/wp-json\/wp\/v2\/media?parent=37661"}],"wp:term":[{"taxonomy":"product_brand","embeddable":true,"href":"https:\/\/www.e20srl.com\/en\/wp-json\/wp\/v2\/product_brand?post=37661"},{"taxonomy":"product_cat","embeddable":true,"href":"https:\/\/www.e20srl.com\/en\/wp-json\/wp\/v2\/product_cat?post=37661"},{"taxonomy":"product_tag","embeddable":true,"href":"https:\/\/www.e20srl.com\/en\/wp-json\/wp\/v2\/product_tag?post=37661"}],"curies":[{"name":"wp","href":"https:\/\/api.w.org\/{rel}","templated":true}]}}